{"id":14712,"date":"2019-03-21T13:01:21","date_gmt":"2019-03-21T12:01:21","guid":{"rendered":"https:\/\/www.satt.fr\/?page_id=14712"},"modified":"2022-02-08T16:48:33","modified_gmt":"2022-02-08T15:48:33","slug":"technology-scouting","status":"publish","type":"page","link":"https:\/\/www.satt.fr\/en\/technology-scouting\/","title":{"rendered":"Technology scouting"},"content":{"rendered":"<div id=\"pl-3884\" class=\"panel-layout\">\n<div id=\"pg-3884-0\" class=\"panel-grid panel-has-style\" data-style=\"{&quot;class&quot;:&quot;onBanner&quot;,&quot;background_display&quot;:&quot;tile&quot;,&quot;cell_alignment&quot;:&quot;flex-start&quot;}\">\n<div class=\"onBanner panel-row-style panel-row-style-for-3884-0\">\n<div id=\"pgc-3884-0-0\" class=\"panel-grid-cell\" data-weight=\"1\">\n<div id=\"panel-3884-0-0-0\" class=\"so-panel widget widget_sow-editor panel-first-child panel-last-child\" data-index=\"0\" data-style=\"{&quot;background_display&quot;:&quot;tile&quot;}\">\n<div class=\"so-widget-sow-editor so-widget-sow-editor-base\">\n<div class=\"siteorigin-widget-tinymce textwidget\">\n<p>&nbsp;<\/p>\n<p>&nbsp;<\/p>\n<p>&nbsp;<\/p>\n<p>&nbsp;<\/p>\n<p>&nbsp;<\/p>\n<h2 style=\"text-align: center;\"><span style=\"color: #c9004a; font-size: 18pt;\">Technology scouting service : All the power of the SATT Network at your service\u00a0<\/span><\/h2>\n<p>&nbsp;<\/p>\n<ul style=\"list-style-type: circle;\">\n<li><strong>Express your demand to a single contact.<\/strong>\u00a0On the basis of your specifications, your contact will consult the other SATTs to size the service (pre-evaluate the number of laboratories, technologies, start-ups, segment answers, specify the level of detail expected \u2026), formalize the SATT Network methodological and financial proposal and implement the contract.\u00a0\u00a0<span style=\"color: #c9004a;\">Time : 0-2 months<\/span><\/li>\n<\/ul>\n<p style=\"text-align: center;\"><span style=\"color: #c9004a;\">\u2022\u00a0\u2022\u00a0\u2022\u00a0\u2022\u00a0\u2022\u00a0\u2022<\/span><\/p>\n<ul style=\"list-style-type: circle;\">\n<li><strong>We provides solutions suitable to your needs<\/strong>. All SATTs are mobilized to identify in their portfolio (11600 qualified technologies, 1900 ongoing development projects and 2600 patent families) and within their partner laboratories, all start-ups, technologies and expertise that fit to your needs. Then your point of contact will provide you with a complete and qualified overview of the identified solutions.\u00a0<span style=\"color: #c9004a;\">Time : 2 to 6 months\u00a0<\/span><em>(depending on the scope of the service and the level of detail required)<\/em><\/li>\n<\/ul>\n<p style=\"text-align: center;\"><span style=\"color: #c9004a;\">\u2022\u00a0\u2022\u00a0\u2022\u00a0\u2022\u00a0\u2022\u00a0\u2022<\/span><\/p>\n<ul style=\"list-style-type: circle;\">\n<li><strong>Some solutions catch your attention<\/strong>. Your point of contact will put you in touch with the SATT(s) in charge of these solutions in order for you to access to deeper information to complete your evaluation of the opportunities. This step may require a confidential process.<\/li>\n<\/ul>\n<p style=\"text-align: center;\"><span style=\"color: #c9004a;\">\u2022\u00a0\u2022\u00a0\u2022\u00a0\u2022\u00a0\u2022\u00a0\u2022<\/span><\/p>\n<ul style=\"list-style-type: circle;\">\n<li><strong>You want to implement these solutions<\/strong>. The SATTs in charge will take care of the organization of the collaboration\/co-development, the negociation ofthe license agreements, or they will connect you with the identified start-ups.<\/li>\n<\/ul>\n<p>&nbsp;<\/p>\n<\/div>\n<\/div>\n<\/div>\n<\/div>\n<p>&nbsp;<\/p>\n<div id=\"pgc-3884-0-0\" class=\"panel-grid-cell\" data-weight=\"1\">\n<div id=\"panel-3884-0-0-0\" class=\"so-panel widget widget_sow-editor panel-first-child panel-last-child\" data-index=\"0\" data-style=\"{&quot;background_display&quot;:&quot;tile&quot;}\">\n<div class=\"so-widget-sow-editor so-widget-sow-editor-base\">\n<p>&nbsp;<\/p>\n<\/div>\n<\/div>\n<\/div>\n<p>&nbsp;<\/p>\n<\/div>\n<\/div>\n<\/div>\n<p>&nbsp;<\/p>\n<div id=\"pl-3884\" class=\"panel-layout\">\n<div id=\"pg-3884-0\" class=\"panel-grid panel-has-style\" data-style=\"{&quot;class&quot;:&quot;onBanner&quot;,&quot;background_display&quot;:&quot;tile&quot;,&quot;cell_alignment&quot;:&quot;flex-start&quot;}\">\n<div class=\"onBanner panel-row-style panel-row-style-for-3884-0\">\n<div id=\"pgc-3884-0-0\" class=\"panel-grid-cell\" data-weight=\"1\">\n<div id=\"panel-3884-0-0-0\" class=\"so-panel widget widget_sow-editor panel-first-child panel-last-child\" data-index=\"0\" data-style=\"{&quot;background_display&quot;:&quot;tile&quot;}\">\n<p><img loading=\"lazy\" decoding=\"async\" class=\"aligncenter wp-image-18474 size-full\" src=\"https:\/\/www.satt.fr\/wp-content\/uploads\/2020\/03\/Schema-interlocteur-EN.jpg\" alt=\"\" width=\"5315\" height=\"1772\" srcset=\"https:\/\/www.satt.fr\/wp-content\/uploads\/2020\/03\/Schema-interlocteur-EN.jpg 5315w, https:\/\/www.satt.fr\/wp-content\/uploads\/2020\/03\/Schema-interlocteur-EN-150x50.jpg 150w, https:\/\/www.satt.fr\/wp-content\/uploads\/2020\/03\/Schema-interlocteur-EN-300x100.jpg 300w, https:\/\/www.satt.fr\/wp-content\/uploads\/2020\/03\/Schema-interlocteur-EN-768x256.jpg 768w, https:\/\/www.satt.fr\/wp-content\/uploads\/2020\/03\/Schema-interlocteur-EN-1024x341.jpg 1024w, https:\/\/www.satt.fr\/wp-content\/uploads\/2020\/03\/Schema-interlocteur-EN-500x167.jpg 500w, https:\/\/www.satt.fr\/wp-content\/uploads\/2020\/03\/Schema-interlocteur-EN-600x200.jpg 600w, https:\/\/www.satt.fr\/wp-content\/uploads\/2020\/03\/Schema-interlocteur-EN-200x67.jpg 200w\" sizes=\"auto, (max-width: 5315px) 100vw, 5315px\" \/><\/p>\n<p>&nbsp;<\/p>\n<div class=\"so-widget-sow-editor so-widget-sow-editor-base\">\n<div class=\"siteorigin-widget-tinymce textwidget\">\n<p>&nbsp;<\/p>\n<h2 style=\"text-align: center;\"><span style=\"font-size: 18pt;\"><span style=\"color: #c9004a;\">Why outsourcing its technology scouting to the SATT Network?<\/span><\/span><\/h2>\n<p>&nbsp;<\/p>\n<ul style=\"list-style-type: circle;\">\n<li><strong>Teams of innovation experts<\/strong> close to the research laboratories.<\/li>\n<\/ul>\n<p>&nbsp;<\/p>\n<ul style=\"list-style-type: circle;\">\n<li>Access to <strong>70% of French academic research<\/strong> and its related the start-ups in one operation \u2013 only 10% of the projects are accessible on the different SATT websites of and their partners.<\/li>\n<\/ul>\n<p>&nbsp;<\/p>\n<ul style=\"list-style-type: circle;\">\n<li>A <strong>customized support<\/strong> and pricing set on the basis of your specifications, the size of your company and according to the capacity of the SATT network to bring you solutions.<\/li>\n<\/ul>\n<p>&nbsp;<\/p>\n<ul style=\"list-style-type: circle;\">\n<li>A commitment to results: After a pre-qualification process, we provide a written and oral presentation of the identified projects and expertises. We categorize them according to their relevance and maturity, then you can discuss directly with the persons in charge of the projects you will select.<\/li>\n<\/ul>\n<p>&nbsp;<\/p>\n<ul style=\"list-style-type: circle;\">\n<li><strong>Saves time<\/strong><\/li>\n<\/ul>\n<p><img loading=\"lazy\" decoding=\"async\" class=\"aligncenter wp-image-14956 size-full\" src=\"https:\/\/www.satt.fr\/wp-content\/uploads\/2019\/06\/Schema-icerberg-EN.jpg\" alt=\"\" width=\"2362\" height=\"827\" srcset=\"https:\/\/www.satt.fr\/wp-content\/uploads\/2019\/06\/Schema-icerberg-EN.jpg 2362w, https:\/\/www.satt.fr\/wp-content\/uploads\/2019\/06\/Schema-icerberg-EN-150x53.jpg 150w, https:\/\/www.satt.fr\/wp-content\/uploads\/2019\/06\/Schema-icerberg-EN-300x105.jpg 300w, https:\/\/www.satt.fr\/wp-content\/uploads\/2019\/06\/Schema-icerberg-EN-768x269.jpg 768w, https:\/\/www.satt.fr\/wp-content\/uploads\/2019\/06\/Schema-icerberg-EN-1024x359.jpg 1024w, https:\/\/www.satt.fr\/wp-content\/uploads\/2019\/06\/Schema-icerberg-EN-500x175.jpg 500w, https:\/\/www.satt.fr\/wp-content\/uploads\/2019\/06\/Schema-icerberg-EN-600x210.jpg 600w, https:\/\/www.satt.fr\/wp-content\/uploads\/2019\/06\/Schema-icerberg-EN-200x70.jpg 200w\" sizes=\"auto, (max-width: 2362px) 100vw, 2362px\" \/><\/p>\n<p>&nbsp;<\/p>\n<h2 style=\"text-align: center;\"><span style=\"font-size: 18pt;\"><span style=\"color: #c9004a;\">Vid\u00e9o presentation<\/span><\/span><\/h2>\n<p style=\"text-align: center;\">\u00a0<\/p>\n<p>&nbsp;<\/p>\n<\/div>\n<p>&nbsp;<\/p>\n<div class=\"siteorigin-widget-tinymce textwidget\">\n<h2 style=\"text-align: center;\"><span style=\"font-size: 18pt;\"><span style=\"color: #c9004a;\">Testimonials<\/span><\/span><\/h2>\n<p>&nbsp;<\/p>\n<p><em><a href=\"https:\/\/www.spiebatignolles.fr\/\"><img loading=\"lazy\" decoding=\"async\" class=\"alignleft wp-image-13634\" src=\"https:\/\/www.satt.fr\/wp-content\/uploads\/2019\/03\/SPIE-BATIGNOLLES-300x134.jpg\" alt=\"\" width=\"250\" height=\"111\" srcset=\"https:\/\/www.satt.fr\/wp-content\/uploads\/2019\/03\/SPIE-BATIGNOLLES-300x134.jpg 300w, https:\/\/www.satt.fr\/wp-content\/uploads\/2019\/03\/SPIE-BATIGNOLLES-150x67.jpg 150w, https:\/\/www.satt.fr\/wp-content\/uploads\/2019\/03\/SPIE-BATIGNOLLES-768x342.jpg 768w, https:\/\/www.satt.fr\/wp-content\/uploads\/2019\/03\/SPIE-BATIGNOLLES-500x223.jpg 500w, https:\/\/www.satt.fr\/wp-content\/uploads\/2019\/03\/SPIE-BATIGNOLLES-600x267.jpg 600w, https:\/\/www.satt.fr\/wp-content\/uploads\/2019\/03\/SPIE-BATIGNOLLES-200x89.jpg 200w, https:\/\/www.satt.fr\/wp-content\/uploads\/2019\/03\/SPIE-BATIGNOLLES.jpg 800w\" sizes=\"auto, (max-width: 250px) 100vw, 250px\" \/><\/a><strong>Angela SULPIZIO, CSR Group Manager<\/strong><\/em><\/p>\n<p>The technology scouting operation with the SATT network was initiated in consultation with Bpifrance. This collaboration has given us full satisfaction! Indeed, this represents more than 50 technologies identified of which 14 were the subject of a detailed presentation. The successful exchanges with the different SATTs also stimulated the innovation of the different SPIE Batignolles units!<\/p>\n<p>&nbsp;<\/p>\n<\/div>\n<p><em><strong><img loading=\"lazy\" decoding=\"async\" class=\"alignleft wp-image-29514\" src=\"https:\/\/www.satt.fr\/wp-content\/uploads\/2022\/02\/Servier-1.png\" alt=\"\" width=\"250\" height=\"85\" srcset=\"https:\/\/www.satt.fr\/wp-content\/uploads\/2022\/02\/Servier-1.png 500w, https:\/\/www.satt.fr\/wp-content\/uploads\/2022\/02\/Servier-1-300x103.png 300w, https:\/\/www.satt.fr\/wp-content\/uploads\/2022\/02\/Servier-1-150x51.png 150w, https:\/\/www.satt.fr\/wp-content\/uploads\/2022\/02\/Servier-1-200x68.png 200w\" sizes=\"auto, (max-width: 250px) 100vw, 250px\" \/>Isabelle DUPIN-ROGER, External Innovation Director, Neurology\u00a0and\u00a0Immuno-Inflammation<\/strong><\/em><\/p>\n<p>The scouting service allows us to identify projects that we would not have been able to identify otherwise. The objective is to feed our pipeline of innovative therapeutic projects and interact with the research teams and deeptech start-ups in charge of these projects. The trusting relationships we have established with the SATT Network and SATT Paris-Saclay allow us to envisage a fruitful partnership in the longer term.<\/p>\n<p>&nbsp;<\/p>\n<\/div>\n<\/div>\n<p><em><strong><img loading=\"lazy\" decoding=\"async\" class=\"alignleft wp-image-29512\" src=\"https:\/\/www.satt.fr\/wp-content\/uploads\/2022\/02\/logo-BASF.jpg\" alt=\"\" width=\"250\" height=\"122\" srcset=\"https:\/\/www.satt.fr\/wp-content\/uploads\/2022\/02\/logo-BASF.jpg 860w, https:\/\/www.satt.fr\/wp-content\/uploads\/2022\/02\/logo-BASF-300x147.jpg 300w, https:\/\/www.satt.fr\/wp-content\/uploads\/2022\/02\/logo-BASF-150x73.jpg 150w, https:\/\/www.satt.fr\/wp-content\/uploads\/2022\/02\/logo-BASF-768x375.jpg 768w, https:\/\/www.satt.fr\/wp-content\/uploads\/2022\/02\/logo-BASF-500x244.jpg 500w, https:\/\/www.satt.fr\/wp-content\/uploads\/2022\/02\/logo-BASF-600x293.jpg 600w, https:\/\/www.satt.fr\/wp-content\/uploads\/2022\/02\/logo-BASF-200x98.jpg 200w\" sizes=\"auto, (max-width: 250px) 100vw, 250px\" \/>Nicolas KERFANT, Managing Director of BASF France &#8211; Agro division<\/strong><\/em><\/p>\n<p>The new dynamics of French research in biocontrol represent an opportunity for BASF to identify new generation of biocontrol solutions. We wish to collaborate with public and private research actors on projects that correspond to the expectations of farmers and society. Our partnership with the SATT Network should help us to quickly identify new technologies and solutions for agriculture, particularly in relation to biocontrol.<\/p>\n<div id=\"panel-3884-0-0-0\" class=\"so-panel widget widget_sow-editor panel-first-child panel-last-child\" data-index=\"0\" data-style=\"{&quot;background_display&quot;:&quot;tile&quot;}\">\n<div class=\"so-widget-sow-editor so-widget-sow-editor-base\">\n<div class=\"siteorigin-widget-tinymce textwidget\">\n<p>&nbsp;<\/p>\n<p style=\"text-align: center;\"><span style=\"color: #c9004a; font-size: 24pt;\">Contact us !<\/span><\/p>\n\n<div class=\"wpcf7 no-js\" id=\"wpcf7-f14721-o1\" lang=\"fr-FR\" dir=\"ltr\" data-wpcf7-id=\"14721\">\n<div class=\"screen-reader-response\"><p role=\"status\" aria-live=\"polite\" aria-atomic=\"true\"><\/p> <ul><\/ul><\/div>\n<form action=\"\/en\/wp-json\/wp\/v2\/pages\/14712#wpcf7-f14721-o1\" method=\"post\" class=\"wpcf7-form init\" aria-label=\"Formulaire de contact\" novalidate=\"novalidate\" data-status=\"init\">\n<fieldset class=\"hidden-fields-container\"><input type=\"hidden\" name=\"_wpcf7\" value=\"14721\" \/><input type=\"hidden\" name=\"_wpcf7_version\" value=\"6.1.5\" \/><input type=\"hidden\" name=\"_wpcf7_locale\" value=\"fr_FR\" \/><input type=\"hidden\" name=\"_wpcf7_unit_tag\" value=\"wpcf7-f14721-o1\" \/><input type=\"hidden\" name=\"_wpcf7_container_post\" value=\"0\" \/><input type=\"hidden\" name=\"_wpcf7_posted_data_hash\" value=\"\" \/>\n<\/fieldset>\n<p><span class=\"wpcf7-form-control-wrap\" data-name=\"Votrenom\"><input size=\"40\" maxlength=\"400\" class=\"wpcf7-form-control wpcf7-text wpcf7-validates-as-required\" aria-required=\"true\" aria-invalid=\"false\" placeholder=\"Name (mandatory field)\" value=\"\" type=\"text\" name=\"Votrenom\" \/><\/span>\n<\/p>\n<p><span class=\"wpcf7-form-control-wrap\" data-name=\"Votreemail\"><input size=\"40\" maxlength=\"400\" class=\"wpcf7-form-control wpcf7-text wpcf7-validates-as-required\" aria-required=\"true\" aria-invalid=\"false\" placeholder=\"Email address (mandatory field)\" value=\"\" type=\"text\" name=\"Votreemail\" \/><\/span>\n<\/p>\n<p><span class=\"wpcf7-form-control-wrap\" data-name=\"Votreville\"><input size=\"40\" maxlength=\"400\" class=\"wpcf7-form-control wpcf7-text wpcf7-validates-as-required\" aria-required=\"true\" aria-invalid=\"false\" placeholder=\"City (mandatory field)\" value=\"\" type=\"text\" name=\"Votreville\" \/><\/span>\n<\/p>\n<p><span class=\"wpcf7-form-control-wrap\" data-name=\"Objet\"><input size=\"40\" maxlength=\"400\" class=\"wpcf7-form-control wpcf7-text wpcf7-validates-as-required\" aria-required=\"true\" aria-invalid=\"false\" placeholder=\"Technology scouting demand\" value=\"\" type=\"text\" name=\"Objet\" \/><\/span>\n<\/p>\n<p><span class=\"wpcf7-form-control-wrap\" data-name=\"Votremessage\"><textarea cols=\"40\" rows=\"10\" maxlength=\"2000\" class=\"wpcf7-form-control wpcf7-textarea wpcf7-validates-as-required\" aria-required=\"true\" aria-invalid=\"false\" placeholder=\"Message\" name=\"Votremessage\"><\/textarea><\/span>\n<\/p>\n<p>[cf7-simple-turnstile]\n<\/p>\n<p><input class=\"wpcf7-form-control wpcf7-submit has-spinner\" type=\"submit\" value=\"Send\" \/>\n<\/p><div class=\"wpcf7-response-output\" aria-hidden=\"true\"><\/div>\n<\/form>\n<\/div>\n\n<\/div>\n<\/div>\n<\/div>\n<\/div>\n<\/div>\n<\/div>\n<\/div>\n","protected":false},"excerpt":{"rendered":"<p>&nbsp; &nbsp; &nbsp; &nbsp; &nbsp; Technology scouting service : All the power of the SATT Network at your service\u00a0 &nbsp; Express your demand to a single contact.\u00a0On the basis of your specifications, your contact will consult the other SATTs to size the service (pre-evaluate the number of laboratories, technologies, start-ups, segment answers, specify the level [&hellip;]<\/p>\n","protected":false},"author":2,"featured_media":24707,"parent":0,"menu_order":0,"comment_status":"closed","ping_status":"closed","template":"","meta":{"_acf_changed":false,"footnotes":""},"class_list":["post-14712","page","type-page","status-publish","has-post-thumbnail","hentry"],"acf":[],"yoast_head":"<!-- This site is optimized with the Yoast SEO plugin v27.2 - https:\/\/yoast.com\/product\/yoast-seo-wordpress\/ -->\n<title>Technology scouting - R\u00e9seau SATT<\/title>\n<meta name=\"robots\" content=\"index, follow, max-snippet:-1, max-image-preview:large, max-video-preview:-1\" \/>\n<link rel=\"canonical\" href=\"https:\/\/www.satt.fr\/en\/technology-scouting\/\" \/>\n<meta name=\"twitter:label1\" content=\"Est. reading time\" \/>\n\t<meta name=\"twitter:data1\" content=\"5 minutes\" \/>\n<script type=\"application\/ld+json\" class=\"yoast-schema-graph\">{\"@context\":\"https:\/\/schema.org\",\"@graph\":[{\"@type\":\"WebPage\",\"@id\":\"https:\/\/www.satt.fr\/en\/technology-scouting\/\",\"url\":\"https:\/\/www.satt.fr\/en\/technology-scouting\/\",\"name\":\"Technology scouting - R\u00e9seau SATT\",\"isPartOf\":{\"@id\":\"https:\/\/www.satt.fr\/en\/#website\"},\"primaryImageOfPage\":{\"@id\":\"https:\/\/www.satt.fr\/en\/technology-scouting\/#primaryimage\"},\"image\":{\"@id\":\"https:\/\/www.satt.fr\/en\/technology-scouting\/#primaryimage\"},\"thumbnailUrl\":\"https:\/\/www.satt.fr\/wp-content\/uploads\/2021\/04\/Scouting.jpg\",\"datePublished\":\"2019-03-21T12:01:21+00:00\",\"dateModified\":\"2022-02-08T15:48:33+00:00\",\"breadcrumb\":{\"@id\":\"https:\/\/www.satt.fr\/en\/technology-scouting\/#breadcrumb\"},\"inLanguage\":\"en-US\",\"potentialAction\":[{\"@type\":\"ReadAction\",\"target\":[\"https:\/\/www.satt.fr\/en\/technology-scouting\/\"]}]},{\"@type\":\"ImageObject\",\"inLanguage\":\"en-US\",\"@id\":\"https:\/\/www.satt.fr\/en\/technology-scouting\/#primaryimage\",\"url\":\"https:\/\/www.satt.fr\/wp-content\/uploads\/2021\/04\/Scouting.jpg\",\"contentUrl\":\"https:\/\/www.satt.fr\/wp-content\/uploads\/2021\/04\/Scouting.jpg\",\"width\":1169,\"height\":353},{\"@type\":\"BreadcrumbList\",\"@id\":\"https:\/\/www.satt.fr\/en\/technology-scouting\/#breadcrumb\",\"itemListElement\":[{\"@type\":\"ListItem\",\"position\":1,\"name\":\"Accueil\",\"item\":\"https:\/\/www.satt.fr\/en\/\"},{\"@type\":\"ListItem\",\"position\":2,\"name\":\"Technology scouting\"}]},{\"@type\":\"WebSite\",\"@id\":\"https:\/\/www.satt.fr\/en\/#website\",\"url\":\"https:\/\/www.satt.fr\/en\/\",\"name\":\"R\u00e9seau SATT\",\"description\":\"Les Soci\u00e9t\u00e9s d&#039;Acc\u00e9l\u00e9ration du Transfert de Technologies\",\"potentialAction\":[{\"@type\":\"SearchAction\",\"target\":{\"@type\":\"EntryPoint\",\"urlTemplate\":\"https:\/\/www.satt.fr\/en\/?s={search_term_string}\"},\"query-input\":{\"@type\":\"PropertyValueSpecification\",\"valueRequired\":true,\"valueName\":\"search_term_string\"}}],\"inLanguage\":\"en-US\"}]}<\/script>\n<!-- \/ Yoast SEO plugin. -->","yoast_head_json":{"title":"Technology scouting - R\u00e9seau SATT","robots":{"index":"index","follow":"follow","max-snippet":"max-snippet:-1","max-image-preview":"max-image-preview:large","max-video-preview":"max-video-preview:-1"},"canonical":"https:\/\/www.satt.fr\/en\/technology-scouting\/","twitter_misc":{"Est. reading time":"5 minutes"},"schema":{"@context":"https:\/\/schema.org","@graph":[{"@type":"WebPage","@id":"https:\/\/www.satt.fr\/en\/technology-scouting\/","url":"https:\/\/www.satt.fr\/en\/technology-scouting\/","name":"Technology scouting - R\u00e9seau SATT","isPartOf":{"@id":"https:\/\/www.satt.fr\/en\/#website"},"primaryImageOfPage":{"@id":"https:\/\/www.satt.fr\/en\/technology-scouting\/#primaryimage"},"image":{"@id":"https:\/\/www.satt.fr\/en\/technology-scouting\/#primaryimage"},"thumbnailUrl":"https:\/\/www.satt.fr\/wp-content\/uploads\/2021\/04\/Scouting.jpg","datePublished":"2019-03-21T12:01:21+00:00","dateModified":"2022-02-08T15:48:33+00:00","breadcrumb":{"@id":"https:\/\/www.satt.fr\/en\/technology-scouting\/#breadcrumb"},"inLanguage":"en-US","potentialAction":[{"@type":"ReadAction","target":["https:\/\/www.satt.fr\/en\/technology-scouting\/"]}]},{"@type":"ImageObject","inLanguage":"en-US","@id":"https:\/\/www.satt.fr\/en\/technology-scouting\/#primaryimage","url":"https:\/\/www.satt.fr\/wp-content\/uploads\/2021\/04\/Scouting.jpg","contentUrl":"https:\/\/www.satt.fr\/wp-content\/uploads\/2021\/04\/Scouting.jpg","width":1169,"height":353},{"@type":"BreadcrumbList","@id":"https:\/\/www.satt.fr\/en\/technology-scouting\/#breadcrumb","itemListElement":[{"@type":"ListItem","position":1,"name":"Accueil","item":"https:\/\/www.satt.fr\/en\/"},{"@type":"ListItem","position":2,"name":"Technology scouting"}]},{"@type":"WebSite","@id":"https:\/\/www.satt.fr\/en\/#website","url":"https:\/\/www.satt.fr\/en\/","name":"R\u00e9seau SATT","description":"Les Soci\u00e9t\u00e9s d&#039;Acc\u00e9l\u00e9ration du Transfert de Technologies","potentialAction":[{"@type":"SearchAction","target":{"@type":"EntryPoint","urlTemplate":"https:\/\/www.satt.fr\/en\/?s={search_term_string}"},"query-input":{"@type":"PropertyValueSpecification","valueRequired":true,"valueName":"search_term_string"}}],"inLanguage":"en-US"}]}},"_links":{"self":[{"href":"https:\/\/www.satt.fr\/en\/wp-json\/wp\/v2\/pages\/14712","targetHints":{"allow":["GET"]}}],"collection":[{"href":"https:\/\/www.satt.fr\/en\/wp-json\/wp\/v2\/pages"}],"about":[{"href":"https:\/\/www.satt.fr\/en\/wp-json\/wp\/v2\/types\/page"}],"author":[{"embeddable":true,"href":"https:\/\/www.satt.fr\/en\/wp-json\/wp\/v2\/users\/2"}],"replies":[{"embeddable":true,"href":"https:\/\/www.satt.fr\/en\/wp-json\/wp\/v2\/comments?post=14712"}],"version-history":[{"count":5,"href":"https:\/\/www.satt.fr\/en\/wp-json\/wp\/v2\/pages\/14712\/revisions"}],"predecessor-version":[{"id":29521,"href":"https:\/\/www.satt.fr\/en\/wp-json\/wp\/v2\/pages\/14712\/revisions\/29521"}],"wp:featuredmedia":[{"embeddable":true,"href":"https:\/\/www.satt.fr\/en\/wp-json\/wp\/v2\/media\/24707"}],"wp:attachment":[{"href":"https:\/\/www.satt.fr\/en\/wp-json\/wp\/v2\/media?parent=14712"}],"curies":[{"name":"wp","href":"https:\/\/api.w.org\/{rel}","templated":true}]}}