{"id":17512,"date":"2018-01-15T20:50:23","date_gmt":"2018-01-15T19:50:23","guid":{"rendered":"https:\/\/www.satt.fr\/rapports-activite-satt\/"},"modified":"2020-05-28T14:20:45","modified_gmt":"2020-05-28T12:20:45","slug":"publications","status":"publish","type":"page","link":"https:\/\/www.satt.fr\/en\/publications\/","title":{"rendered":"Publications"},"content":{"rendered":"<div id=\"pl-7591\" class=\"panel-layout\">\n<div id=\"pg-7591-0\" class=\"panel-grid panel-no-style\">\n<div id=\"pgc-7591-0-0\" class=\"panel-grid-cell\" data-weight=\"1\">\n<div id=\"panel-7591-0-0-0\" class=\"so-panel widget widget_sow-editor panel-first-child panel-last-child\" data-index=\"0\" data-style=\"{&quot;background_image_attachment&quot;:false,&quot;background_display&quot;:&quot;tile&quot;}\">\n<div class=\"so-widget-sow-editor so-widget-sow-editor-base\">\n<div class=\"siteorigin-widget-tinymce textwidget\">\n<p>&nbsp;<\/p>\n<h2 id=\"les-missions\" style=\"text-align: center;\">Success Stories Book 2019<\/h2>\n<\/div>\n<p>&nbsp;<\/p>\n<\/div>\n<\/div>\n<\/div>\n<\/div>\n<\/div>\n<p id=\"les-missions\" style=\"text-align: center;\"><a href=\"https:\/\/www.satt.fr\/wp-content\/uploads\/2020\/01\/Book-SATT-2019_fren.pdf\"><img loading=\"lazy\" decoding=\"async\" class=\"alignnone wp-image-17638\" src=\"https:\/\/www.satt.fr\/wp-content\/uploads\/2020\/01\/BookENClick-300x167.jpg\" alt=\"\" width=\"600\" height=\"335\" srcset=\"https:\/\/www.satt.fr\/wp-content\/uploads\/2020\/01\/BookENClick-300x167.jpg 300w, https:\/\/www.satt.fr\/wp-content\/uploads\/2020\/01\/BookENClick-150x84.jpg 150w, https:\/\/www.satt.fr\/wp-content\/uploads\/2020\/01\/BookENClick-768x428.jpg 768w, https:\/\/www.satt.fr\/wp-content\/uploads\/2020\/01\/BookENClick-1024x571.jpg 1024w, https:\/\/www.satt.fr\/wp-content\/uploads\/2020\/01\/BookENClick-500x279.jpg 500w, https:\/\/www.satt.fr\/wp-content\/uploads\/2020\/01\/BookENClick-600x335.jpg 600w, https:\/\/www.satt.fr\/wp-content\/uploads\/2020\/01\/BookENClick-179x100.jpg 179w\" sizes=\"auto, (max-width: 600px) 100vw, 600px\" \/><\/a><\/p>\n<p>&nbsp;<\/p>\n<div id=\"pl-7591\" class=\"panel-layout\">\n<div id=\"pg-7591-0\" class=\"panel-grid panel-no-style\">\n<div id=\"pgc-7591-0-0\" class=\"panel-grid-cell\" data-weight=\"1\">\n<div id=\"panel-7591-0-0-0\" class=\"so-panel widget widget_sow-editor panel-first-child panel-last-child\" data-index=\"0\" data-style=\"{&quot;background_image_attachment&quot;:false,&quot;background_display&quot;:&quot;tile&quot;}\">\n<div class=\"so-widget-sow-editor so-widget-sow-editor-base\">\n<div class=\"siteorigin-widget-tinymce textwidget\">\n<h2 id=\"les-missions\" style=\"text-align: center;\">SATTs Annual Reports 2019<\/h2>\n<table style=\"height: 963px;\" width=\"967\">\n<tbody>\n<tr style=\"height: 125px;\">\n<td style=\"width: 312px; text-align: center; height: 125px;\">\n<p><img loading=\"lazy\" decoding=\"async\" class=\"aligncenter wp-image-5833 size-full\" src=\"https:\/\/www.satt.fr\/wp-content\/uploads\/2017\/09\/logo_aquitaine-1.png\" alt=\"\" width=\"208\" height=\"65\" srcset=\"https:\/\/www.satt.fr\/wp-content\/uploads\/2017\/09\/logo_aquitaine-1.png 208w, https:\/\/www.satt.fr\/wp-content\/uploads\/2017\/09\/logo_aquitaine-1-150x47.png 150w\" sizes=\"auto, (max-width: 208px) 100vw, 208px\" \/><\/p>\n<\/td>\n<td style=\"width: 314.4px; text-align: center; height: 125px;\">\n<p><img loading=\"lazy\" decoding=\"async\" class=\"aligncenter wp-image-5834 size-full\" src=\"https:\/\/www.satt.fr\/wp-content\/uploads\/2017\/09\/logo_axlr-1.png\" alt=\"\" width=\"111\" height=\"83\" \/><\/p>\n<\/td>\n<td style=\"width: 320px; text-align: center; height: 125px;\">\n<p><img loading=\"lazy\" decoding=\"async\" class=\"wp-image-9135 aligncenter\" src=\"https:\/\/www.satt.fr\/wp-content\/uploads\/2017\/09\/CONECTUS_logo_Quadri_avec-baseline_HD_2018-300x59.png\" alt=\"\" width=\"201\" height=\"37\" \/><\/p>\n<\/td>\n<\/tr>\n<tr style=\"height: 55px;\">\n<td style=\"width: 312px; text-align: center; height: 55px;\">\n<p><em>Coming soon<\/em><\/p>\n<\/td>\n<td style=\"width: 314.4px; text-align: center; height: 55px;\">\n<p><a href=\"https:\/\/axlr.com\/la-satt-axlr-publie-son-rapport-dactivites-2019\/\">Download<\/a><\/p>\n<\/td>\n<td style=\"width: 320px; text-align: center; height: 55px;\">\n<p><em>Coming soon<\/em><\/p>\n<\/td>\n<\/tr>\n<tr style=\"height: 37px;\">\n<td style=\"width: 312px; text-align: center; height: 37px;\">\n<p><img loading=\"lazy\" decoding=\"async\" class=\"alignnone  wp-image-15048\" src=\"https:\/\/www.satt.fr\/wp-content\/uploads\/2017\/09\/Erganeo_Or_Baseline-300x79.png\" alt=\"\" width=\"188\" height=\"40\" \/><\/p>\n<\/td>\n<td style=\"width: 314.4px; text-align: center; height: 37px;\">\n<p><img loading=\"lazy\" decoding=\"async\" class=\"aligncenter wp-image-4451\" src=\"https:\/\/www.satt.fr\/wp-content\/uploads\/2017\/09\/logo_linksium.png\" alt=\"\" width=\"209\" height=\"93\" \/><\/p>\n<\/td>\n<td style=\"width: 320px; text-align: center; height: 37px;\">\n<p><img loading=\"lazy\" decoding=\"async\" class=\"aligncenter wp-image-4453\" src=\"https:\/\/www.satt.fr\/wp-content\/uploads\/2017\/09\/logo_ouest_valorisation-1.png\" alt=\"\" width=\"204\" height=\"60\" \/><\/p>\n<\/td>\n<\/tr>\n<tr style=\"height: 55px;\">\n<td style=\"width: 312px; text-align: center; height: 55px;\">\n<p><em>Coming soon<\/em><\/p>\n<\/td>\n<td style=\"width: 314.4px; text-align: center; height: 55px;\">\n<p><em>Coming soon<\/em><\/p>\n<\/td>\n<td style=\"width: 320px; text-align: center; height: 55px;\">\n<p><a href=\"https:\/\/www.ouest-valorisation.fr\/fr\/portfolio\/corporate-rapport-annuel-2019-meilleure-annee-a-tout-point-de-vue-pour-ouest-valorisation\/\">Download<\/a><\/p>\n<\/td>\n<\/tr>\n<tr style=\"height: 24px;\">\n<td style=\"width: 312px; text-align: center; height: 24px;\">\n<p><img loading=\"lazy\" decoding=\"async\" class=\"alignnone  wp-image-16848\" src=\"https:\/\/www.satt.fr\/wp-content\/uploads\/2017\/09\/LOGO_PULSALYS_2019-300x92.jpg\" alt=\"\" width=\"190\" height=\"56\" \/><\/p>\n<\/td>\n<td style=\"width: 314.4px; text-align: center; height: 24px;\">\n<p><img loading=\"lazy\" decoding=\"async\" class=\"wp-image-11753 aligncenter\" src=\"https:\/\/www.satt.fr\/wp-content\/uploads\/2018\/12\/Logo-Sayens-BASELINE-300x150.png\" alt=\"\" width=\"194\" height=\"97\" srcset=\"https:\/\/www.satt.fr\/wp-content\/uploads\/2018\/12\/Logo-Sayens-BASELINE-300x150.png 300w, https:\/\/www.satt.fr\/wp-content\/uploads\/2018\/12\/Logo-Sayens-BASELINE-150x75.png 150w, https:\/\/www.satt.fr\/wp-content\/uploads\/2018\/12\/Logo-Sayens-BASELINE-768x384.png 768w, https:\/\/www.satt.fr\/wp-content\/uploads\/2018\/12\/Logo-Sayens-BASELINE-1024x512.png 1024w, https:\/\/www.satt.fr\/wp-content\/uploads\/2018\/12\/Logo-Sayens-BASELINE-500x250.png 500w, https:\/\/www.satt.fr\/wp-content\/uploads\/2018\/12\/Logo-Sayens-BASELINE-600x300.png 600w, https:\/\/www.satt.fr\/wp-content\/uploads\/2018\/12\/Logo-Sayens-BASELINE-200x100.png 200w, https:\/\/www.satt.fr\/wp-content\/uploads\/2018\/12\/Logo-Sayens-BASELINE.png 1134w\" sizes=\"auto, (max-width: 194px) 100vw, 194px\" \/><\/p>\n<\/td>\n<td style=\"width: 320px; text-align: center; height: 24px;\">\n<p><img loading=\"lazy\" decoding=\"async\" class=\"aligncenter wp-image-4452\" src=\"https:\/\/www.satt.fr\/wp-content\/uploads\/2017\/09\/logo_lutech.png\" alt=\"\" width=\"195\" height=\"57\" \/><\/p>\n<\/td>\n<\/tr>\n<tr style=\"height: 19.025px;\">\n<td style=\"width: 312px; text-align: center; height: 19.025px;\">\n<p><em>Coming soon<\/em><\/p>\n<\/td>\n<td style=\"width: 314.4px; text-align: center; height: 19.025px;\">\n<p><em>Coming soon<\/em><\/p>\n<\/td>\n<td style=\"width: 320px; text-align: center; height: 19.025px;\">\n<p><em>Coming soon<\/em><\/p>\n<\/td>\n<\/tr>\n<tr style=\"height: 126px;\">\n<td style=\"width: 312px; text-align: center; height: 126px;\">\n<p><img loading=\"lazy\" decoding=\"async\" class=\"aligncenter wp-image-3924 size-full\" src=\"https:\/\/www.satt.fr\/wp-content\/uploads\/2017\/09\/satt_nord.jpg\" alt=\"\" width=\"150\" height=\"61\" \/><\/p>\n<\/td>\n<td style=\"width: 314.4px; text-align: center; height: 126px;\">\n<p><img loading=\"lazy\" decoding=\"async\" class=\"wp-image-9033 aligncenter\" src=\"https:\/\/www.satt.fr\/wp-content\/uploads\/2017\/09\/LOGO-SATT_RVB-1-2-300x88.png\" alt=\"\" width=\"213\" height=\"71\" \/><\/p>\n<\/td>\n<td style=\"width: 320px; text-align: center; height: 126px;\">\n<p><img loading=\"lazy\" decoding=\"async\" class=\"aligncenter wp-image-4456\" src=\"https:\/\/www.satt.fr\/wp-content\/uploads\/2017\/09\/logo_sudest.png\" alt=\"\" width=\"162\" height=\"73\" \/><\/p>\n<\/td>\n<\/tr>\n<tr style=\"height: 45px;\">\n<td style=\"width: 312px; text-align: center; height: 45px;\">\n<p><em>Coming soon<\/em><\/p>\n<\/td>\n<td style=\"width: 314.4px; text-align: center; height: 45px;\">\n<p><em>Coming soon<\/em><\/p>\n<\/td>\n<td style=\"width: 320px; text-align: center; height: 45px;\">\n<p><em>Coming soon<\/em><\/p>\n<\/td>\n<\/tr>\n<tr style=\"height: 127px;\">\n<td style=\"width: 312px; text-align: center; height: 127px;\">\n<p><img loading=\"lazy\" decoding=\"async\" class=\"alignnone  wp-image-9139\" src=\"https:\/\/www.satt.fr\/wp-content\/uploads\/2018\/05\/toulouse-tech-transfer_logo_horizontal-300x86.png\" alt=\"\" width=\"198\" height=\"55\" srcset=\"https:\/\/www.satt.fr\/wp-content\/uploads\/2018\/05\/toulouse-tech-transfer_logo_horizontal-150x43.png 150w, https:\/\/www.satt.fr\/wp-content\/uploads\/2018\/05\/toulouse-tech-transfer_logo_horizontal-768x219.png 768w, https:\/\/www.satt.fr\/wp-content\/uploads\/2018\/05\/toulouse-tech-transfer_logo_horizontal-600x171.png 600w, https:\/\/www.satt.fr\/wp-content\/uploads\/2018\/05\/toulouse-tech-transfer_logo_horizontal-200x57.png 200w\" sizes=\"auto, (max-width: 198px) 100vw, 198px\" \/><\/p>\n<\/td>\n<td style=\"width: 314.4px; text-align: center; height: 127px;\">\n<p>&nbsp;<\/p>\n<\/td>\n<\/tr>\n<tr style=\"height: 55px;\">\n<td style=\"width: 312px; text-align: center; height: 55px;\">\n<p><em>Coming soon<\/em><\/p>\n<\/td>\n<td style=\"width: 314.4px; text-align: center; height: 55px;\">\n<p>&nbsp;<\/p>\n<\/td>\n<\/tr>\n<\/tbody>\n<\/table>\n<\/div>\n<\/div>\n<\/div>\n<\/div>\n<\/div>\n<\/div>\n","protected":false},"excerpt":{"rendered":"<p>&nbsp; Success Stories Book 2019 &nbsp; &nbsp; SATTs Annual Reports 2019 Coming soon Download Coming soon Coming soon Coming soon Download Coming soon Coming soon Coming soon Coming soon Coming soon Coming soon &nbsp; Coming soon &nbsp;<\/p>\n","protected":false},"author":2,"featured_media":0,"parent":0,"menu_order":0,"comment_status":"closed","ping_status":"closed","template":"","meta":{"_acf_changed":false,"footnotes":""},"class_list":["post-17512","page","type-page","status-publish","hentry"],"acf":[],"yoast_head":"<!-- This site is optimized with the Yoast SEO plugin v27.2 - https:\/\/yoast.com\/product\/yoast-seo-wordpress\/ -->\n<title>Rapports d&#039;activit\u00e9 - Soci\u00e9t\u00e9s d&#039;Acc\u00e9l\u00e9ration du Transfert de Technologies<\/title>\n<meta name=\"description\" content=\"Consultez l&#039;ensemble des rapports d&#039;activit\u00e9 des SATT, chiffres cl\u00e9s, projets accompagn\u00e9s, investissements r\u00e9alis\u00e9s, cessions de licence, cr\u00e9ation de startups, partenariats, t\u00e9moignages...\" \/>\n<meta name=\"robots\" content=\"index, follow, max-snippet:-1, max-image-preview:large, max-video-preview:-1\" \/>\n<link rel=\"canonical\" href=\"https:\/\/www.satt.fr\/en\/publications\/\" \/>\n<script type=\"application\/ld+json\" class=\"yoast-schema-graph\">{\"@context\":\"https:\/\/schema.org\",\"@graph\":[{\"@type\":\"WebPage\",\"@id\":\"https:\/\/www.satt.fr\/en\/publications\/\",\"url\":\"https:\/\/www.satt.fr\/en\/publications\/\",\"name\":\"Rapports d'activit\u00e9 - Soci\u00e9t\u00e9s d'Acc\u00e9l\u00e9ration du Transfert de Technologies\",\"isPartOf\":{\"@id\":\"https:\/\/www.satt.fr\/en\/#website\"},\"primaryImageOfPage\":{\"@id\":\"https:\/\/www.satt.fr\/en\/publications\/#primaryimage\"},\"image\":{\"@id\":\"https:\/\/www.satt.fr\/en\/publications\/#primaryimage\"},\"thumbnailUrl\":\"https:\/\/www.satt.fr\/wp-content\/uploads\/2020\/01\/BookENClick-300x167.jpg\",\"datePublished\":\"2018-01-15T19:50:23+00:00\",\"dateModified\":\"2020-05-28T12:20:45+00:00\",\"description\":\"Consultez l'ensemble des rapports d'activit\u00e9 des SATT, chiffres cl\u00e9s, projets accompagn\u00e9s, investissements r\u00e9alis\u00e9s, cessions de licence, cr\u00e9ation de startups, partenariats, t\u00e9moignages...\",\"breadcrumb\":{\"@id\":\"https:\/\/www.satt.fr\/en\/publications\/#breadcrumb\"},\"inLanguage\":\"en-US\",\"potentialAction\":[{\"@type\":\"ReadAction\",\"target\":[\"https:\/\/www.satt.fr\/en\/publications\/\"]}]},{\"@type\":\"ImageObject\",\"inLanguage\":\"en-US\",\"@id\":\"https:\/\/www.satt.fr\/en\/publications\/#primaryimage\",\"url\":\"https:\/\/www.satt.fr\/wp-content\/uploads\/2020\/01\/BookENClick-300x167.jpg\",\"contentUrl\":\"https:\/\/www.satt.fr\/wp-content\/uploads\/2020\/01\/BookENClick-300x167.jpg\"},{\"@type\":\"BreadcrumbList\",\"@id\":\"https:\/\/www.satt.fr\/en\/publications\/#breadcrumb\",\"itemListElement\":[{\"@type\":\"ListItem\",\"position\":1,\"name\":\"Accueil\",\"item\":\"https:\/\/www.satt.fr\/en\/\"},{\"@type\":\"ListItem\",\"position\":2,\"name\":\"Publications\"}]},{\"@type\":\"WebSite\",\"@id\":\"https:\/\/www.satt.fr\/en\/#website\",\"url\":\"https:\/\/www.satt.fr\/en\/\",\"name\":\"R\u00e9seau SATT\",\"description\":\"Les Soci\u00e9t\u00e9s d&#039;Acc\u00e9l\u00e9ration du Transfert de Technologies\",\"potentialAction\":[{\"@type\":\"SearchAction\",\"target\":{\"@type\":\"EntryPoint\",\"urlTemplate\":\"https:\/\/www.satt.fr\/en\/?s={search_term_string}\"},\"query-input\":{\"@type\":\"PropertyValueSpecification\",\"valueRequired\":true,\"valueName\":\"search_term_string\"}}],\"inLanguage\":\"en-US\"}]}<\/script>\n<!-- \/ Yoast SEO plugin. -->","yoast_head_json":{"title":"Rapports d'activit\u00e9 - Soci\u00e9t\u00e9s d'Acc\u00e9l\u00e9ration du Transfert de Technologies","description":"Consultez l'ensemble des rapports d'activit\u00e9 des SATT, chiffres cl\u00e9s, projets accompagn\u00e9s, investissements r\u00e9alis\u00e9s, cessions de licence, cr\u00e9ation de startups, partenariats, t\u00e9moignages...","robots":{"index":"index","follow":"follow","max-snippet":"max-snippet:-1","max-image-preview":"max-image-preview:large","max-video-preview":"max-video-preview:-1"},"canonical":"https:\/\/www.satt.fr\/en\/publications\/","schema":{"@context":"https:\/\/schema.org","@graph":[{"@type":"WebPage","@id":"https:\/\/www.satt.fr\/en\/publications\/","url":"https:\/\/www.satt.fr\/en\/publications\/","name":"Rapports d'activit\u00e9 - Soci\u00e9t\u00e9s d'Acc\u00e9l\u00e9ration du Transfert de Technologies","isPartOf":{"@id":"https:\/\/www.satt.fr\/en\/#website"},"primaryImageOfPage":{"@id":"https:\/\/www.satt.fr\/en\/publications\/#primaryimage"},"image":{"@id":"https:\/\/www.satt.fr\/en\/publications\/#primaryimage"},"thumbnailUrl":"https:\/\/www.satt.fr\/wp-content\/uploads\/2020\/01\/BookENClick-300x167.jpg","datePublished":"2018-01-15T19:50:23+00:00","dateModified":"2020-05-28T12:20:45+00:00","description":"Consultez l'ensemble des rapports d'activit\u00e9 des SATT, chiffres cl\u00e9s, projets accompagn\u00e9s, investissements r\u00e9alis\u00e9s, cessions de licence, cr\u00e9ation de startups, partenariats, t\u00e9moignages...","breadcrumb":{"@id":"https:\/\/www.satt.fr\/en\/publications\/#breadcrumb"},"inLanguage":"en-US","potentialAction":[{"@type":"ReadAction","target":["https:\/\/www.satt.fr\/en\/publications\/"]}]},{"@type":"ImageObject","inLanguage":"en-US","@id":"https:\/\/www.satt.fr\/en\/publications\/#primaryimage","url":"https:\/\/www.satt.fr\/wp-content\/uploads\/2020\/01\/BookENClick-300x167.jpg","contentUrl":"https:\/\/www.satt.fr\/wp-content\/uploads\/2020\/01\/BookENClick-300x167.jpg"},{"@type":"BreadcrumbList","@id":"https:\/\/www.satt.fr\/en\/publications\/#breadcrumb","itemListElement":[{"@type":"ListItem","position":1,"name":"Accueil","item":"https:\/\/www.satt.fr\/en\/"},{"@type":"ListItem","position":2,"name":"Publications"}]},{"@type":"WebSite","@id":"https:\/\/www.satt.fr\/en\/#website","url":"https:\/\/www.satt.fr\/en\/","name":"R\u00e9seau SATT","description":"Les Soci\u00e9t\u00e9s d&#039;Acc\u00e9l\u00e9ration du Transfert de Technologies","potentialAction":[{"@type":"SearchAction","target":{"@type":"EntryPoint","urlTemplate":"https:\/\/www.satt.fr\/en\/?s={search_term_string}"},"query-input":{"@type":"PropertyValueSpecification","valueRequired":true,"valueName":"search_term_string"}}],"inLanguage":"en-US"}]}},"_links":{"self":[{"href":"https:\/\/www.satt.fr\/en\/wp-json\/wp\/v2\/pages\/17512","targetHints":{"allow":["GET"]}}],"collection":[{"href":"https:\/\/www.satt.fr\/en\/wp-json\/wp\/v2\/pages"}],"about":[{"href":"https:\/\/www.satt.fr\/en\/wp-json\/wp\/v2\/types\/page"}],"author":[{"embeddable":true,"href":"https:\/\/www.satt.fr\/en\/wp-json\/wp\/v2\/users\/2"}],"replies":[{"embeddable":true,"href":"https:\/\/www.satt.fr\/en\/wp-json\/wp\/v2\/comments?post=17512"}],"version-history":[{"count":5,"href":"https:\/\/www.satt.fr\/en\/wp-json\/wp\/v2\/pages\/17512\/revisions"}],"predecessor-version":[{"id":19443,"href":"https:\/\/www.satt.fr\/en\/wp-json\/wp\/v2\/pages\/17512\/revisions\/19443"}],"wp:attachment":[{"href":"https:\/\/www.satt.fr\/en\/wp-json\/wp\/v2\/media?parent=17512"}],"curies":[{"name":"wp","href":"https:\/\/api.w.org\/{rel}","templated":true}]}}