{"id":20821,"date":"2020-08-05T12:21:03","date_gmt":"2020-08-05T10:21:03","guid":{"rendered":"https:\/\/www.satt.fr\/challenge-spie-batignolles\/"},"modified":"2020-08-28T10:19:18","modified_gmt":"2020-08-28T08:19:18","slug":"challenge-spie-batignolles","status":"publish","type":"page","link":"https:\/\/www.satt.fr\/en\/challenge-spie-batignolles\/","title":{"rendered":""},"content":{"rendered":"<p><img loading=\"lazy\" decoding=\"async\" class=\"wp-image-20784 size-full aligncenter\" src=\"https:\/\/www.satt.fr\/wp-content\/uploads\/2020\/08\/Visuel-1-2.png\" alt=\"\" width=\"1268\" height=\"468\" srcset=\"https:\/\/www.satt.fr\/wp-content\/uploads\/2020\/08\/Visuel-1-2.png 1268w, https:\/\/www.satt.fr\/wp-content\/uploads\/2020\/08\/Visuel-1-2-150x55.png 150w, https:\/\/www.satt.fr\/wp-content\/uploads\/2020\/08\/Visuel-1-2-300x111.png 300w, https:\/\/www.satt.fr\/wp-content\/uploads\/2020\/08\/Visuel-1-2-768x283.png 768w, https:\/\/www.satt.fr\/wp-content\/uploads\/2020\/08\/Visuel-1-2-1024x378.png 1024w, https:\/\/www.satt.fr\/wp-content\/uploads\/2020\/08\/Visuel-1-2-500x185.png 500w, https:\/\/www.satt.fr\/wp-content\/uploads\/2020\/08\/Visuel-1-2-600x221.png 600w, https:\/\/www.satt.fr\/wp-content\/uploads\/2020\/08\/Visuel-1-2-200x74.png 200w\" sizes=\"auto, (max-width: 1268px) 100vw, 1268px\" \/><\/p>\n<p>&nbsp;<\/p>\n<p style=\"text-align: center;\"><span style=\"font-size: 18pt; color: #e87c00;\"><strong>Co-d\u00e9veloppez votre solution innovante avec Spie batignolles\u00a0!<\/strong><\/span><\/p>\n<p>&nbsp;<\/p>\n<p><span style=\"font-size: 14pt;\">Acteur engag\u00e9 en faveur d\u2019une <strong>approche<\/strong> <strong>innovante<\/strong> et <strong>ouverte<\/strong> de la construction, <strong>Spie batignolles<\/strong> d\u00e9veloppe une <strong>d\u00e9marche<\/strong> <strong>collaborative<\/strong> afin de co-cr\u00e9er de la <strong>valeur<\/strong> avec et pour ses clients, ses collaborateurs et l\u2019ensemble de ses partenaires.<\/span><\/p>\n<p><span style=\"font-size: 14pt;\">Dans ce contexte et fort de son partenariat avec le <strong>R\u00e9seau SATT<\/strong>, le Groupe lance son 1er concours\u00a0<strong>\u00ab\u00a0Challenge Innovation Ouverte \u00bb<\/strong> autour de 4 d\u00e9fis !<\/span><\/p>\n<p>&nbsp;<\/p>\n<p><img loading=\"lazy\" decoding=\"async\" class=\"size-full wp-image-20787 aligncenter\" src=\"https:\/\/www.satt.fr\/wp-content\/uploads\/2020\/08\/Defi.png\" alt=\"\" width=\"2060\" height=\"426\" srcset=\"https:\/\/www.satt.fr\/wp-content\/uploads\/2020\/08\/Defi.png 2060w, https:\/\/www.satt.fr\/wp-content\/uploads\/2020\/08\/Defi-150x31.png 150w, https:\/\/www.satt.fr\/wp-content\/uploads\/2020\/08\/Defi-300x62.png 300w, https:\/\/www.satt.fr\/wp-content\/uploads\/2020\/08\/Defi-768x159.png 768w, https:\/\/www.satt.fr\/wp-content\/uploads\/2020\/08\/Defi-1024x212.png 1024w, https:\/\/www.satt.fr\/wp-content\/uploads\/2020\/08\/Defi-500x103.png 500w, https:\/\/www.satt.fr\/wp-content\/uploads\/2020\/08\/Defi-600x124.png 600w, https:\/\/www.satt.fr\/wp-content\/uploads\/2020\/08\/Defi-200x41.png 200w\" sizes=\"auto, (max-width: 2060px) 100vw, 2060px\" \/><\/p>\n<p>&nbsp;<\/p>\n<p><span style=\"font-size: 14pt;\">Ce challenge s\u2019adresse aux <strong>jeunes entreprises innovantes<\/strong> et <strong>\u00e9quipes scientifiques<\/strong> issues de la recherche publique et porteuses d\u2019un savoir-faire et\/ou d\u2019une expertise en lien avec les probl\u00e9matiques propos\u00e9es.<\/span><\/p>\n<p><span style=\"font-size: 14pt;\">Les laur\u00e9ats auront l\u2019opportunit\u00e9 de <strong>tester<\/strong> et <strong>d\u00e9velopper<\/strong> leurs technologies ou solutions sur les <strong>installations<\/strong> ou projets de <strong>Spie<\/strong> <strong>batignolles<\/strong> et de s\u2019appuyer sur l\u2019expertise de l\u2019entreprise pour <strong>poursuivre<\/strong> le <strong>d\u00e9veloppement<\/strong> de leurs <strong>projets<\/strong>.<\/span><\/p>\n<p>&nbsp;<\/p>\n<p><img loading=\"lazy\" decoding=\"async\" class=\"size-full wp-image-20793 aligncenter\" src=\"https:\/\/www.satt.fr\/wp-content\/uploads\/2020\/08\/Bandeau.png\" alt=\"\" width=\"2720\" height=\"231\" srcset=\"https:\/\/www.satt.fr\/wp-content\/uploads\/2020\/08\/Bandeau.png 2720w, https:\/\/www.satt.fr\/wp-content\/uploads\/2020\/08\/Bandeau-150x13.png 150w, https:\/\/www.satt.fr\/wp-content\/uploads\/2020\/08\/Bandeau-300x25.png 300w, https:\/\/www.satt.fr\/wp-content\/uploads\/2020\/08\/Bandeau-768x65.png 768w, https:\/\/www.satt.fr\/wp-content\/uploads\/2020\/08\/Bandeau-1024x87.png 1024w, https:\/\/www.satt.fr\/wp-content\/uploads\/2020\/08\/Bandeau-500x42.png 500w, https:\/\/www.satt.fr\/wp-content\/uploads\/2020\/08\/Bandeau-600x51.png 600w, https:\/\/www.satt.fr\/wp-content\/uploads\/2020\/08\/Bandeau-200x17.png 200w\" sizes=\"auto, (max-width: 2720px) 100vw, 2720px\" \/><\/p>\n<p>&nbsp;<\/p>\n<p><a href=\"https:\/\/www.satt.fr\/wp-content\/uploads\/2020\/08\/Challenge-Innovation-Ouverte-Spie-batignolles-Reseau-SATT.zip\"><img loading=\"lazy\" decoding=\"async\" class=\"aligncenter wp-image-20816\" src=\"https:\/\/www.satt.fr\/wp-content\/uploads\/2020\/08\/Bouton-2-1.png\" alt=\"\" width=\"400\" height=\"91\" srcset=\"https:\/\/www.satt.fr\/wp-content\/uploads\/2020\/08\/Bouton-2-1.png 1348w, https:\/\/www.satt.fr\/wp-content\/uploads\/2020\/08\/Bouton-2-1-150x34.png 150w, https:\/\/www.satt.fr\/wp-content\/uploads\/2020\/08\/Bouton-2-1-300x68.png 300w, https:\/\/www.satt.fr\/wp-content\/uploads\/2020\/08\/Bouton-2-1-768x175.png 768w, https:\/\/www.satt.fr\/wp-content\/uploads\/2020\/08\/Bouton-2-1-1024x233.png 1024w, https:\/\/www.satt.fr\/wp-content\/uploads\/2020\/08\/Bouton-2-1-500x114.png 500w, https:\/\/www.satt.fr\/wp-content\/uploads\/2020\/08\/Bouton-2-1-600x137.png 600w, https:\/\/www.satt.fr\/wp-content\/uploads\/2020\/08\/Bouton-2-1-200x46.png 200w\" sizes=\"auto, (max-width: 400px) 100vw, 400px\" \/><\/a><\/p>\n<p>&nbsp;<\/p>\n<p style=\"text-align: center;\"><span style=\"color: #666666; font-size: 14pt;\"><strong>Dates \u00e0 retenir<\/strong><\/span><\/p>\n<p><img loading=\"lazy\" decoding=\"async\" class=\"wp-image-20825 aligncenter\" src=\"https:\/\/www.satt.fr\/wp-content\/uploads\/2020\/08\/Calendrier-Challenge-Innovation-Ouverte.png\" alt=\"\" width=\"650\" height=\"262\" srcset=\"https:\/\/www.satt.fr\/wp-content\/uploads\/2020\/08\/Calendrier-Challenge-Innovation-Ouverte.png 800w, https:\/\/www.satt.fr\/wp-content\/uploads\/2020\/08\/Calendrier-Challenge-Innovation-Ouverte-150x61.png 150w, https:\/\/www.satt.fr\/wp-content\/uploads\/2020\/08\/Calendrier-Challenge-Innovation-Ouverte-300x121.png 300w, https:\/\/www.satt.fr\/wp-content\/uploads\/2020\/08\/Calendrier-Challenge-Innovation-Ouverte-768x310.png 768w, https:\/\/www.satt.fr\/wp-content\/uploads\/2020\/08\/Calendrier-Challenge-Innovation-Ouverte-500x202.png 500w, https:\/\/www.satt.fr\/wp-content\/uploads\/2020\/08\/Calendrier-Challenge-Innovation-Ouverte-600x242.png 600w, https:\/\/www.satt.fr\/wp-content\/uploads\/2020\/08\/Calendrier-Challenge-Innovation-Ouverte-200x81.png 200w\" sizes=\"auto, (max-width: 650px) 100vw, 650px\" \/><\/p>\n<p style=\"text-align: center;\">\u00a0<\/p>\n<p style=\"text-align: center;\"><span style=\"font-size: 14pt;\"><span style=\"color: #e87c00;\"><strong>Contact et informations\u00a0:<\/strong><\/span> <span style=\"color: #0000ff;\"><a style=\"color: #0000ff;\" href=\"mailto:sebastien.magnaval@satt-paris-saclay.fr\">sebastien.magnaval@satt-paris-saclay.fr<\/a><\/span><\/span><\/p>\n<p>&nbsp;<\/p>\n<p><img loading=\"lazy\" decoding=\"async\" class=\"wp-image-20798 size-medium aligncenter\" src=\"https:\/\/www.satt.fr\/wp-content\/uploads\/2020\/08\/Logos-300x65.png\" alt=\"\" width=\"300\" height=\"65\" srcset=\"https:\/\/www.satt.fr\/wp-content\/uploads\/2020\/08\/Logos-300x65.png 300w, https:\/\/www.satt.fr\/wp-content\/uploads\/2020\/08\/Logos-150x32.png 150w, https:\/\/www.satt.fr\/wp-content\/uploads\/2020\/08\/Logos-768x166.png 768w, https:\/\/www.satt.fr\/wp-content\/uploads\/2020\/08\/Logos-1024x222.png 1024w, https:\/\/www.satt.fr\/wp-content\/uploads\/2020\/08\/Logos-500x108.png 500w, https:\/\/www.satt.fr\/wp-content\/uploads\/2020\/08\/Logos-600x130.png 600w, https:\/\/www.satt.fr\/wp-content\/uploads\/2020\/08\/Logos-200x43.png 200w, https:\/\/www.satt.fr\/wp-content\/uploads\/2020\/08\/Logos.png 1644w\" sizes=\"auto, (max-width: 300px) 100vw, 300px\" \/><\/p>\n","protected":false},"excerpt":{"rendered":"<p>&nbsp; Co-d\u00e9veloppez votre solution innovante avec Spie batignolles\u00a0! &nbsp; Acteur engag\u00e9 en faveur d\u2019une approche innovante et ouverte de la construction, Spie batignolles d\u00e9veloppe une d\u00e9marche collaborative afin de co-cr\u00e9er de la valeur avec et pour ses clients, ses collaborateurs et l\u2019ensemble de ses partenaires. Dans ce contexte et fort de son partenariat avec le [&hellip;]<\/p>\n","protected":false},"author":2,"featured_media":0,"parent":0,"menu_order":0,"comment_status":"closed","ping_status":"closed","template":"","meta":{"_acf_changed":false,"footnotes":""},"class_list":["post-20821","page","type-page","status-publish","hentry"],"acf":[],"yoast_head":"<!-- This site is optimized with the Yoast SEO plugin v27.2 - https:\/\/yoast.com\/product\/yoast-seo-wordpress\/ -->\n<title>- R\u00e9seau SATT<\/title>\n<meta name=\"robots\" content=\"index, follow, max-snippet:-1, max-image-preview:large, max-video-preview:-1\" \/>\n<link rel=\"canonical\" href=\"https:\/\/www.satt.fr\/en\/challenge-spie-batignolles\/\" \/>\n<meta name=\"twitter:label1\" content=\"Est. reading time\" \/>\n\t<meta name=\"twitter:data1\" content=\"1 minute\" \/>\n<script type=\"application\/ld+json\" class=\"yoast-schema-graph\">{\"@context\":\"https:\/\/schema.org\",\"@graph\":[{\"@type\":\"WebPage\",\"@id\":\"https:\/\/www.satt.fr\/en\/challenge-spie-batignolles\/\",\"url\":\"https:\/\/www.satt.fr\/en\/challenge-spie-batignolles\/\",\"name\":\"- R\u00e9seau SATT\",\"isPartOf\":{\"@id\":\"https:\/\/www.satt.fr\/en\/#website\"},\"primaryImageOfPage\":{\"@id\":\"https:\/\/www.satt.fr\/en\/challenge-spie-batignolles\/#primaryimage\"},\"image\":{\"@id\":\"https:\/\/www.satt.fr\/en\/challenge-spie-batignolles\/#primaryimage\"},\"thumbnailUrl\":\"https:\/\/www.satt.fr\/wp-content\/uploads\/2020\/08\/Visuel-1-2.png\",\"datePublished\":\"2020-08-05T10:21:03+00:00\",\"dateModified\":\"2020-08-28T08:19:18+00:00\",\"inLanguage\":\"en-US\",\"potentialAction\":[{\"@type\":\"ReadAction\",\"target\":[\"https:\/\/www.satt.fr\/en\/challenge-spie-batignolles\/\"]}]},{\"@type\":\"ImageObject\",\"inLanguage\":\"en-US\",\"@id\":\"https:\/\/www.satt.fr\/en\/challenge-spie-batignolles\/#primaryimage\",\"url\":\"https:\/\/www.satt.fr\/wp-content\/uploads\/2020\/08\/Visuel-1-2.png\",\"contentUrl\":\"https:\/\/www.satt.fr\/wp-content\/uploads\/2020\/08\/Visuel-1-2.png\"},{\"@type\":\"WebSite\",\"@id\":\"https:\/\/www.satt.fr\/en\/#website\",\"url\":\"https:\/\/www.satt.fr\/en\/\",\"name\":\"R\u00e9seau SATT\",\"description\":\"Les Soci\u00e9t\u00e9s d&#039;Acc\u00e9l\u00e9ration du Transfert de Technologies\",\"potentialAction\":[{\"@type\":\"SearchAction\",\"target\":{\"@type\":\"EntryPoint\",\"urlTemplate\":\"https:\/\/www.satt.fr\/en\/?s={search_term_string}\"},\"query-input\":{\"@type\":\"PropertyValueSpecification\",\"valueRequired\":true,\"valueName\":\"search_term_string\"}}],\"inLanguage\":\"en-US\"}]}<\/script>\n<!-- \/ Yoast SEO plugin. -->","yoast_head_json":{"title":"- R\u00e9seau SATT","robots":{"index":"index","follow":"follow","max-snippet":"max-snippet:-1","max-image-preview":"max-image-preview:large","max-video-preview":"max-video-preview:-1"},"canonical":"https:\/\/www.satt.fr\/en\/challenge-spie-batignolles\/","twitter_misc":{"Est. reading time":"1 minute"},"schema":{"@context":"https:\/\/schema.org","@graph":[{"@type":"WebPage","@id":"https:\/\/www.satt.fr\/en\/challenge-spie-batignolles\/","url":"https:\/\/www.satt.fr\/en\/challenge-spie-batignolles\/","name":"- R\u00e9seau SATT","isPartOf":{"@id":"https:\/\/www.satt.fr\/en\/#website"},"primaryImageOfPage":{"@id":"https:\/\/www.satt.fr\/en\/challenge-spie-batignolles\/#primaryimage"},"image":{"@id":"https:\/\/www.satt.fr\/en\/challenge-spie-batignolles\/#primaryimage"},"thumbnailUrl":"https:\/\/www.satt.fr\/wp-content\/uploads\/2020\/08\/Visuel-1-2.png","datePublished":"2020-08-05T10:21:03+00:00","dateModified":"2020-08-28T08:19:18+00:00","inLanguage":"en-US","potentialAction":[{"@type":"ReadAction","target":["https:\/\/www.satt.fr\/en\/challenge-spie-batignolles\/"]}]},{"@type":"ImageObject","inLanguage":"en-US","@id":"https:\/\/www.satt.fr\/en\/challenge-spie-batignolles\/#primaryimage","url":"https:\/\/www.satt.fr\/wp-content\/uploads\/2020\/08\/Visuel-1-2.png","contentUrl":"https:\/\/www.satt.fr\/wp-content\/uploads\/2020\/08\/Visuel-1-2.png"},{"@type":"WebSite","@id":"https:\/\/www.satt.fr\/en\/#website","url":"https:\/\/www.satt.fr\/en\/","name":"R\u00e9seau SATT","description":"Les Soci\u00e9t\u00e9s d&#039;Acc\u00e9l\u00e9ration du Transfert de Technologies","potentialAction":[{"@type":"SearchAction","target":{"@type":"EntryPoint","urlTemplate":"https:\/\/www.satt.fr\/en\/?s={search_term_string}"},"query-input":{"@type":"PropertyValueSpecification","valueRequired":true,"valueName":"search_term_string"}}],"inLanguage":"en-US"}]}},"_links":{"self":[{"href":"https:\/\/www.satt.fr\/en\/wp-json\/wp\/v2\/pages\/20821","targetHints":{"allow":["GET"]}}],"collection":[{"href":"https:\/\/www.satt.fr\/en\/wp-json\/wp\/v2\/pages"}],"about":[{"href":"https:\/\/www.satt.fr\/en\/wp-json\/wp\/v2\/types\/page"}],"author":[{"embeddable":true,"href":"https:\/\/www.satt.fr\/en\/wp-json\/wp\/v2\/users\/2"}],"replies":[{"embeddable":true,"href":"https:\/\/www.satt.fr\/en\/wp-json\/wp\/v2\/comments?post=20821"}],"version-history":[{"count":4,"href":"https:\/\/www.satt.fr\/en\/wp-json\/wp\/v2\/pages\/20821\/revisions"}],"predecessor-version":[{"id":20846,"href":"https:\/\/www.satt.fr\/en\/wp-json\/wp\/v2\/pages\/20821\/revisions\/20846"}],"wp:attachment":[{"href":"https:\/\/www.satt.fr\/en\/wp-json\/wp\/v2\/media?parent=20821"}],"curies":[{"name":"wp","href":"https:\/\/api.w.org\/{rel}","templated":true}]}}