{"id":27214,"date":"2019-03-05T15:49:32","date_gmt":"2019-03-05T14:49:32","guid":{"rendered":"https:\/\/www.satt.fr\/aap-tilt-2019\/"},"modified":"2019-03-05T15:49:32","modified_gmt":"2019-03-05T14:49:32","slug":"aap-tilt-2019","status":"publish","type":"page","link":"https:\/\/www.satt.fr\/en\/aap-tilt-2019\/","title":{"rendered":"Appel \u00e0 projet TILT 2019"},"content":{"rendered":"<p><img loading=\"lazy\" decoding=\"async\" class=\"aligncenter wp-image-13460 size-large\" src=\"https:\/\/www.satt.fr\/wp-content\/uploads\/2019\/03\/Bandeau-2-1024x264.png\" alt=\"\" width=\"1024\" height=\"264\" srcset=\"https:\/\/www.satt.fr\/wp-content\/uploads\/2019\/03\/Bandeau-2-1024x264.png 1024w, https:\/\/www.satt.fr\/wp-content\/uploads\/2019\/03\/Bandeau-2-150x39.png 150w, https:\/\/www.satt.fr\/wp-content\/uploads\/2019\/03\/Bandeau-2-300x77.png 300w, https:\/\/www.satt.fr\/wp-content\/uploads\/2019\/03\/Bandeau-2-768x198.png 768w, https:\/\/www.satt.fr\/wp-content\/uploads\/2019\/03\/Bandeau-2-500x129.png 500w, https:\/\/www.satt.fr\/wp-content\/uploads\/2019\/03\/Bandeau-2-600x155.png 600w, https:\/\/www.satt.fr\/wp-content\/uploads\/2019\/03\/Bandeau-2-200x52.png 200w\" sizes=\"auto, (max-width: 1024px) 100vw, 1024px\" \/><\/p>\n<p>&nbsp;<\/p>\n<p style=\"text-align: center;\">\n<span style=\"font-size: 18pt;\"><strong><span style=\"color: #e02222;\">Le CETIM et le R\u00e9seau SATT vous pr\u00e9sentent leur appel \u00e0 projets <\/span><\/strong><\/span><br \/>\n<span style=\"font-size: 18pt;\"><strong><span style=\"color: #e02222;\">pour le transfert de technologies vers l&#8217;industrie m\u00e9canique <\/span><\/strong><\/span><\/p>\n<p>&nbsp;<\/p>\n<p style=\"text-align: center;\">\n<strong>Le Cetim et le R\u00e9seau SATT initient la 2\u00e8me \u00e9dition de l\u2019appel \u00e0 projets TILT qui a pour but de transf\u00e9rer des r\u00e9sultats de recherche vers des entreprises dans l\u2019optique de d\u00e9velopper de nouveaux produits ou proc\u00e9d\u00e9s utiles pour am\u00e9liorer leur comp\u00e9titivit\u00e9 et p\u00e9renniser leur activit\u00e9 sur le territoire.<\/strong><\/p>\n<p>&nbsp;<\/p>\n<p style=\"text-align: center;\"><span style=\"font-size: 14pt;\"><strong><span style=\"color: #e02222;\">\/\/ Objectifs \/\/<\/span><\/strong><\/span><br \/>\nIdentifier des innovations \u00e0 fort potentiel pour la fili\u00e8re des industries m\u00e9caniques.<\/p>\n<p style=\"text-align: center;\"><span style=\"color: #e02222; font-size: 14pt;\"><strong>\/\/ Cibles \/\/<\/strong><\/span><br \/>\nLaboratoires appartenant aux universit\u00e9s, organismes de recherche et \u00e9coles situ\u00e9s sur le territoire d\u2019une des 10 SATT participantes.<\/p>\n<p style=\"text-align: center;\"><span style=\"color: #e02222; font-size: 14pt;\"><strong>\/\/ Crit\u00e8res \/\/<\/strong><\/span><br \/>\nLe projet doit s\u2019inscrire dans l\u2019une des 12 th\u00e9matiques retenues pour r\u00e9pondre aux besoins prioritaires des industries m\u00e9caniques, allant des capteurs \u00e0 la mod\u00e9lisation en passant par l\u2019efficacit\u00e9 \u00e9nerg\u00e9tique.<\/p>\n<p style=\"text-align: center;\"><span style=\"font-size: 10pt;\"><em>La dur\u00e9e moyenne d\u2019un projet se situe entre 18 et 24 mois. Un projet de recherche ou un sujet de th\u00e8se ne sont pas \u00e9ligibles, ils pourront l\u2019\u00eatre \u00e0 terme lorsque les <span style=\"font-size: 10pt;\">r\u00e9sultats en seront au niveau du \u00ab proof of concept \u00bb laboratoire (TRL3).<\/span><\/em><\/span><\/p>\n<p>&nbsp;<\/p>\n<table class=\" aligncenter\" style=\"height: 78px; width: 545px;\" width=\"620\">\n<tbody>\n<tr>\n<td style=\"width: 537.6px; background-color: #cf0e0e; text-align: center;\"><span style=\"color: #ffffff; font-size: 12pt;\"><strong>Date d\u2019ouverture\u00a0: <\/strong>11 mars 2019<strong><br \/>\nWebinars de pr\u00e9sentation\u00a0: <\/strong>22 mars 2019 ou\u00a017 avril 2019<strong><br \/>\nDate de cl\u00f4ture\u00a0: <\/strong>17 mai 2019<\/span><\/td>\n<\/tr>\n<\/tbody>\n<\/table>\n<p>&nbsp;<\/p>\n<p style=\"text-align: center;\"><span style=\"font-size: 14pt;\"><span style=\"color: #e02222;\">&#8212;&#8212;&#8212;&#8212;&#8212;&#8212;&#8212;&#8212;&#8212;&#8212;&#8211;<\/span><strong><span style=\"color: #e02222;\"> Webinar<\/span><\/strong><span style=\"color: #e02222;\">\u00a0<\/span><strong><span style=\"color: #e02222;\">&#8212;&#8212;&#8212;&#8212;&#8212;&#8212;&#8212;&#8212;&#8212;&#8212;&#8211;<\/span><\/strong><\/span><br \/>\nS&#8217;inscrire \u00e0 un webinar.<\/p>\n<p style=\"text-align: center;\"><span style=\"font-size: 14pt; color: #0000ff;\"><a style=\"color: #0000ff;\" href=\"https:\/\/sphinxdeclic.com\/d\/s\/hnmeue\">&gt;&gt; Inscription &lt;&lt;<\/a><\/span><\/p>\n<p>&nbsp;<\/p>\n<p style=\"text-align: center;\"><span style=\"color: #e02222; font-size: 14pt;\"><span style=\"font-size: 14pt;\"><span style=\"color: #e02222;\">&#8212;&#8212;&#8212;&#8212;&#8212;&#8212;&#8212;&#8212;&#8212;&#8212;&#8211;\u00a0<\/span><\/span><strong>Documents\u00a0<\/strong><span style=\"font-size: 14pt;\"><span style=\"color: #e02222;\">&#8212;&#8212;&#8212;&#8212;&#8212;&#8212;&#8212;&#8212;&#8212;&#8212;&#8211;<\/span><\/span><\/span><br \/>\nT\u00e9l\u00e9charger la Note de cadrage et le Dossier de candidature.<\/p>\n<p style=\"text-align: center;\"><span style=\"font-size: 14pt;\"><a href=\"https:\/\/www.satt.fr\/wp-content\/uploads\/2019\/04\/AAP-TILT-2019.zip\">&gt;&gt; T\u00e9l\u00e9charger &lt;&lt;<\/a><\/span><\/p>\n<p>&nbsp;<\/p>\n<p style=\"text-align: center;\"><span style=\"color: #e02222; font-size: 14pt;\"><span style=\"font-size: 14pt;\"><span style=\"color: #e02222;\">&#8212;&#8212;&#8212;&#8212;&#8212;&#8212;&#8212;&#8212;&#8212;&#8212;&#8211;\u00a0<\/span><\/span><strong>Soumettre un projet\u00a0<\/strong><span style=\"font-size: 14pt;\"><span style=\"color: #e02222;\">&#8212;&#8212;&#8212;&#8212;&#8212;&#8212;&#8212;&#8212;&#8212;&#8212;&#8211;<\/span><\/span><\/span><br \/>\nPour soumettre un projet, t\u00e9l\u00e9chargez la note de cadrage et le dossier de candidature ci-dessous<br \/>\net renvoyez votre dossier complet \u00e0 l&#8217;adresse :<\/p>\n<p style=\"text-align: center;\"><span style=\"font-size: 14pt; color: #0000ff;\"><a style=\"color: #0000ff;\" href=\"mailto:TILT.AAP-2019@satt.fr\">TILT.AAP-2019@satt.fr<\/a><\/span><\/p>\n<p>&nbsp;<\/p>\n<p>&nbsp;<\/p>\n<p>&nbsp;<\/p>\n","protected":false},"excerpt":{"rendered":"<p>&nbsp; Le CETIM et le R\u00e9seau SATT vous pr\u00e9sentent leur appel \u00e0 projets pour le transfert de technologies vers l&#8217;industrie m\u00e9canique &nbsp; Le Cetim et le R\u00e9seau SATT initient la 2\u00e8me \u00e9dition de l\u2019appel \u00e0 projets TILT qui a pour but de transf\u00e9rer des r\u00e9sultats de recherche vers des entreprises dans l\u2019optique de d\u00e9velopper de [&hellip;]<\/p>\n","protected":false},"author":2,"featured_media":0,"parent":0,"menu_order":0,"comment_status":"closed","ping_status":"closed","template":"","meta":{"_acf_changed":false,"footnotes":""},"class_list":["post-27214","page","type-page","status-publish","hentry"],"acf":[],"yoast_head":"<!-- This site is optimized with the Yoast SEO plugin v27.4 - https:\/\/yoast.com\/product\/yoast-seo-wordpress\/ -->\n<title>Appel \u00e0 projet TILT 2019 - R\u00e9seau SATT<\/title>\n<meta name=\"robots\" content=\"index, follow, max-snippet:-1, max-image-preview:large, max-video-preview:-1\" \/>\n<link rel=\"canonical\" href=\"https:\/\/www.satt.fr\/en\/aap-tilt-2019\/\" \/>\n<meta name=\"twitter:label1\" content=\"Est. reading time\" \/>\n\t<meta name=\"twitter:data1\" content=\"1 minute\" \/>\n<script type=\"application\/ld+json\" class=\"yoast-schema-graph\">{\"@context\":\"https:\\\/\\\/schema.org\",\"@graph\":[{\"@type\":\"WebPage\",\"@id\":\"https:\\\/\\\/www.satt.fr\\\/en\\\/aap-tilt-2019\\\/\",\"url\":\"https:\\\/\\\/www.satt.fr\\\/en\\\/aap-tilt-2019\\\/\",\"name\":\"Appel \u00e0 projet TILT 2019 - R\u00e9seau SATT\",\"isPartOf\":{\"@id\":\"https:\\\/\\\/www.satt.fr\\\/en\\\/#website\"},\"primaryImageOfPage\":{\"@id\":\"https:\\\/\\\/www.satt.fr\\\/en\\\/aap-tilt-2019\\\/#primaryimage\"},\"image\":{\"@id\":\"https:\\\/\\\/www.satt.fr\\\/en\\\/aap-tilt-2019\\\/#primaryimage\"},\"thumbnailUrl\":\"https:\\\/\\\/www.satt.fr\\\/wp-content\\\/uploads\\\/2019\\\/03\\\/Bandeau-2-1024x264.png\",\"datePublished\":\"2019-03-05T14:49:32+00:00\",\"breadcrumb\":{\"@id\":\"https:\\\/\\\/www.satt.fr\\\/en\\\/aap-tilt-2019\\\/#breadcrumb\"},\"inLanguage\":\"en-US\",\"potentialAction\":[{\"@type\":\"ReadAction\",\"target\":[\"https:\\\/\\\/www.satt.fr\\\/en\\\/aap-tilt-2019\\\/\"]}]},{\"@type\":\"ImageObject\",\"inLanguage\":\"en-US\",\"@id\":\"https:\\\/\\\/www.satt.fr\\\/en\\\/aap-tilt-2019\\\/#primaryimage\",\"url\":\"https:\\\/\\\/www.satt.fr\\\/wp-content\\\/uploads\\\/2019\\\/03\\\/Bandeau-2-1024x264.png\",\"contentUrl\":\"https:\\\/\\\/www.satt.fr\\\/wp-content\\\/uploads\\\/2019\\\/03\\\/Bandeau-2-1024x264.png\"},{\"@type\":\"BreadcrumbList\",\"@id\":\"https:\\\/\\\/www.satt.fr\\\/en\\\/aap-tilt-2019\\\/#breadcrumb\",\"itemListElement\":[{\"@type\":\"ListItem\",\"position\":1,\"name\":\"Accueil\",\"item\":\"https:\\\/\\\/www.satt.fr\\\/en\\\/\"},{\"@type\":\"ListItem\",\"position\":2,\"name\":\"Appel \u00e0 projet TILT 2019\"}]},{\"@type\":\"WebSite\",\"@id\":\"https:\\\/\\\/www.satt.fr\\\/en\\\/#website\",\"url\":\"https:\\\/\\\/www.satt.fr\\\/en\\\/\",\"name\":\"R\u00e9seau SATT\",\"description\":\"Les Soci\u00e9t\u00e9s d&#039;Acc\u00e9l\u00e9ration du Transfert de Technologies\",\"potentialAction\":[{\"@type\":\"SearchAction\",\"target\":{\"@type\":\"EntryPoint\",\"urlTemplate\":\"https:\\\/\\\/www.satt.fr\\\/en\\\/?s={search_term_string}\"},\"query-input\":{\"@type\":\"PropertyValueSpecification\",\"valueRequired\":true,\"valueName\":\"search_term_string\"}}],\"inLanguage\":\"en-US\"}]}<\/script>\n<!-- \/ Yoast SEO plugin. -->","yoast_head_json":{"title":"Appel \u00e0 projet TILT 2019 - R\u00e9seau SATT","robots":{"index":"index","follow":"follow","max-snippet":"max-snippet:-1","max-image-preview":"max-image-preview:large","max-video-preview":"max-video-preview:-1"},"canonical":"https:\/\/www.satt.fr\/en\/aap-tilt-2019\/","twitter_misc":{"Est. reading time":"1 minute"},"schema":{"@context":"https:\/\/schema.org","@graph":[{"@type":"WebPage","@id":"https:\/\/www.satt.fr\/en\/aap-tilt-2019\/","url":"https:\/\/www.satt.fr\/en\/aap-tilt-2019\/","name":"Appel \u00e0 projet TILT 2019 - R\u00e9seau SATT","isPartOf":{"@id":"https:\/\/www.satt.fr\/en\/#website"},"primaryImageOfPage":{"@id":"https:\/\/www.satt.fr\/en\/aap-tilt-2019\/#primaryimage"},"image":{"@id":"https:\/\/www.satt.fr\/en\/aap-tilt-2019\/#primaryimage"},"thumbnailUrl":"https:\/\/www.satt.fr\/wp-content\/uploads\/2019\/03\/Bandeau-2-1024x264.png","datePublished":"2019-03-05T14:49:32+00:00","breadcrumb":{"@id":"https:\/\/www.satt.fr\/en\/aap-tilt-2019\/#breadcrumb"},"inLanguage":"en-US","potentialAction":[{"@type":"ReadAction","target":["https:\/\/www.satt.fr\/en\/aap-tilt-2019\/"]}]},{"@type":"ImageObject","inLanguage":"en-US","@id":"https:\/\/www.satt.fr\/en\/aap-tilt-2019\/#primaryimage","url":"https:\/\/www.satt.fr\/wp-content\/uploads\/2019\/03\/Bandeau-2-1024x264.png","contentUrl":"https:\/\/www.satt.fr\/wp-content\/uploads\/2019\/03\/Bandeau-2-1024x264.png"},{"@type":"BreadcrumbList","@id":"https:\/\/www.satt.fr\/en\/aap-tilt-2019\/#breadcrumb","itemListElement":[{"@type":"ListItem","position":1,"name":"Accueil","item":"https:\/\/www.satt.fr\/en\/"},{"@type":"ListItem","position":2,"name":"Appel \u00e0 projet TILT 2019"}]},{"@type":"WebSite","@id":"https:\/\/www.satt.fr\/en\/#website","url":"https:\/\/www.satt.fr\/en\/","name":"R\u00e9seau SATT","description":"Les Soci\u00e9t\u00e9s d&#039;Acc\u00e9l\u00e9ration du Transfert de Technologies","potentialAction":[{"@type":"SearchAction","target":{"@type":"EntryPoint","urlTemplate":"https:\/\/www.satt.fr\/en\/?s={search_term_string}"},"query-input":{"@type":"PropertyValueSpecification","valueRequired":true,"valueName":"search_term_string"}}],"inLanguage":"en-US"}]}},"_links":{"self":[{"href":"https:\/\/www.satt.fr\/en\/wp-json\/wp\/v2\/pages\/27214","targetHints":{"allow":["GET"]}}],"collection":[{"href":"https:\/\/www.satt.fr\/en\/wp-json\/wp\/v2\/pages"}],"about":[{"href":"https:\/\/www.satt.fr\/en\/wp-json\/wp\/v2\/types\/page"}],"author":[{"embeddable":true,"href":"https:\/\/www.satt.fr\/en\/wp-json\/wp\/v2\/users\/2"}],"replies":[{"embeddable":true,"href":"https:\/\/www.satt.fr\/en\/wp-json\/wp\/v2\/comments?post=27214"}],"version-history":[{"count":0,"href":"https:\/\/www.satt.fr\/en\/wp-json\/wp\/v2\/pages\/27214\/revisions"}],"wp:attachment":[{"href":"https:\/\/www.satt.fr\/en\/wp-json\/wp\/v2\/media?parent=27214"}],"curies":[{"name":"wp","href":"https:\/\/api.w.org\/{rel}","templated":true}]}}