{"id":27830,"date":"2021-10-28T18:36:00","date_gmt":"2021-10-28T16:36:00","guid":{"rendered":"https:\/\/www.satt.fr\/?page_id=27830"},"modified":"2024-01-17T11:03:20","modified_gmt":"2024-01-17T10:03:20","slug":"startups","status":"publish","type":"page","link":"https:\/\/www.satt.fr\/en\/startups\/","title":{"rendered":"Startups"},"content":{"rendered":"<div id=\"pl-27830\"  class=\"panel-layout\" ><div id=\"pg-27830-0\"  class=\"panel-grid panel-no-style\" ><div id=\"pgc-27830-0-0\"  class=\"panel-grid-cell panel-grid-cell-empty\" ><\/div><\/div><div id=\"pg-27830-1\"  class=\"panel-grid panel-no-style\" ><div id=\"pgc-27830-1-0\"  class=\"panel-grid-cell\" ><div id=\"panel-27830-1-0-0\" class=\"so-panel widget widget_sow-editor panel-first-child\" data-index=\"0\" ><div\n\t\t\t\n\t\t\tclass=\"so-widget-sow-editor so-widget-sow-editor-base\"\n\t\t\t\n\t\t>\n<div class=\"siteorigin-widget-tinymce textwidget\">\n\t<p><span style=\"color: #c90f4c; font-size: 16pt;\"><span style=\"font-size: 16pt;\">Do you want to create your startup or join an innovative and ambitious project ? The SATT Network opens the door to a wealth of opportunities at the heart of the entrepreneurial adventure.<br \/><\/span><\/span><\/p>\n<\/div>\n<\/div><\/div><div id=\"panel-27830-1-0-1\" class=\"so-panel widget widget_sow-editor panel-last-child\" data-index=\"1\" ><div\n\t\t\t\n\t\t\tclass=\"so-widget-sow-editor so-widget-sow-editor-base\"\n\t\t\t\n\t\t>\n<div class=\"siteorigin-widget-tinymce textwidget\">\n\t<p>The <a href=\"https:\/\/www.satt.fr\/en\/societe-acceleration-transfert-technologies\/\">SATTs<\/a> support the technological development of innovative, technology-intensive projects resulting from several years of research in public laboratories. The result is the creation of formidable DeepTech startup projects.<\/p>\n<\/div>\n<\/div><\/div><\/div><\/div><div id=\"pg-27830-2\"  class=\"panel-grid panel-no-style\" ><div id=\"pgc-27830-2-0\"  class=\"panel-grid-cell\" ><div id=\"panel-27830-2-0-0\" class=\"so-panel widget widget_sow-editor panel-first-child panel-last-child\" data-index=\"2\" ><div class=\"panel-widget-style panel-widget-style-for-27830-2-0-0\" ><div\n\t\t\t\n\t\t\tclass=\"so-widget-sow-editor so-widget-sow-editor-base\"\n\t\t\t\n\t\t>\n<div class=\"siteorigin-widget-tinymce textwidget\">\n\t<p style=\"text-align: center;\">Do you have an ambitious<br \/>\nDeepTech startup project<br \/>\nresulting from public research?<\/p>\n<\/div>\n<\/div><\/div><\/div><\/div><div id=\"pgc-27830-2-1\"  class=\"panel-grid-cell\" ><div id=\"panel-27830-2-1-0\" class=\"so-panel widget widget_sow-editor panel-first-child panel-last-child\" data-index=\"3\" ><div class=\"panel-widget-style panel-widget-style-for-27830-2-1-0\" ><div\n\t\t\t\n\t\t\tclass=\"so-widget-sow-editor so-widget-sow-editor-base\"\n\t\t\t\n\t\t>\n<div class=\"siteorigin-widget-tinymce textwidget\">\n\t<p style=\"text-align: center;\">Are you looking to join<br \/>\nor support the development<br \/>\nof a DeepTech startup?<\/p>\n<\/div>\n<\/div><\/div><\/div><\/div><div id=\"pgc-27830-2-2\"  class=\"panel-grid-cell\" ><div id=\"panel-27830-2-2-0\" class=\"so-panel widget widget_sow-editor panel-first-child panel-last-child\" data-index=\"4\" ><div class=\"panel-widget-style panel-widget-style-for-27830-2-2-0\" ><div\n\t\t\t\n\t\t\tclass=\"so-widget-sow-editor so-widget-sow-editor-base\"\n\t\t\t\n\t\t>\n<div class=\"siteorigin-widget-tinymce textwidget\">\n\t<p style=\"text-align: center;\">Do you want to strengthen<br \/>\nyour startup by integrating<br \/>\na DeepTech innovation?<\/p>\n<\/div>\n<\/div><\/div><\/div><\/div><\/div><div id=\"pg-27830-3\"  class=\"panel-grid panel-no-style\" ><div id=\"pgc-27830-3-0\"  class=\"panel-grid-cell panel-grid-cell-empty panel-grid-cell-mobile-last\" ><\/div><div id=\"pgc-27830-3-1\"  class=\"panel-grid-cell panel-grid-cell-empty\" ><\/div><\/div><div id=\"pg-27830-4\"  class=\"panel-grid panel-has-style\" ><div class=\"panel-row-style panel-row-style-for-27830-4\" ><div id=\"pgc-27830-4-0\"  class=\"panel-grid-cell\" ><div id=\"panel-27830-4-0-0\" class=\"so-panel widget widget_sow-editor panel-first-child\" data-index=\"5\" ><div\n\t\t\t\n\t\t\tclass=\"so-widget-sow-editor so-widget-sow-editor-base\"\n\t\t\t\n\t\t>\n<div class=\"siteorigin-widget-tinymce textwidget\">\n\t<p style=\"text-align: center;\"><em><span style=\"color: #c90f4c; font-size: 14pt;\"><span style=\"font-size: 14pt;\">Discover the SATT seeds !<\/span><\/span><\/em><\/p>\n<\/div>\n<\/div><\/div><div id=\"panel-27830-4-0-1\" class=\"so-panel widget widget_sow-editor panel-last-child\" data-index=\"6\" ><div\n\t\t\t\n\t\t\tclass=\"so-widget-sow-editor so-widget-sow-editor-base\"\n\t\t\t\n\t\t>\n<div class=\"siteorigin-widget-tinymce textwidget\">\n\t<div id=\"metaslider-id-24289\" style=\"width: 100%; margin: 0 auto;\" class=\"ml-slider-3-106-0 metaslider metaslider-flex metaslider-24289 ml-slider has-dots-nav has-carousel-mode ms-theme-default\" role=\"region\" aria-label=\"SATT startups\" data-height=\"500\" data-width=\"150\">\n    <div id=\"metaslider_container_24289\">\n        <div id=\"metaslider_24289\">\n            <ul class='slides'>\n                <li style=\"display: none; width: 100%;\" class=\"slide-24299 ms-image \" aria-roledescription=\"slide\" data-date=\"2021-04-15 10:39:50\" data-filename=\"AST-2.png\" data-slide-type=\"image\"><a href=\"https:\/\/www.ast-innovations.com\/proposez-un-projet\/participez-projet-startup\/projet-startup\" target=\"_self\" aria-label=\"View Slide Details\" class=\"metaslider_image_link\"><img loading=\"lazy\" decoding=\"async\" width=\"500\" height=\"370\" src=\"https:\/\/www.satt.fr\/wp-content\/uploads\/2021\/04\/AST-2.png\" class=\"slider-24289 slide-24299 msDefaultImage\" alt=\"\" rel=\"\" title=\"AST\" srcset=\"https:\/\/www.satt.fr\/wp-content\/uploads\/2021\/04\/AST-2.png 500w, https:\/\/www.satt.fr\/wp-content\/uploads\/2021\/04\/AST-2-150x111.png 150w, https:\/\/www.satt.fr\/wp-content\/uploads\/2021\/04\/AST-2-300x222.png 300w, https:\/\/www.satt.fr\/wp-content\/uploads\/2021\/04\/AST-2-135x100.png 135w\" sizes=\"auto, (max-width: 500px) 100vw, 500px\" \/><\/a><\/li>\n                <li style=\"display: none; width: 100%;\" class=\"slide-24300 ms-image \" aria-roledescription=\"slide\" data-date=\"2021-04-15 10:39:50\" data-filename=\"AxLR-3-1.png\" data-slide-type=\"image\"><a href=\"https:\/\/axlr.com\/offres-de-technologies\/les-start-up\/\" target=\"_self\" aria-label=\"View Slide Details\" class=\"metaslider_image_link\"><img loading=\"lazy\" decoding=\"async\" width=\"500\" height=\"370\" src=\"https:\/\/www.satt.fr\/wp-content\/uploads\/2022\/08\/AxLR-3-1.png\" class=\"slider-24289 slide-24300 msDefaultImage\" alt=\"\" rel=\"\" title=\"AxLR-3\" srcset=\"https:\/\/www.satt.fr\/wp-content\/uploads\/2022\/08\/AxLR-3-1.png 500w, https:\/\/www.satt.fr\/wp-content\/uploads\/2022\/08\/AxLR-3-1-300x222.png 300w, https:\/\/www.satt.fr\/wp-content\/uploads\/2022\/08\/AxLR-3-1-150x111.png 150w, https:\/\/www.satt.fr\/wp-content\/uploads\/2022\/08\/AxLR-3-1-135x100.png 135w\" sizes=\"auto, (max-width: 500px) 100vw, 500px\" \/><\/a><\/li>\n                <li style=\"display: none; width: 100%;\" class=\"slide-24301 ms-image \" aria-roledescription=\"slide\" data-date=\"2021-04-15 10:39:50\" data-filename=\"Conectus-1.png\" data-slide-type=\"image\"><a href=\"https:\/\/www.conectus.fr\/startups\" target=\"_self\" aria-label=\"View Slide Details\" class=\"metaslider_image_link\"><img loading=\"lazy\" decoding=\"async\" width=\"500\" height=\"370\" src=\"https:\/\/www.satt.fr\/wp-content\/uploads\/2021\/04\/Conectus-1.png\" class=\"slider-24289 slide-24301 msDefaultImage\" alt=\"\" rel=\"\" title=\"Conectus-1\" srcset=\"https:\/\/www.satt.fr\/wp-content\/uploads\/2021\/04\/Conectus-1.png 500w, https:\/\/www.satt.fr\/wp-content\/uploads\/2021\/04\/Conectus-1-150x111.png 150w, https:\/\/www.satt.fr\/wp-content\/uploads\/2021\/04\/Conectus-1-300x222.png 300w, https:\/\/www.satt.fr\/wp-content\/uploads\/2021\/04\/Conectus-1-135x100.png 135w\" sizes=\"auto, (max-width: 500px) 100vw, 500px\" \/><\/a><\/li>\n                <li style=\"display: none; width: 100%;\" class=\"slide-24302 ms-image \" aria-roledescription=\"slide\" data-date=\"2021-04-15 10:39:51\" data-filename=\"Erganeo-1.png\" data-slide-type=\"image\"><a href=\"https:\/\/www.erganeo.com\/fr\/portefeuille\" target=\"_self\" aria-label=\"View Slide Details\" class=\"metaslider_image_link\"><img loading=\"lazy\" decoding=\"async\" width=\"500\" height=\"370\" src=\"https:\/\/www.satt.fr\/wp-content\/uploads\/2021\/04\/Erganeo-1.png\" class=\"slider-24289 slide-24302 msDefaultImage\" alt=\"\" rel=\"\" title=\"Erganeo-1\" srcset=\"https:\/\/www.satt.fr\/wp-content\/uploads\/2021\/04\/Erganeo-1.png 500w, https:\/\/www.satt.fr\/wp-content\/uploads\/2021\/04\/Erganeo-1-150x111.png 150w, https:\/\/www.satt.fr\/wp-content\/uploads\/2021\/04\/Erganeo-1-300x222.png 300w, https:\/\/www.satt.fr\/wp-content\/uploads\/2021\/04\/Erganeo-1-135x100.png 135w\" sizes=\"auto, (max-width: 500px) 100vw, 500px\" \/><\/a><\/li>\n                <li style=\"display: none; width: 100%;\" class=\"slide-24290 ms-image \" aria-roledescription=\"slide\" data-date=\"2021-04-15 10:39:50\" data-filename=\"Linksium-1.png\" data-slide-type=\"image\"><a href=\"https:\/\/www.linksium.fr\/nos-startups\" target=\"_self\" aria-label=\"View Slide Details\" class=\"metaslider_image_link\"><img loading=\"lazy\" decoding=\"async\" width=\"500\" height=\"370\" src=\"https:\/\/www.satt.fr\/wp-content\/uploads\/2021\/04\/Linksium-1.png\" class=\"slider-24289 slide-24290 msDefaultImage\" alt=\"\" rel=\"\" title=\"Linksium-1\" srcset=\"https:\/\/www.satt.fr\/wp-content\/uploads\/2021\/04\/Linksium-1.png 500w, https:\/\/www.satt.fr\/wp-content\/uploads\/2021\/04\/Linksium-1-150x111.png 150w, https:\/\/www.satt.fr\/wp-content\/uploads\/2021\/04\/Linksium-1-300x222.png 300w, https:\/\/www.satt.fr\/wp-content\/uploads\/2021\/04\/Linksium-1-135x100.png 135w\" sizes=\"auto, (max-width: 500px) 100vw, 500px\" \/><\/a><\/li>\n                <li style=\"display: none; width: 100%;\" class=\"slide-24291 ms-image \" aria-roledescription=\"slide\" data-date=\"2021-04-15 10:39:50\" data-filename=\"OV-1.png\" data-slide-type=\"image\"><a href=\"https:\/\/www.ouest-valorisation.fr\/fr\/start-up\/nos-reussites\/\" target=\"_self\" aria-label=\"View Slide Details\" class=\"metaslider_image_link\"><img loading=\"lazy\" decoding=\"async\" width=\"500\" height=\"370\" src=\"https:\/\/www.satt.fr\/wp-content\/uploads\/2021\/04\/OV-1.png\" class=\"slider-24289 slide-24291 msDefaultImage\" alt=\"\" rel=\"\" title=\"OV-1\" srcset=\"https:\/\/www.satt.fr\/wp-content\/uploads\/2021\/04\/OV-1.png 500w, https:\/\/www.satt.fr\/wp-content\/uploads\/2021\/04\/OV-1-150x111.png 150w, https:\/\/www.satt.fr\/wp-content\/uploads\/2021\/04\/OV-1-300x222.png 300w, https:\/\/www.satt.fr\/wp-content\/uploads\/2021\/04\/OV-1-135x100.png 135w\" sizes=\"auto, (max-width: 500px) 100vw, 500px\" \/><\/a><\/li>\n                <li style=\"display: none; width: 100%;\" class=\"slide-24292 ms-image \" aria-roledescription=\"slide\" data-date=\"2021-04-15 10:39:50\" data-filename=\"Pulsalys-1.png\" data-slide-type=\"image\"><a href=\"https:\/\/www.pulsalys.fr\/article\/nos-startups\" target=\"_self\" aria-label=\"View Slide Details\" class=\"metaslider_image_link\"><img loading=\"lazy\" decoding=\"async\" width=\"500\" height=\"370\" src=\"https:\/\/www.satt.fr\/wp-content\/uploads\/2021\/04\/Pulsalys-1.png\" class=\"slider-24289 slide-24292 msDefaultImage\" alt=\"\" rel=\"\" title=\"Pulsalys-1\" srcset=\"https:\/\/www.satt.fr\/wp-content\/uploads\/2021\/04\/Pulsalys-1.png 500w, https:\/\/www.satt.fr\/wp-content\/uploads\/2021\/04\/Pulsalys-1-150x111.png 150w, https:\/\/www.satt.fr\/wp-content\/uploads\/2021\/04\/Pulsalys-1-300x222.png 300w, https:\/\/www.satt.fr\/wp-content\/uploads\/2021\/04\/Pulsalys-1-135x100.png 135w\" sizes=\"auto, (max-width: 500px) 100vw, 500px\" \/><\/a><\/li>\n                <li style=\"display: none; width: 100%;\" class=\"slide-24440 ms-image \" aria-roledescription=\"slide\" data-date=\"2021-04-15 11:17:16\" data-filename=\"SATT-Lutech-1.png\" data-slide-type=\"image\"><a href=\"https:\/\/www.sattlutech.com\/\" target=\"_self\" aria-label=\"View Slide Details\" class=\"metaslider_image_link\"><img loading=\"lazy\" decoding=\"async\" width=\"500\" height=\"370\" src=\"https:\/\/www.satt.fr\/wp-content\/uploads\/2021\/04\/SATT-Lutech-1.png\" class=\"slider-24289 slide-24440 msDefaultImage\" alt=\"\" rel=\"\" title=\"SATT-Lutech-1\" srcset=\"https:\/\/www.satt.fr\/wp-content\/uploads\/2021\/04\/SATT-Lutech-1.png 500w, https:\/\/www.satt.fr\/wp-content\/uploads\/2021\/04\/SATT-Lutech-1-150x111.png 150w, https:\/\/www.satt.fr\/wp-content\/uploads\/2021\/04\/SATT-Lutech-1-300x222.png 300w, https:\/\/www.satt.fr\/wp-content\/uploads\/2021\/04\/SATT-Lutech-1-135x100.png 135w\" sizes=\"auto, (max-width: 500px) 100vw, 500px\" \/><\/a><\/li>\n                <li style=\"display: none; width: 100%;\" class=\"slide-24441 ms-image \" aria-roledescription=\"slide\" data-date=\"2021-04-15 11:17:49\" data-filename=\"SATT-Nord-1.png\" data-slide-type=\"image\"><a href=\"https:\/\/sattnord.fr\/\" target=\"_self\" aria-label=\"View Slide Details\" class=\"metaslider_image_link\"><img loading=\"lazy\" decoding=\"async\" width=\"500\" height=\"370\" src=\"https:\/\/www.satt.fr\/wp-content\/uploads\/2023\/02\/SATT-Nord-1.png\" class=\"slider-24289 slide-24441 msDefaultImage\" alt=\"\" rel=\"\" title=\"SATT-Nord-1\" srcset=\"https:\/\/www.satt.fr\/wp-content\/uploads\/2023\/02\/SATT-Nord-1.png 500w, https:\/\/www.satt.fr\/wp-content\/uploads\/2023\/02\/SATT-Nord-1-300x222.png 300w, https:\/\/www.satt.fr\/wp-content\/uploads\/2023\/02\/SATT-Nord-1-150x111.png 150w, https:\/\/www.satt.fr\/wp-content\/uploads\/2023\/02\/SATT-Nord-1-135x100.png 135w\" sizes=\"auto, (max-width: 500px) 100vw, 500px\" \/><\/a><\/li>\n                <li style=\"display: none; width: 100%;\" class=\"slide-24442 ms-image \" aria-roledescription=\"slide\" data-date=\"2021-04-15 11:18:05\" data-filename=\"SATT-Paris-Saclay.png\" data-slide-type=\"image\"><a href=\"https:\/\/satt-paris-saclay.fr\/deeptech-succes\/\" target=\"_self\" aria-label=\"View Slide Details\" class=\"metaslider_image_link\"><img loading=\"lazy\" decoding=\"async\" width=\"500\" height=\"370\" src=\"https:\/\/www.satt.fr\/wp-content\/uploads\/2021\/04\/SATT-Paris-Saclay.png\" class=\"slider-24289 slide-24442 msDefaultImage\" alt=\"\" rel=\"\" title=\"SATT-Paris-Saclay\" srcset=\"https:\/\/www.satt.fr\/wp-content\/uploads\/2021\/04\/SATT-Paris-Saclay.png 500w, https:\/\/www.satt.fr\/wp-content\/uploads\/2021\/04\/SATT-Paris-Saclay-150x111.png 150w, https:\/\/www.satt.fr\/wp-content\/uploads\/2021\/04\/SATT-Paris-Saclay-300x222.png 300w, https:\/\/www.satt.fr\/wp-content\/uploads\/2021\/04\/SATT-Paris-Saclay-135x100.png 135w\" sizes=\"auto, (max-width: 500px) 100vw, 500px\" \/><\/a><\/li>\n                <li style=\"display: none; width: 100%;\" class=\"slide-24443 ms-image \" aria-roledescription=\"slide\" data-date=\"2021-04-15 11:18:25\" data-filename=\"SATT-Sud-1.png\" data-slide-type=\"image\"><a href=\"https:\/\/www.sattse.com\/\" target=\"_self\" aria-label=\"View Slide Details\" class=\"metaslider_image_link\"><img loading=\"lazy\" decoding=\"async\" width=\"500\" height=\"370\" src=\"https:\/\/www.satt.fr\/wp-content\/uploads\/2021\/04\/SATT-Sud-1.png\" class=\"slider-24289 slide-24443 msDefaultImage\" alt=\"\" rel=\"\" title=\"SATT-Sud-1\" srcset=\"https:\/\/www.satt.fr\/wp-content\/uploads\/2021\/04\/SATT-Sud-1.png 500w, https:\/\/www.satt.fr\/wp-content\/uploads\/2021\/04\/SATT-Sud-1-150x111.png 150w, https:\/\/www.satt.fr\/wp-content\/uploads\/2021\/04\/SATT-Sud-1-300x222.png 300w, https:\/\/www.satt.fr\/wp-content\/uploads\/2021\/04\/SATT-Sud-1-135x100.png 135w\" sizes=\"auto, (max-width: 500px) 100vw, 500px\" \/><\/a><\/li>\n                <li style=\"display: none; width: 100%;\" class=\"slide-24297 ms-image \" aria-roledescription=\"slide\" data-date=\"2021-04-15 10:39:50\" data-filename=\"Sayens-1.png\" data-slide-type=\"image\"><a href=\"https:\/\/sayens.fr\/\" target=\"_self\" aria-label=\"View Slide Details\" class=\"metaslider_image_link\"><img loading=\"lazy\" decoding=\"async\" width=\"500\" height=\"370\" src=\"https:\/\/www.satt.fr\/wp-content\/uploads\/2021\/04\/Sayens-1.png\" class=\"slider-24289 slide-24297 msDefaultImage\" alt=\"\" rel=\"\" title=\"Sayens-1\" srcset=\"https:\/\/www.satt.fr\/wp-content\/uploads\/2021\/04\/Sayens-1.png 500w, https:\/\/www.satt.fr\/wp-content\/uploads\/2021\/04\/Sayens-1-150x111.png 150w, https:\/\/www.satt.fr\/wp-content\/uploads\/2021\/04\/Sayens-1-300x222.png 300w, https:\/\/www.satt.fr\/wp-content\/uploads\/2021\/04\/Sayens-1-135x100.png 135w\" sizes=\"auto, (max-width: 500px) 100vw, 500px\" \/><\/a><\/li>\n                <li style=\"display: none; width: 100%;\" class=\"slide-24298 ms-image \" aria-roledescription=\"slide\" data-date=\"2021-04-15 10:39:50\" data-filename=\"TTT-1.png\" data-slide-type=\"image\"><a href=\"https:\/\/www.toulouse-tech-transfer.com\/\" target=\"_self\" aria-label=\"View Slide Details\" class=\"metaslider_image_link\"><img loading=\"lazy\" decoding=\"async\" width=\"500\" height=\"370\" src=\"https:\/\/www.satt.fr\/wp-content\/uploads\/2023\/02\/TTT-1.png\" class=\"slider-24289 slide-24298 msDefaultImage\" alt=\"\" rel=\"\" title=\"TTT-1\" srcset=\"https:\/\/www.satt.fr\/wp-content\/uploads\/2023\/02\/TTT-1.png 500w, https:\/\/www.satt.fr\/wp-content\/uploads\/2023\/02\/TTT-1-300x222.png 300w, https:\/\/www.satt.fr\/wp-content\/uploads\/2023\/02\/TTT-1-150x111.png 150w, https:\/\/www.satt.fr\/wp-content\/uploads\/2023\/02\/TTT-1-135x100.png 135w\" sizes=\"auto, (max-width: 500px) 100vw, 500px\" \/><\/a><\/li>\n            <\/ul>\n        <\/div>\n        \n    <\/div>\n<\/div>\n<\/div>\n<\/div><\/div><\/div><\/div><\/div><\/div>","protected":false},"excerpt":{"rendered":"<p>Do you want to create your startup or join an innovative and ambitious project ? The SATT Network opens the door to a wealth of opportunities at the heart of the entrepreneurial adventure. The SATTs support the technological development of innovative, technology-intensive projects resulting from several years of research in public laboratories. The result is [&hellip;]<\/p>\n","protected":false},"author":2,"featured_media":24482,"parent":0,"menu_order":0,"comment_status":"closed","ping_status":"closed","template":"","meta":{"_acf_changed":false,"footnotes":""},"class_list":["post-27830","page","type-page","status-publish","has-post-thumbnail","hentry"],"acf":[],"yoast_head":"<!-- This site is optimized with the Yoast SEO plugin v27.2 - https:\/\/yoast.com\/product\/yoast-seo-wordpress\/ -->\n<title>Startups - R\u00e9seau SATT<\/title>\n<meta name=\"robots\" content=\"index, follow, max-snippet:-1, max-image-preview:large, max-video-preview:-1\" \/>\n<link rel=\"canonical\" href=\"https:\/\/www.satt.fr\/en\/startups\/\" \/>\n<meta name=\"twitter:label1\" content=\"Est. reading time\" \/>\n\t<meta name=\"twitter:data1\" content=\"4 minutes\" \/>\n<script type=\"application\/ld+json\" class=\"yoast-schema-graph\">{\"@context\":\"https:\/\/schema.org\",\"@graph\":[{\"@type\":\"WebPage\",\"@id\":\"https:\/\/www.satt.fr\/en\/startups\/\",\"url\":\"https:\/\/www.satt.fr\/en\/startups\/\",\"name\":\"Startups - R\u00e9seau SATT\",\"isPartOf\":{\"@id\":\"https:\/\/www.satt.fr\/en\/#website\"},\"primaryImageOfPage\":{\"@id\":\"https:\/\/www.satt.fr\/en\/startups\/#primaryimage\"},\"image\":{\"@id\":\"https:\/\/www.satt.fr\/en\/startups\/#primaryimage\"},\"thumbnailUrl\":\"https:\/\/www.satt.fr\/wp-content\/uploads\/2021\/04\/img-Startuppers.jpg\",\"datePublished\":\"2021-10-28T16:36:00+00:00\",\"dateModified\":\"2024-01-17T10:03:20+00:00\",\"breadcrumb\":{\"@id\":\"https:\/\/www.satt.fr\/en\/startups\/#breadcrumb\"},\"inLanguage\":\"en-US\",\"potentialAction\":[{\"@type\":\"ReadAction\",\"target\":[\"https:\/\/www.satt.fr\/en\/startups\/\"]}]},{\"@type\":\"ImageObject\",\"inLanguage\":\"en-US\",\"@id\":\"https:\/\/www.satt.fr\/en\/startups\/#primaryimage\",\"url\":\"https:\/\/www.satt.fr\/wp-content\/uploads\/2021\/04\/img-Startuppers.jpg\",\"contentUrl\":\"https:\/\/www.satt.fr\/wp-content\/uploads\/2021\/04\/img-Startuppers.jpg\",\"width\":1169,\"height\":353},{\"@type\":\"BreadcrumbList\",\"@id\":\"https:\/\/www.satt.fr\/en\/startups\/#breadcrumb\",\"itemListElement\":[{\"@type\":\"ListItem\",\"position\":1,\"name\":\"Accueil\",\"item\":\"https:\/\/www.satt.fr\/en\/\"},{\"@type\":\"ListItem\",\"position\":2,\"name\":\"Startups\"}]},{\"@type\":\"WebSite\",\"@id\":\"https:\/\/www.satt.fr\/en\/#website\",\"url\":\"https:\/\/www.satt.fr\/en\/\",\"name\":\"R\u00e9seau SATT\",\"description\":\"Les Soci\u00e9t\u00e9s d&#039;Acc\u00e9l\u00e9ration du Transfert de Technologies\",\"potentialAction\":[{\"@type\":\"SearchAction\",\"target\":{\"@type\":\"EntryPoint\",\"urlTemplate\":\"https:\/\/www.satt.fr\/en\/?s={search_term_string}\"},\"query-input\":{\"@type\":\"PropertyValueSpecification\",\"valueRequired\":true,\"valueName\":\"search_term_string\"}}],\"inLanguage\":\"en-US\"}]}<\/script>\n<!-- \/ Yoast SEO plugin. -->","yoast_head_json":{"title":"Startups - R\u00e9seau SATT","robots":{"index":"index","follow":"follow","max-snippet":"max-snippet:-1","max-image-preview":"max-image-preview:large","max-video-preview":"max-video-preview:-1"},"canonical":"https:\/\/www.satt.fr\/en\/startups\/","twitter_misc":{"Est. reading time":"4 minutes"},"schema":{"@context":"https:\/\/schema.org","@graph":[{"@type":"WebPage","@id":"https:\/\/www.satt.fr\/en\/startups\/","url":"https:\/\/www.satt.fr\/en\/startups\/","name":"Startups - R\u00e9seau SATT","isPartOf":{"@id":"https:\/\/www.satt.fr\/en\/#website"},"primaryImageOfPage":{"@id":"https:\/\/www.satt.fr\/en\/startups\/#primaryimage"},"image":{"@id":"https:\/\/www.satt.fr\/en\/startups\/#primaryimage"},"thumbnailUrl":"https:\/\/www.satt.fr\/wp-content\/uploads\/2021\/04\/img-Startuppers.jpg","datePublished":"2021-10-28T16:36:00+00:00","dateModified":"2024-01-17T10:03:20+00:00","breadcrumb":{"@id":"https:\/\/www.satt.fr\/en\/startups\/#breadcrumb"},"inLanguage":"en-US","potentialAction":[{"@type":"ReadAction","target":["https:\/\/www.satt.fr\/en\/startups\/"]}]},{"@type":"ImageObject","inLanguage":"en-US","@id":"https:\/\/www.satt.fr\/en\/startups\/#primaryimage","url":"https:\/\/www.satt.fr\/wp-content\/uploads\/2021\/04\/img-Startuppers.jpg","contentUrl":"https:\/\/www.satt.fr\/wp-content\/uploads\/2021\/04\/img-Startuppers.jpg","width":1169,"height":353},{"@type":"BreadcrumbList","@id":"https:\/\/www.satt.fr\/en\/startups\/#breadcrumb","itemListElement":[{"@type":"ListItem","position":1,"name":"Accueil","item":"https:\/\/www.satt.fr\/en\/"},{"@type":"ListItem","position":2,"name":"Startups"}]},{"@type":"WebSite","@id":"https:\/\/www.satt.fr\/en\/#website","url":"https:\/\/www.satt.fr\/en\/","name":"R\u00e9seau SATT","description":"Les Soci\u00e9t\u00e9s d&#039;Acc\u00e9l\u00e9ration du Transfert de Technologies","potentialAction":[{"@type":"SearchAction","target":{"@type":"EntryPoint","urlTemplate":"https:\/\/www.satt.fr\/en\/?s={search_term_string}"},"query-input":{"@type":"PropertyValueSpecification","valueRequired":true,"valueName":"search_term_string"}}],"inLanguage":"en-US"}]}},"_links":{"self":[{"href":"https:\/\/www.satt.fr\/en\/wp-json\/wp\/v2\/pages\/27830","targetHints":{"allow":["GET"]}}],"collection":[{"href":"https:\/\/www.satt.fr\/en\/wp-json\/wp\/v2\/pages"}],"about":[{"href":"https:\/\/www.satt.fr\/en\/wp-json\/wp\/v2\/types\/page"}],"author":[{"embeddable":true,"href":"https:\/\/www.satt.fr\/en\/wp-json\/wp\/v2\/users\/2"}],"replies":[{"embeddable":true,"href":"https:\/\/www.satt.fr\/en\/wp-json\/wp\/v2\/comments?post=27830"}],"version-history":[{"count":5,"href":"https:\/\/www.satt.fr\/en\/wp-json\/wp\/v2\/pages\/27830\/revisions"}],"predecessor-version":[{"id":39850,"href":"https:\/\/www.satt.fr\/en\/wp-json\/wp\/v2\/pages\/27830\/revisions\/39850"}],"wp:featuredmedia":[{"embeddable":true,"href":"https:\/\/www.satt.fr\/en\/wp-json\/wp\/v2\/media\/24482"}],"wp:attachment":[{"href":"https:\/\/www.satt.fr\/en\/wp-json\/wp\/v2\/media?parent=27830"}],"curies":[{"name":"wp","href":"https:\/\/api.w.org\/{rel}","templated":true}]}}