{"id":35919,"date":"2023-04-03T14:53:57","date_gmt":"2023-04-03T12:53:57","guid":{"rendered":"https:\/\/www.satt.fr\/?page_id=35919"},"modified":"2025-02-20T14:17:03","modified_gmt":"2025-02-20T13:17:03","slug":"the-satt-network","status":"publish","type":"page","link":"https:\/\/www.satt.fr\/en\/the-satt-network\/","title":{"rendered":"The SATT Network"},"content":{"rendered":"<div id=\"pl-35919\"  class=\"panel-layout\" ><div id=\"pg-35919-0\"  class=\"panel-grid panel-has-style\" ><div class=\"panel-row-style panel-row-style-for-35919-0\" ><div id=\"pgc-35919-0-0\"  class=\"panel-grid-cell\" ><div id=\"panel-35919-0-0-0\" class=\"so-panel widget widget_sow-editor panel-first-child panel-last-child\" data-index=\"0\" ><div class=\"panel-widget-style panel-widget-style-for-35919-0-0-0\" ><div\n\t\t\t\n\t\t\tclass=\"so-widget-sow-editor so-widget-sow-editor-base\"\n\t\t\t\n\t\t>\n<div class=\"siteorigin-widget-tinymce textwidget\">\n\t<p>&nbsp;<\/p>\n<h3><\/h3>\n<p><strong>The SATT Network brings together 13 Technology Transfer Acceleration Companies in France. Committed to economic dynamism thanks to scientific innovations stemming from public research, the SATTs provide companies with high-potential technological solutions to improve their competitiveness.<\/strong><\/p>\n<p><span style=\"font-weight: 400;\">With more than 800 startups created, the SATTs are the leading local players in the French government's DeepTech Plan, operated by Bpifrance. They are connected on a daily basis to more than 150,000 researchers and offer privileged access to innovations from public laboratories. With their national network, they are the strategic partners of companies seeking growth through innovation.<\/span><\/p>\n<\/div>\n<\/div><\/div><\/div><\/div><\/div><\/div><div id=\"pg-35919-1\"  class=\"panel-grid panel-no-style\" ><div id=\"pgc-35919-1-0\"  class=\"panel-grid-cell panel-grid-cell-empty\" ><\/div><\/div><div id=\"pg-35919-2\"  class=\"panel-grid panel-no-style\" ><div id=\"pgc-35919-2-0\"  class=\"panel-grid-cell\" ><div id=\"panel-35919-2-0-0\" class=\"so-panel widget widget_siteorigin-panels-builder panel-first-child panel-last-child\" data-index=\"1\" ><div class=\"panel-widget-style panel-widget-style-for-35919-2-0-0\" ><div id=\"pl-w67b72b4f48420\"  class=\"panel-layout\" ><div id=\"pg-w67b72b4f48420-0\"  class=\"panel-grid panel-no-style\" ><div id=\"pgc-w67b72b4f48420-0-0\"  class=\"panel-grid-cell\" ><div id=\"panel-w67b72b4f48420-0-0-0\" class=\"so-panel widget widget_sow-editor panel-first-child panel-last-child\" data-index=\"0\" ><div class=\"panel-widget-style panel-widget-style-for-w67b72b4f48420-0-0-0\" ><div\n\t\t\t\n\t\t\tclass=\"so-widget-sow-editor so-widget-sow-editor-base\"\n\t\t\t\n\t\t>\n<div class=\"siteorigin-widget-tinymce textwidget\">\n\t<p><font size=\"+1\"><\/p>\n<p style=\"text-align: center;\"><strong>The team<\/strong><\/p>\n<p><\/font><\/p>\n<\/div>\n<\/div><\/div><\/div><\/div><\/div><\/div><\/div><\/div><\/div><\/div><div id=\"pg-35919-3\"  class=\"panel-grid panel-no-style\" ><div id=\"pgc-35919-3-0\"  class=\"panel-grid-cell\" ><div id=\"panel-35919-3-0-0\" class=\"so-panel widget widget_siteorigin-panels-builder panel-first-child panel-last-child\" data-index=\"2\" ><div id=\"pl-w67b72b4f48527\"  class=\"panel-layout\" ><div id=\"pg-w67b72b4f48527-0\"  class=\"panel-grid panel-has-style\" ><div class=\"panel-row-style panel-row-style-for-w67b72b4f48527-0\" ><div id=\"pgc-w67b72b4f48527-0-0\"  class=\"panel-grid-cell\" ><div id=\"panel-w67b72b4f48527-0-0-0\" class=\"so-panel widget widget_media_image panel-first-child\" data-index=\"0\" ><img loading=\"lazy\" decoding=\"async\" width=\"200\" height=\"200\" src=\"https:\/\/www.satt.fr\/wp-content\/uploads\/2024\/07\/Aquitaine_Science_Transfert_Maylis_CHUSSEAU-1-300x300.png\" class=\"image wp-image-42214  attachment-200x200 size-200x200\" alt=\"\" style=\"max-width: 100%; height: auto;\" srcset=\"https:\/\/www.satt.fr\/wp-content\/uploads\/2024\/07\/Aquitaine_Science_Transfert_Maylis_CHUSSEAU-1-300x300.png 300w, https:\/\/www.satt.fr\/wp-content\/uploads\/2024\/07\/Aquitaine_Science_Transfert_Maylis_CHUSSEAU-1-150x150.png 150w, https:\/\/www.satt.fr\/wp-content\/uploads\/2024\/07\/Aquitaine_Science_Transfert_Maylis_CHUSSEAU-1-500x500.png 500w, https:\/\/www.satt.fr\/wp-content\/uploads\/2024\/07\/Aquitaine_Science_Transfert_Maylis_CHUSSEAU-1-100x100.png 100w, https:\/\/www.satt.fr\/wp-content\/uploads\/2024\/07\/Aquitaine_Science_Transfert_Maylis_CHUSSEAU-1.png 600w\" sizes=\"auto, (max-width: 200px) 100vw, 200px\" \/><\/div>        <div class=\"bloc-reseau\">\r\n            <div class=\"bloc-reseau-img\">\r\n                <div class=\"row no-gutters \">\r\n                    <div class=\"col-md-12\">\r\n\t\t\t\t\t\t                        <div class=\"single-reseau-content\">\r\n                            <p class=\"reseau-nom\">\r\n\t\t\t\t\t\t\t\tMaylis <br\/>\r\n                                <strong>CHUSSEAU<\/strong>\r\n                            <\/p>\r\n                            <p class=\"reseau-fonction\">\r\n\t\t\t\t\t\t\t\tPresident<br\/>\r\n\t\t\t\t\t\t\t\tPresident SATT AQUITAINE                            <\/p>\r\n                        <\/div>\r\n                    <\/div>\r\n                <\/div>\r\n            <\/div>\r\n        <\/div>\r\n\r\n\t\t<\/div><div id=\"pgc-w67b72b4f48527-0-1\"  class=\"panel-grid-cell\" ><div id=\"panel-w67b72b4f48527-0-1-0\" class=\"so-panel widget widget_media_image panel-first-child\" data-index=\"2\" ><img loading=\"lazy\" decoding=\"async\" width=\"200\" height=\"200\" src=\"https:\/\/www.satt.fr\/wp-content\/uploads\/2024\/07\/CAZENEUVE-CRAV-300x300.png\" class=\"image wp-image-42200  attachment-200x200 size-200x200\" alt=\"\" style=\"max-width: 100%; height: auto;\" srcset=\"https:\/\/www.satt.fr\/wp-content\/uploads\/2024\/07\/CAZENEUVE-CRAV-300x300.png 300w, https:\/\/www.satt.fr\/wp-content\/uploads\/2024\/07\/CAZENEUVE-CRAV-150x150.png 150w, https:\/\/www.satt.fr\/wp-content\/uploads\/2024\/07\/CAZENEUVE-CRAV-500x500.png 500w, https:\/\/www.satt.fr\/wp-content\/uploads\/2024\/07\/CAZENEUVE-CRAV-600x600.png 600w, https:\/\/www.satt.fr\/wp-content\/uploads\/2024\/07\/CAZENEUVE-CRAV-100x100.png 100w, https:\/\/www.satt.fr\/wp-content\/uploads\/2024\/07\/CAZENEUVE-CRAV.png 700w\" sizes=\"auto, (max-width: 200px) 100vw, 200px\" \/><\/div>        <div class=\"bloc-reseau\">\r\n            <div class=\"bloc-reseau-img\">\r\n                <div class=\"row no-gutters \">\r\n                    <div class=\"col-md-12\">\r\n\t\t\t\t\t\t                        <div class=\"single-reseau-content\">\r\n                            <p class=\"reseau-nom\">\r\n\t\t\t\t\t\t\t\tPatrick <br\/>\r\n                                <strong>Cazeneuve<\/strong>\r\n                            <\/p>\r\n                            <p class=\"reseau-fonction\">\r\n\t\t\t\t\t\t\t\tSecretary<br\/>\r\n\t\t\t\t\t\t\t\tPresident TOULOUSE TECH TRANSFER                            <\/p>\r\n                        <\/div>\r\n                    <\/div>\r\n                <\/div>\r\n            <\/div>\r\n        <\/div>\r\n\r\n\t\t<\/div><div id=\"pgc-w67b72b4f48527-0-2\"  class=\"panel-grid-cell\" ><div id=\"panel-w67b72b4f48527-0-2-0\" class=\"so-panel widget widget_media_image panel-first-child\" data-index=\"4\" ><img loading=\"lazy\" decoding=\"async\" width=\"200\" height=\"200\" src=\"https:\/\/www.satt.fr\/wp-content\/uploads\/2024\/07\/PW-3-300x300.png\" class=\"image wp-image-42216  attachment-200x200 size-200x200\" alt=\"\" style=\"max-width: 100%; height: auto;\" srcset=\"https:\/\/www.satt.fr\/wp-content\/uploads\/2024\/07\/PW-3-300x300.png 300w, https:\/\/www.satt.fr\/wp-content\/uploads\/2024\/07\/PW-3-150x150.png 150w, https:\/\/www.satt.fr\/wp-content\/uploads\/2024\/07\/PW-3-500x500.png 500w, https:\/\/www.satt.fr\/wp-content\/uploads\/2024\/07\/PW-3-100x100.png 100w, https:\/\/www.satt.fr\/wp-content\/uploads\/2024\/07\/PW-3.png 600w\" sizes=\"auto, (max-width: 200px) 100vw, 200px\" \/><\/div>        <div class=\"bloc-reseau\">\r\n            <div class=\"bloc-reseau-img\">\r\n                <div class=\"row no-gutters \">\r\n                    <div class=\"col-md-12\">\r\n\t\t\t\t\t\t                        <div class=\"single-reseau-content\">\r\n                            <p class=\"reseau-nom\">\r\n\t\t\t\t\t\t\t\tPhilippe <br\/>\r\n                                <strong>Watteau<\/strong>\r\n                            <\/p>\r\n                            <p class=\"reseau-fonction\">\r\n\t\t\t\t\t\t\t\tTreasurer<br\/>\r\n\t\t\t\t\t\t\t\tPresident SATT LUTECH                            <\/p>\r\n                        <\/div>\r\n                    <\/div>\r\n                <\/div>\r\n            <\/div>\r\n        <\/div>\r\n\r\n\t\t<\/div><\/div><\/div><\/div><\/div><\/div><\/div><div id=\"pg-35919-4\"  class=\"panel-grid panel-no-style\" ><div id=\"pgc-35919-4-0\"  class=\"panel-grid-cell\" ><div id=\"panel-35919-4-0-0\" class=\"so-panel widget widget_siteorigin-panels-builder panel-first-child panel-last-child\" data-index=\"3\" ><div id=\"pl-w67b72b4f4883d\"  class=\"panel-layout\" ><div id=\"pg-w67b72b4f4883d-0\"  class=\"panel-grid panel-has-style\" ><div class=\"panel-row-style panel-row-style-for-w67b72b4f4883d-0\" ><div id=\"pgc-w67b72b4f4883d-0-0\"  class=\"panel-grid-cell\" ><div id=\"panel-w67b72b4f4883d-0-0-0\" class=\"so-panel widget widget_media_image panel-first-child panel-last-child\" data-index=\"0\" ><img loading=\"lazy\" decoding=\"async\" width=\"200\" height=\"200\" src=\"https:\/\/www.satt.fr\/wp-content\/uploads\/2025\/02\/Emmanuel_Poteaux-1-300x300.png\" class=\"image wp-image-44118  attachment-200x200 size-200x200\" alt=\"\" style=\"max-width: 100%; height: auto;\" srcset=\"https:\/\/www.satt.fr\/wp-content\/uploads\/2025\/02\/Emmanuel_Poteaux-1-300x300.png 300w, https:\/\/www.satt.fr\/wp-content\/uploads\/2025\/02\/Emmanuel_Poteaux-1-150x150.png 150w, https:\/\/www.satt.fr\/wp-content\/uploads\/2025\/02\/Emmanuel_Poteaux-1-500x501.png 500w, https:\/\/www.satt.fr\/wp-content\/uploads\/2025\/02\/Emmanuel_Poteaux-1-600x601.png 600w, https:\/\/www.satt.fr\/wp-content\/uploads\/2025\/02\/Emmanuel_Poteaux-1-100x100.png 100w, https:\/\/www.satt.fr\/wp-content\/uploads\/2025\/02\/Emmanuel_Poteaux-1.png 699w\" sizes=\"auto, (max-width: 200px) 100vw, 200px\" \/><\/div><\/div><div id=\"pgc-w67b72b4f4883d-0-1\"  class=\"panel-grid-cell\" >        <div class=\"bloc-reseau\">\r\n            <div class=\"bloc-reseau-img\">\r\n                <div class=\"row no-gutters \">\r\n                    <div class=\"col-md-12\">\r\n\t\t\t\t\t\t                        <div class=\"single-reseau-content\">\r\n                            <p class=\"reseau-nom\">\r\n\t\t\t\t\t\t\t\tEmmanuel <br\/>\r\n                                <strong>POTEAUX<\/strong>\r\n                            <\/p>\r\n                            <p class=\"reseau-fonction\">\r\n\t\t\t\t\t\t\t\tRelations with innovation ecosystems<br\/>\r\n\t\t\t\t\t\t\t\tPr\u00e9sident SATT CONECTUS                            <\/p>\r\n                        <\/div>\r\n                    <\/div>\r\n                <\/div>\r\n            <\/div>\r\n        <\/div>\r\n\r\n\t\t<\/div><div id=\"pgc-w67b72b4f4883d-0-2\"  class=\"panel-grid-cell\" ><div id=\"panel-w67b72b4f4883d-0-2-0\" class=\"so-panel widget widget_media_image panel-first-child panel-last-child\" data-index=\"2\" ><img loading=\"lazy\" decoding=\"async\" width=\"200\" height=\"200\" src=\"https:\/\/www.satt.fr\/wp-content\/uploads\/2024\/07\/5H6A6384-1-300x300.png\" class=\"image wp-image-42184  attachment-200x200 size-200x200\" alt=\"\" style=\"max-width: 100%; height: auto;\" srcset=\"https:\/\/www.satt.fr\/wp-content\/uploads\/2024\/07\/5H6A6384-1-300x300.png 300w, https:\/\/www.satt.fr\/wp-content\/uploads\/2024\/07\/5H6A6384-1-150x150.png 150w, https:\/\/www.satt.fr\/wp-content\/uploads\/2024\/07\/5H6A6384-1-500x500.png 500w, https:\/\/www.satt.fr\/wp-content\/uploads\/2024\/07\/5H6A6384-1-600x600.png 600w, https:\/\/www.satt.fr\/wp-content\/uploads\/2024\/07\/5H6A6384-1-100x100.png 100w, https:\/\/www.satt.fr\/wp-content\/uploads\/2024\/07\/5H6A6384-1.png 700w\" sizes=\"auto, (max-width: 200px) 100vw, 200px\" \/><\/div><\/div><div id=\"pgc-w67b72b4f4883d-0-3\"  class=\"panel-grid-cell\" >        <div class=\"bloc-reseau\">\r\n            <div class=\"bloc-reseau-img\">\r\n                <div class=\"row no-gutters \">\r\n                    <div class=\"col-md-12\">\r\n\t\t\t\t\t\t                        <div class=\"single-reseau-content\">\r\n                            <p class=\"reseau-nom\">\r\n\t\t\t\t\t\t\t\tFabrice <br\/>\r\n                                <strong>Lefebvre<\/strong>\r\n                            <\/p>\r\n                            <p class=\"reseau-fonction\">\r\n\t\t\t\t\t\t\t\tEuropean & international relations<br\/>\r\n\t\t\t\t\t\t\t\tPresident SATT NORD                            <\/p>\r\n                        <\/div>\r\n                    <\/div>\r\n                <\/div>\r\n            <\/div>\r\n        <\/div>\r\n\r\n\t\t<\/div><\/div><\/div><\/div><\/div><\/div><\/div><div id=\"pg-35919-5\"  class=\"panel-grid panel-no-style\" ><div id=\"pgc-35919-5-0\"  class=\"panel-grid-cell\" ><div id=\"panel-35919-5-0-0\" class=\"so-panel widget widget_siteorigin-panels-builder panel-first-child panel-last-child\" data-index=\"4\" ><div id=\"pl-w6683c2e00134c\"  class=\"panel-layout\" ><div id=\"pg-w6683c2e00134c-0\"  class=\"panel-grid panel-has-style\" ><div class=\"panel-row-style panel-row-style-for-w6683c2e00134c-0\" ><div id=\"pgc-w6683c2e00134c-0-0\"  class=\"panel-grid-cell\" ><div id=\"panel-w6683c2e00134c-0-0-0\" class=\"so-panel widget widget_media_image panel-first-child panel-last-child\" data-index=\"0\" ><img loading=\"lazy\" decoding=\"async\" width=\"200\" height=\"200\" src=\"https:\/\/www.satt.fr\/wp-content\/uploads\/2024\/07\/1646724238109-1-300x300.png\" class=\"image wp-image-42186  attachment-200x200 size-200x200\" alt=\"\" style=\"max-width: 100%; height: auto;\" srcset=\"https:\/\/www.satt.fr\/wp-content\/uploads\/2024\/07\/1646724238109-1-300x300.png 300w, https:\/\/www.satt.fr\/wp-content\/uploads\/2024\/07\/1646724238109-1-150x150.png 150w, https:\/\/www.satt.fr\/wp-content\/uploads\/2024\/07\/1646724238109-1-500x500.png 500w, https:\/\/www.satt.fr\/wp-content\/uploads\/2024\/07\/1646724238109-1-600x600.png 600w, https:\/\/www.satt.fr\/wp-content\/uploads\/2024\/07\/1646724238109-1-100x100.png 100w, https:\/\/www.satt.fr\/wp-content\/uploads\/2024\/07\/1646724238109-1.png 654w\" sizes=\"auto, (max-width: 200px) 100vw, 200px\" \/><\/div><\/div><div id=\"pgc-w6683c2e00134c-0-1\"  class=\"panel-grid-cell\" >        <div class=\"bloc-reseau\">\r\n            <div class=\"bloc-reseau-img\">\r\n                <div class=\"row no-gutters \">\r\n                    <div class=\"col-md-12\">\r\n\t\t\t\t\t\t                        <div class=\"single-reseau-content\">\r\n                            <p class=\"reseau-nom\">\r\n\t\t\t\t\t\t\t\tLaurent <br\/>\r\n                                <strong>Auret<\/strong>\r\n                            <\/p>\r\n                            <p class=\"reseau-fonction\">\r\n\t\t\t\t\t\t\t\tDirector of Industrial Partnerships<br\/>\r\n\t\t\t\t\t\t\t\t                            <\/p>\r\n                        <\/div>\r\n                    <\/div>\r\n                <\/div>\r\n            <\/div>\r\n        <\/div>\r\n\r\n\t\t<div id=\"panel-w6683c2e00134c-0-1-1\" class=\"so-panel widget widget_sow-editor panel-last-child\" data-index=\"2\" ><div\n\t\t\t\n\t\t\tclass=\"so-widget-sow-editor so-widget-sow-editor-base\"\n\t\t\t\n\t\t>\n<div class=\"siteorigin-widget-tinymce textwidget\">\n\t<p><a href=\"mailto:laurent.auret@satt.fr\">contact<\/a><\/p>\n<\/div>\n<\/div><\/div><\/div><div id=\"pgc-w6683c2e00134c-0-2\"  class=\"panel-grid-cell\" ><div id=\"panel-w6683c2e00134c-0-2-0\" class=\"so-panel widget widget_media_image panel-first-child panel-last-child\" data-index=\"3\" ><img loading=\"lazy\" decoding=\"async\" width=\"200\" height=\"200\" src=\"https:\/\/www.satt.fr\/wp-content\/uploads\/2024\/07\/Identite-photo-CV-1-300x300.png\" class=\"image wp-image-42188  attachment-200x200 size-200x200\" alt=\"\" style=\"max-width: 100%; height: auto;\" srcset=\"https:\/\/www.satt.fr\/wp-content\/uploads\/2024\/07\/Identite-photo-CV-1-300x300.png 300w, https:\/\/www.satt.fr\/wp-content\/uploads\/2024\/07\/Identite-photo-CV-1-150x150.png 150w, https:\/\/www.satt.fr\/wp-content\/uploads\/2024\/07\/Identite-photo-CV-1-500x501.png 500w, https:\/\/www.satt.fr\/wp-content\/uploads\/2024\/07\/Identite-photo-CV-1-600x601.png 600w, https:\/\/www.satt.fr\/wp-content\/uploads\/2024\/07\/Identite-photo-CV-1-100x100.png 100w, https:\/\/www.satt.fr\/wp-content\/uploads\/2024\/07\/Identite-photo-CV-1.png 699w\" sizes=\"auto, (max-width: 200px) 100vw, 200px\" \/><\/div><\/div><div id=\"pgc-w6683c2e00134c-0-3\"  class=\"panel-grid-cell\" >        <div class=\"bloc-reseau\">\r\n            <div class=\"bloc-reseau-img\">\r\n                <div class=\"row no-gutters \">\r\n                    <div class=\"col-md-12\">\r\n\t\t\t\t\t\t                        <div class=\"single-reseau-content\">\r\n                            <p class=\"reseau-nom\">\r\n\t\t\t\t\t\t\t\tR\u00e9mi <br\/>\r\n                                <strong>Lefebvre<\/strong>\r\n                            <\/p>\r\n                            <p class=\"reseau-fonction\">\r\n\t\t\t\t\t\t\t\tCommunication Manager<br\/>\r\n\t\t\t\t\t\t\t\t                            <\/p>\r\n                        <\/div>\r\n                    <\/div>\r\n                <\/div>\r\n            <\/div>\r\n        <\/div>\r\n\r\n\t\t<div id=\"panel-w6683c2e00134c-0-3-1\" class=\"so-panel widget widget_sow-editor panel-last-child\" data-index=\"5\" ><div\n\t\t\t\n\t\t\tclass=\"so-widget-sow-editor so-widget-sow-editor-base\"\n\t\t\t\n\t\t>\n<div class=\"siteorigin-widget-tinymce textwidget\">\n\t<p><a href=\"mailto:remi.lefebvre@satt.fr\">contact<\/a><\/p>\n<\/div>\n<\/div><\/div><\/div><\/div><\/div><\/div><\/div><\/div><\/div><div id=\"pg-35919-6\"  class=\"panel-grid panel-no-style\" ><div id=\"pgc-35919-6-0\"  class=\"panel-grid-cell panel-grid-cell-empty\" ><\/div><\/div><div id=\"pg-35919-7\"  class=\"panel-grid panel-no-style\" ><div id=\"pgc-35919-7-0\"  class=\"panel-grid-cell panel-grid-cell-empty\" ><\/div><\/div><\/div>","protected":false},"excerpt":{"rendered":"<p>&nbsp; The SATT Network brings together 13 Technology Transfer Acceleration Companies in France. Committed to economic dynamism thanks to scientific innovations stemming from public research, the SATTs provide companies with high-potential technological solutions to improve their competitiveness. With more than 800 startups created, the SATTs are the leading local players in the French government&#8217;s DeepTech [&hellip;]<\/p>\n","protected":false},"author":2,"featured_media":24689,"parent":0,"menu_order":0,"comment_status":"closed","ping_status":"closed","template":"template-reseausatt.php","meta":{"_acf_changed":false,"footnotes":""},"class_list":["post-35919","page","type-page","status-publish","has-post-thumbnail","hentry"],"acf":[],"yoast_head":"<!-- This site is optimized with the Yoast SEO plugin v27.2 - https:\/\/yoast.com\/product\/yoast-seo-wordpress\/ -->\n<title>The SATT Network - R\u00e9seau SATT<\/title>\n<meta name=\"robots\" content=\"index, follow, max-snippet:-1, max-image-preview:large, max-video-preview:-1\" \/>\n<link rel=\"canonical\" href=\"https:\/\/www.satt.fr\/en\/the-satt-network\/\" \/>\n<meta name=\"twitter:label1\" content=\"Est. reading time\" \/>\n\t<meta name=\"twitter:data1\" content=\"3 minutes\" \/>\n<script type=\"application\/ld+json\" class=\"yoast-schema-graph\">{\"@context\":\"https:\/\/schema.org\",\"@graph\":[{\"@type\":\"WebPage\",\"@id\":\"https:\/\/www.satt.fr\/en\/the-satt-network\/\",\"url\":\"https:\/\/www.satt.fr\/en\/the-satt-network\/\",\"name\":\"The SATT Network - R\u00e9seau SATT\",\"isPartOf\":{\"@id\":\"https:\/\/www.satt.fr\/en\/#website\"},\"primaryImageOfPage\":{\"@id\":\"https:\/\/www.satt.fr\/en\/the-satt-network\/#primaryimage\"},\"image\":{\"@id\":\"https:\/\/www.satt.fr\/en\/the-satt-network\/#primaryimage\"},\"thumbnailUrl\":\"https:\/\/www.satt.fr\/wp-content\/uploads\/2021\/04\/Reseau-SATT-3.jpg\",\"datePublished\":\"2023-04-03T12:53:57+00:00\",\"dateModified\":\"2025-02-20T13:17:03+00:00\",\"breadcrumb\":{\"@id\":\"https:\/\/www.satt.fr\/en\/the-satt-network\/#breadcrumb\"},\"inLanguage\":\"en-US\",\"potentialAction\":[{\"@type\":\"ReadAction\",\"target\":[\"https:\/\/www.satt.fr\/en\/the-satt-network\/\"]}]},{\"@type\":\"ImageObject\",\"inLanguage\":\"en-US\",\"@id\":\"https:\/\/www.satt.fr\/en\/the-satt-network\/#primaryimage\",\"url\":\"https:\/\/www.satt.fr\/wp-content\/uploads\/2021\/04\/Reseau-SATT-3.jpg\",\"contentUrl\":\"https:\/\/www.satt.fr\/wp-content\/uploads\/2021\/04\/Reseau-SATT-3.jpg\",\"width\":1169,\"height\":353},{\"@type\":\"BreadcrumbList\",\"@id\":\"https:\/\/www.satt.fr\/en\/the-satt-network\/#breadcrumb\",\"itemListElement\":[{\"@type\":\"ListItem\",\"position\":1,\"name\":\"Accueil\",\"item\":\"https:\/\/www.satt.fr\/en\/\"},{\"@type\":\"ListItem\",\"position\":2,\"name\":\"The SATT Network\"}]},{\"@type\":\"WebSite\",\"@id\":\"https:\/\/www.satt.fr\/en\/#website\",\"url\":\"https:\/\/www.satt.fr\/en\/\",\"name\":\"R\u00e9seau SATT\",\"description\":\"Les Soci\u00e9t\u00e9s d&#039;Acc\u00e9l\u00e9ration du Transfert de Technologies\",\"potentialAction\":[{\"@type\":\"SearchAction\",\"target\":{\"@type\":\"EntryPoint\",\"urlTemplate\":\"https:\/\/www.satt.fr\/en\/?s={search_term_string}\"},\"query-input\":{\"@type\":\"PropertyValueSpecification\",\"valueRequired\":true,\"valueName\":\"search_term_string\"}}],\"inLanguage\":\"en-US\"}]}<\/script>\n<!-- \/ Yoast SEO plugin. -->","yoast_head_json":{"title":"The SATT Network - R\u00e9seau SATT","robots":{"index":"index","follow":"follow","max-snippet":"max-snippet:-1","max-image-preview":"max-image-preview:large","max-video-preview":"max-video-preview:-1"},"canonical":"https:\/\/www.satt.fr\/en\/the-satt-network\/","twitter_misc":{"Est. reading time":"3 minutes"},"schema":{"@context":"https:\/\/schema.org","@graph":[{"@type":"WebPage","@id":"https:\/\/www.satt.fr\/en\/the-satt-network\/","url":"https:\/\/www.satt.fr\/en\/the-satt-network\/","name":"The SATT Network - R\u00e9seau SATT","isPartOf":{"@id":"https:\/\/www.satt.fr\/en\/#website"},"primaryImageOfPage":{"@id":"https:\/\/www.satt.fr\/en\/the-satt-network\/#primaryimage"},"image":{"@id":"https:\/\/www.satt.fr\/en\/the-satt-network\/#primaryimage"},"thumbnailUrl":"https:\/\/www.satt.fr\/wp-content\/uploads\/2021\/04\/Reseau-SATT-3.jpg","datePublished":"2023-04-03T12:53:57+00:00","dateModified":"2025-02-20T13:17:03+00:00","breadcrumb":{"@id":"https:\/\/www.satt.fr\/en\/the-satt-network\/#breadcrumb"},"inLanguage":"en-US","potentialAction":[{"@type":"ReadAction","target":["https:\/\/www.satt.fr\/en\/the-satt-network\/"]}]},{"@type":"ImageObject","inLanguage":"en-US","@id":"https:\/\/www.satt.fr\/en\/the-satt-network\/#primaryimage","url":"https:\/\/www.satt.fr\/wp-content\/uploads\/2021\/04\/Reseau-SATT-3.jpg","contentUrl":"https:\/\/www.satt.fr\/wp-content\/uploads\/2021\/04\/Reseau-SATT-3.jpg","width":1169,"height":353},{"@type":"BreadcrumbList","@id":"https:\/\/www.satt.fr\/en\/the-satt-network\/#breadcrumb","itemListElement":[{"@type":"ListItem","position":1,"name":"Accueil","item":"https:\/\/www.satt.fr\/en\/"},{"@type":"ListItem","position":2,"name":"The SATT Network"}]},{"@type":"WebSite","@id":"https:\/\/www.satt.fr\/en\/#website","url":"https:\/\/www.satt.fr\/en\/","name":"R\u00e9seau SATT","description":"Les Soci\u00e9t\u00e9s d&#039;Acc\u00e9l\u00e9ration du Transfert de Technologies","potentialAction":[{"@type":"SearchAction","target":{"@type":"EntryPoint","urlTemplate":"https:\/\/www.satt.fr\/en\/?s={search_term_string}"},"query-input":{"@type":"PropertyValueSpecification","valueRequired":true,"valueName":"search_term_string"}}],"inLanguage":"en-US"}]}},"_links":{"self":[{"href":"https:\/\/www.satt.fr\/en\/wp-json\/wp\/v2\/pages\/35919","targetHints":{"allow":["GET"]}}],"collection":[{"href":"https:\/\/www.satt.fr\/en\/wp-json\/wp\/v2\/pages"}],"about":[{"href":"https:\/\/www.satt.fr\/en\/wp-json\/wp\/v2\/types\/page"}],"author":[{"embeddable":true,"href":"https:\/\/www.satt.fr\/en\/wp-json\/wp\/v2\/users\/2"}],"replies":[{"embeddable":true,"href":"https:\/\/www.satt.fr\/en\/wp-json\/wp\/v2\/comments?post=35919"}],"version-history":[{"count":5,"href":"https:\/\/www.satt.fr\/en\/wp-json\/wp\/v2\/pages\/35919\/revisions"}],"predecessor-version":[{"id":44124,"href":"https:\/\/www.satt.fr\/en\/wp-json\/wp\/v2\/pages\/35919\/revisions\/44124"}],"wp:featuredmedia":[{"embeddable":true,"href":"https:\/\/www.satt.fr\/en\/wp-json\/wp\/v2\/media\/24689"}],"wp:attachment":[{"href":"https:\/\/www.satt.fr\/en\/wp-json\/wp\/v2\/media?parent=35919"}],"curies":[{"name":"wp","href":"https:\/\/api.w.org\/{rel}","templated":true}]}}