{"id":39872,"date":"2024-01-17T13:30:37","date_gmt":"2024-01-17T12:30:37","guid":{"rendered":"https:\/\/www.satt.fr\/?page_id=39872"},"modified":"2024-01-17T13:51:36","modified_gmt":"2024-01-17T12:51:36","slug":"deeptech-connect","status":"publish","type":"page","link":"https:\/\/www.satt.fr\/en\/deeptech-connect\/","title":{"rendered":"Deeptech Connect"},"content":{"rendered":"<div id=\"pl-39872\"  class=\"panel-layout\" ><div id=\"pg-39872-0\"  class=\"panel-grid panel-no-style\" ><div id=\"pgc-39872-0-0\"  class=\"panel-grid-cell panel-grid-cell-empty\" ><\/div><\/div><div id=\"pg-39872-1\"  class=\"panel-grid panel-no-style\" ><div id=\"pgc-39872-1-0\"  class=\"panel-grid-cell\" ><div id=\"panel-39872-1-0-0\" class=\"so-panel widget widget_sow-editor panel-first-child panel-last-child\" data-index=\"0\" ><div\n\t\t\t\n\t\t\tclass=\"so-widget-sow-editor so-widget-sow-editor-base\"\n\t\t\t\n\t\t>\n<div class=\"siteorigin-widget-tinymce textwidget\">\n\t<p style=\"text-align: center;\"><span style=\"color: #c90f4c; font-size: 16pt;\"><span style=\"font-size: 16pt;\"><a href=\"https:\/\/www.deeptechconnect.fr\/\">Deeptech Connect<\/a> is the first event to put investors and companies in touch with startups stemming from French academic research!<\/span><\/span><\/p>\n<\/div>\n<\/div><\/div><\/div><\/div><div id=\"pg-39872-2\"  class=\"panel-grid panel-no-style\" ><div id=\"pgc-39872-2-0\"  class=\"panel-grid-cell\" ><div id=\"panel-39872-2-0-0\" class=\"so-panel widget widget_media_image panel-first-child panel-last-child\" data-index=\"1\" ><img loading=\"lazy\" decoding=\"async\" width=\"300\" height=\"51\" src=\"https:\/\/www.satt.fr\/wp-content\/uploads\/2023\/08\/MadeInFrance-300x51.png\" class=\"image wp-image-38232  attachment-medium size-medium\" alt=\"\" style=\"max-width: 100%; height: auto;\" srcset=\"https:\/\/www.satt.fr\/wp-content\/uploads\/2023\/08\/MadeInFrance-300x51.png 300w, https:\/\/www.satt.fr\/wp-content\/uploads\/2023\/08\/MadeInFrance-150x25.png 150w, https:\/\/www.satt.fr\/wp-content\/uploads\/2023\/08\/MadeInFrance-768x130.png 768w, https:\/\/www.satt.fr\/wp-content\/uploads\/2023\/08\/MadeInFrance-500x84.png 500w, https:\/\/www.satt.fr\/wp-content\/uploads\/2023\/08\/MadeInFrance-600x101.png 600w, https:\/\/www.satt.fr\/wp-content\/uploads\/2023\/08\/MadeInFrance-200x34.png 200w, https:\/\/www.satt.fr\/wp-content\/uploads\/2023\/08\/MadeInFrance.png 800w\" sizes=\"auto, (max-width: 300px) 100vw, 300px\" \/><\/div><\/div><\/div><div id=\"pg-39872-3\"  class=\"panel-grid panel-no-style\" ><div id=\"pgc-39872-3-0\"  class=\"panel-grid-cell\" ><div id=\"panel-39872-3-0-0\" class=\"so-panel widget widget_sow-editor panel-first-child panel-last-child\" data-index=\"2\" ><div\n\t\t\t\n\t\t\tclass=\"so-widget-sow-editor so-widget-sow-editor-base\"\n\t\t\t\n\t\t>\n<div class=\"siteorigin-widget-tinymce textwidget\">\n\t<p>With a selection of <strong>100 startups<\/strong> created around disruptive technologies, <strong>Deeptech Connect<\/strong> is a not-to-be-missed event that mobilizes <strong>all the players in Deeptech innovation<\/strong>. These young companies offer innovative products and services with the ambition of reinventing the markets in which they operate!<\/p>\n<\/div>\n<\/div><\/div><\/div><\/div><div id=\"pg-39872-4\"  class=\"panel-grid panel-no-style\" ><div id=\"pgc-39872-4-0\"  class=\"panel-grid-cell\" ><div id=\"panel-39872-4-0-0\" class=\"so-panel widget widget_sow-editor panel-first-child panel-last-child\" data-index=\"3\" ><div\n\t\t\t\n\t\t\tclass=\"so-widget-sow-editor so-widget-sow-editor-base\"\n\t\t\t\n\t\t>\n<div class=\"siteorigin-widget-tinymce textwidget\">\n\t<h2 style=\"text-align: center;\"><strong>THE BEST OF FRENCH DEEPTECH STARTUPS!<\/strong><\/h2>\n<p>&nbsp;<\/p>\n<\/div>\n<\/div><\/div><\/div><\/div><div id=\"pg-39872-5\"  class=\"panel-grid panel-no-style\" ><div id=\"pgc-39872-5-0\"  class=\"panel-grid-cell\" ><div id=\"panel-39872-5-0-0\" class=\"so-panel widget widget_media_image panel-first-child\" data-index=\"4\" ><img loading=\"lazy\" decoding=\"async\" width=\"150\" height=\"150\" src=\"https:\/\/www.satt.fr\/wp-content\/uploads\/2023\/08\/1-150x150.png\" class=\"image wp-image-38209  attachment-thumbnail size-thumbnail\" alt=\"\" style=\"max-width: 100%; height: auto;\" srcset=\"https:\/\/www.satt.fr\/wp-content\/uploads\/2023\/08\/1-150x150.png 150w, https:\/\/www.satt.fr\/wp-content\/uploads\/2023\/08\/1-300x300.png 300w, https:\/\/www.satt.fr\/wp-content\/uploads\/2023\/08\/1-100x100.png 100w, https:\/\/www.satt.fr\/wp-content\/uploads\/2023\/08\/1.png 489w\" sizes=\"auto, (max-width: 150px) 100vw, 150px\" \/><\/div><div id=\"panel-39872-5-0-1\" class=\"so-panel widget widget_sow-editor\" data-index=\"5\" ><div\n\t\t\t\n\t\t\tclass=\"so-widget-sow-editor so-widget-sow-editor-base\"\n\t\t\t\n\t\t>\n<div class=\"siteorigin-widget-tinymce textwidget\">\n\t<p style=\"text-align: center;\"><strong>1 DAY \/ 1 PLACE<\/strong><\/p>\n<\/div>\n<\/div><\/div><div id=\"panel-39872-5-0-2\" class=\"so-panel widget widget_sow-editor panel-last-child\" data-index=\"6\" ><div\n\t\t\t\n\t\t\tclass=\"so-widget-sow-editor so-widget-sow-editor-base\"\n\t\t\t\n\t\t>\n<div class=\"siteorigin-widget-tinymce textwidget\">\n\t<p style=\"text-align: center;\">We mobilize all the players involved in tech transfer and Deeptech innovation.<\/p>\n<\/div>\n<\/div><\/div><\/div><div id=\"pgc-39872-5-1\"  class=\"panel-grid-cell\" ><div id=\"panel-39872-5-1-0\" class=\"so-panel widget widget_media_image panel-first-child\" data-index=\"7\" ><img loading=\"lazy\" decoding=\"async\" width=\"150\" height=\"150\" src=\"https:\/\/www.satt.fr\/wp-content\/uploads\/2023\/08\/2-150x150.png\" class=\"image wp-image-38211  attachment-thumbnail size-thumbnail\" alt=\"\" style=\"max-width: 100%; height: auto;\" srcset=\"https:\/\/www.satt.fr\/wp-content\/uploads\/2023\/08\/2-150x150.png 150w, https:\/\/www.satt.fr\/wp-content\/uploads\/2023\/08\/2-300x301.png 300w, https:\/\/www.satt.fr\/wp-content\/uploads\/2023\/08\/2-100x100.png 100w, https:\/\/www.satt.fr\/wp-content\/uploads\/2023\/08\/2.png 488w\" sizes=\"auto, (max-width: 150px) 100vw, 150px\" \/><\/div><div id=\"panel-39872-5-1-1\" class=\"so-panel widget widget_sow-editor\" data-index=\"8\" ><div\n\t\t\t\n\t\t\tclass=\"so-widget-sow-editor so-widget-sow-editor-base\"\n\t\t\t\n\t\t>\n<div class=\"siteorigin-widget-tinymce textwidget\">\n\t<p style=\"text-align: center;\"><strong>100 STARTUPS<\/strong><\/p>\n<\/div>\n<\/div><\/div><div id=\"panel-39872-5-1-2\" class=\"so-panel widget widget_sow-editor panel-last-child\" data-index=\"9\" ><div\n\t\t\t\n\t\t\tclass=\"so-widget-sow-editor so-widget-sow-editor-base\"\n\t\t\t\n\t\t>\n<div class=\"siteorigin-widget-tinymce textwidget\">\n\t<p style=\"text-align: center;\">We offer a selection of the best startups to emerge from public research.<\/p>\n<\/div>\n<\/div><\/div><\/div><div id=\"pgc-39872-5-2\"  class=\"panel-grid-cell\" ><div id=\"panel-39872-5-2-0\" class=\"so-panel widget widget_media_image panel-first-child\" data-index=\"10\" ><img loading=\"lazy\" decoding=\"async\" width=\"150\" height=\"150\" src=\"https:\/\/www.satt.fr\/wp-content\/uploads\/2023\/08\/3-150x150.png\" class=\"image wp-image-38213  attachment-thumbnail size-thumbnail\" alt=\"\" style=\"max-width: 100%; height: auto;\" srcset=\"https:\/\/www.satt.fr\/wp-content\/uploads\/2023\/08\/3-150x150.png 150w, https:\/\/www.satt.fr\/wp-content\/uploads\/2023\/08\/3-300x301.png 300w, https:\/\/www.satt.fr\/wp-content\/uploads\/2023\/08\/3-100x100.png 100w, https:\/\/www.satt.fr\/wp-content\/uploads\/2023\/08\/3.png 488w\" sizes=\"auto, (max-width: 150px) 100vw, 150px\" \/><\/div><div id=\"panel-39872-5-2-1\" class=\"so-panel widget widget_sow-editor\" data-index=\"11\" ><div\n\t\t\t\n\t\t\tclass=\"so-widget-sow-editor so-widget-sow-editor-base\"\n\t\t\t\n\t\t>\n<div class=\"siteorigin-widget-tinymce textwidget\">\n\t<p style=\"text-align: center;\"><strong>100% BUSINESS<\/strong><\/p>\n<\/div>\n<\/div><\/div><div id=\"panel-39872-5-2-2\" class=\"so-panel widget widget_sow-editor panel-last-child\" data-index=\"12\" ><div\n\t\t\t\n\t\t\tclass=\"so-widget-sow-editor so-widget-sow-editor-base\"\n\t\t\t\n\t\t>\n<div class=\"siteorigin-widget-tinymce textwidget\">\n\t<p style=\"text-align: center;\">We create a hub to meet the needs of investors and companies.<\/p>\n<\/div>\n<\/div><\/div><\/div><\/div><div id=\"pg-39872-6\"  class=\"panel-grid panel-no-style\" ><div id=\"pgc-39872-6-0\"  class=\"panel-grid-cell\" ><div id=\"panel-39872-6-0-0\" class=\"so-panel widget widget_media_image panel-first-child\" data-index=\"13\" ><img loading=\"lazy\" decoding=\"async\" width=\"300\" height=\"21\" src=\"https:\/\/www.satt.fr\/wp-content\/uploads\/2024\/01\/STARTUPS-300x21.png\" class=\"image wp-image-39892  attachment-medium size-medium\" alt=\"\" style=\"max-width: 100%; height: auto;\" srcset=\"https:\/\/www.satt.fr\/wp-content\/uploads\/2024\/01\/STARTUPS-300x21.png 300w, https:\/\/www.satt.fr\/wp-content\/uploads\/2024\/01\/STARTUPS-150x10.png 150w, https:\/\/www.satt.fr\/wp-content\/uploads\/2024\/01\/STARTUPS-200x14.png 200w, https:\/\/www.satt.fr\/wp-content\/uploads\/2024\/01\/STARTUPS-465x34.png 465w, https:\/\/www.satt.fr\/wp-content\/uploads\/2024\/01\/STARTUPS.png 497w\" sizes=\"auto, (max-width: 300px) 100vw, 300px\" \/><\/div><div id=\"panel-39872-6-0-1\" class=\"so-panel widget widget_sow-editor panel-last-child\" data-index=\"14\" ><div\n\t\t\t\n\t\t\tclass=\"so-widget-sow-editor so-widget-sow-editor-base\"\n\t\t\t\n\t\t>\n<div class=\"siteorigin-widget-tinymce textwidget\">\n\t<p style=\"text-align: left;\">Meet <strong>100 promising Deeptech startups <\/strong>created around disruptive technologies. These young companies offer innovative products and services with the ambition of reinventing the markets in which they operate!<\/p>\n<\/div>\n<\/div><\/div><\/div><div id=\"pgc-39872-6-1\"  class=\"panel-grid-cell\" ><div id=\"panel-39872-6-1-0\" class=\"so-panel widget widget_media_image panel-first-child\" data-index=\"15\" ><img loading=\"lazy\" decoding=\"async\" width=\"300\" height=\"19\" src=\"https:\/\/www.satt.fr\/wp-content\/uploads\/2024\/01\/CONFERENCES-300x19.png\" class=\"image wp-image-39890  attachment-medium size-medium\" alt=\"\" style=\"max-width: 100%; height: auto;\" srcset=\"https:\/\/www.satt.fr\/wp-content\/uploads\/2024\/01\/CONFERENCES-300x19.png 300w, https:\/\/www.satt.fr\/wp-content\/uploads\/2024\/01\/CONFERENCES-150x9.png 150w, https:\/\/www.satt.fr\/wp-content\/uploads\/2024\/01\/CONFERENCES-500x31.png 500w, https:\/\/www.satt.fr\/wp-content\/uploads\/2024\/01\/CONFERENCES-200x12.png 200w, https:\/\/www.satt.fr\/wp-content\/uploads\/2024\/01\/CONFERENCES.png 550w\" sizes=\"auto, (max-width: 300px) 100vw, 300px\" \/><\/div><div id=\"panel-39872-6-1-1\" class=\"so-panel widget widget_sow-editor panel-last-child\" data-index=\"16\" ><div\n\t\t\t\n\t\t\tclass=\"so-widget-sow-editor so-widget-sow-editor-base\"\n\t\t\t\n\t\t>\n<div class=\"siteorigin-widget-tinymce textwidget\">\n\t<p><strong>Keynote speakers<\/strong> will offer a forward-looking look at the French and international innovation ecosystems, the synergies between public research and industrial issues, and the keys to entrepreneurial success in the Deeptech world.<\/p>\n<\/div>\n<\/div><\/div><\/div><\/div><div id=\"pg-39872-7\"  class=\"panel-grid panel-no-style\" ><div id=\"pgc-39872-7-0\"  class=\"panel-grid-cell\" ><div id=\"panel-39872-7-0-0\" class=\"so-panel widget widget_media_image panel-first-child panel-last-child\" data-index=\"17\" ><img loading=\"lazy\" decoding=\"async\" width=\"300\" height=\"24\" src=\"https:\/\/www.satt.fr\/wp-content\/uploads\/2024\/01\/4-VILLAGES-300x24.png\" class=\"image wp-image-39888  attachment-medium size-medium\" alt=\"\" style=\"max-width: 100%; height: auto;\" srcset=\"https:\/\/www.satt.fr\/wp-content\/uploads\/2024\/01\/4-VILLAGES-300x24.png 300w, https:\/\/www.satt.fr\/wp-content\/uploads\/2024\/01\/4-VILLAGES-150x12.png 150w, https:\/\/www.satt.fr\/wp-content\/uploads\/2024\/01\/4-VILLAGES-200x16.png 200w, https:\/\/www.satt.fr\/wp-content\/uploads\/2024\/01\/4-VILLAGES.png 443w\" sizes=\"auto, (max-width: 300px) 100vw, 300px\" \/><\/div><\/div><\/div><div id=\"pg-39872-8\"  class=\"panel-grid panel-no-style\" ><div id=\"pgc-39872-8-0\"  class=\"panel-grid-cell\" ><div id=\"panel-39872-8-0-0\" class=\"so-panel widget widget_media_image panel-first-child\" data-index=\"18\" ><img loading=\"lazy\" decoding=\"async\" width=\"120\" height=\"120\" src=\"https:\/\/www.satt.fr\/wp-content\/uploads\/2023\/08\/Sante-150x150.png\" class=\"image wp-image-38300  attachment-120x120 size-120x120\" alt=\"\" style=\"max-width: 100%; height: auto;\" srcset=\"https:\/\/www.satt.fr\/wp-content\/uploads\/2023\/08\/Sante-150x150.png 150w, https:\/\/www.satt.fr\/wp-content\/uploads\/2023\/08\/Sante-300x300.png 300w, https:\/\/www.satt.fr\/wp-content\/uploads\/2023\/08\/Sante-500x500.png 500w, https:\/\/www.satt.fr\/wp-content\/uploads\/2023\/08\/Sante-100x100.png 100w, https:\/\/www.satt.fr\/wp-content\/uploads\/2023\/08\/Sante.png 600w\" sizes=\"auto, (max-width: 120px) 100vw, 120px\" \/><\/div><div id=\"panel-39872-8-0-1\" class=\"so-panel widget widget_sow-editor panel-last-child\" data-index=\"19\" ><div\n\t\t\t\n\t\t\tclass=\"so-widget-sow-editor so-widget-sow-editor-base\"\n\t\t\t\n\t\t>\n<div class=\"siteorigin-widget-tinymce textwidget\">\n\t<p style=\"text-align: center;\"><strong>HEALTH<\/strong><\/p>\n<\/div>\n<\/div><\/div><\/div><div id=\"pgc-39872-8-1\"  class=\"panel-grid-cell\" ><div id=\"panel-39872-8-1-0\" class=\"so-panel widget widget_media_image panel-first-child\" data-index=\"20\" ><img loading=\"lazy\" decoding=\"async\" width=\"120\" height=\"120\" src=\"https:\/\/www.satt.fr\/wp-content\/uploads\/2023\/08\/Numerique-150x150.png\" class=\"image wp-image-38298  attachment-120x120 size-120x120\" alt=\"\" style=\"max-width: 100%; height: auto;\" srcset=\"https:\/\/www.satt.fr\/wp-content\/uploads\/2023\/08\/Numerique-150x150.png 150w, https:\/\/www.satt.fr\/wp-content\/uploads\/2023\/08\/Numerique-300x300.png 300w, https:\/\/www.satt.fr\/wp-content\/uploads\/2023\/08\/Numerique-500x500.png 500w, https:\/\/www.satt.fr\/wp-content\/uploads\/2023\/08\/Numerique-100x100.png 100w, https:\/\/www.satt.fr\/wp-content\/uploads\/2023\/08\/Numerique.png 600w\" sizes=\"auto, (max-width: 120px) 100vw, 120px\" \/><\/div><div id=\"panel-39872-8-1-1\" class=\"so-panel widget widget_sow-editor panel-last-child\" data-index=\"21\" ><div\n\t\t\t\n\t\t\tclass=\"so-widget-sow-editor so-widget-sow-editor-base\"\n\t\t\t\n\t\t>\n<div class=\"siteorigin-widget-tinymce textwidget\">\n\t<p style=\"text-align: center;\"><strong>DIGITAL TECHNOLOGIES<\/strong><\/p>\n<\/div>\n<\/div><\/div><\/div><div id=\"pgc-39872-8-2\"  class=\"panel-grid-cell\" ><div id=\"panel-39872-8-2-0\" class=\"so-panel widget widget_media_image panel-first-child\" data-index=\"22\" ><img loading=\"lazy\" decoding=\"async\" width=\"120\" height=\"120\" src=\"https:\/\/www.satt.fr\/wp-content\/uploads\/2023\/08\/Societe-150x150.png\" class=\"image wp-image-38302  attachment-120x120 size-120x120\" alt=\"\" style=\"max-width: 100%; height: auto;\" srcset=\"https:\/\/www.satt.fr\/wp-content\/uploads\/2023\/08\/Societe-150x150.png 150w, https:\/\/www.satt.fr\/wp-content\/uploads\/2023\/08\/Societe-300x300.png 300w, https:\/\/www.satt.fr\/wp-content\/uploads\/2023\/08\/Societe-500x500.png 500w, https:\/\/www.satt.fr\/wp-content\/uploads\/2023\/08\/Societe-100x100.png 100w, https:\/\/www.satt.fr\/wp-content\/uploads\/2023\/08\/Societe.png 600w\" sizes=\"auto, (max-width: 120px) 100vw, 120px\" \/><\/div><div id=\"panel-39872-8-2-1\" class=\"so-panel widget widget_sow-editor panel-last-child\" data-index=\"23\" ><div\n\t\t\t\n\t\t\tclass=\"so-widget-sow-editor so-widget-sow-editor-base\"\n\t\t\t\n\t\t>\n<div class=\"siteorigin-widget-tinymce textwidget\">\n\t<p style=\"text-align: center;\"><strong>INNOVATION &amp; SOCIETY<\/strong><\/p>\n<\/div>\n<\/div><\/div><\/div><div id=\"pgc-39872-8-3\"  class=\"panel-grid-cell\" ><div id=\"panel-39872-8-3-0\" class=\"so-panel widget widget_media_image panel-first-child\" data-index=\"24\" ><img loading=\"lazy\" decoding=\"async\" width=\"120\" height=\"120\" src=\"https:\/\/www.satt.fr\/wp-content\/uploads\/2023\/08\/Green-150x150.png\" class=\"image wp-image-38296  attachment-120x120 size-120x120\" alt=\"\" style=\"max-width: 100%; height: auto;\" srcset=\"https:\/\/www.satt.fr\/wp-content\/uploads\/2023\/08\/Green-150x150.png 150w, https:\/\/www.satt.fr\/wp-content\/uploads\/2023\/08\/Green-300x300.png 300w, https:\/\/www.satt.fr\/wp-content\/uploads\/2023\/08\/Green-500x500.png 500w, https:\/\/www.satt.fr\/wp-content\/uploads\/2023\/08\/Green-100x100.png 100w, https:\/\/www.satt.fr\/wp-content\/uploads\/2023\/08\/Green.png 600w\" sizes=\"auto, (max-width: 120px) 100vw, 120px\" \/><\/div><div id=\"panel-39872-8-3-1\" class=\"so-panel widget widget_sow-editor panel-last-child\" data-index=\"25\" ><div\n\t\t\t\n\t\t\tclass=\"so-widget-sow-editor so-widget-sow-editor-base\"\n\t\t\t\n\t\t>\n<div class=\"siteorigin-widget-tinymce textwidget\">\n\t<p style=\"text-align: center;\"><strong>ECOLOGICAL TRANSITION<br \/>\n&amp; ENERGY<\/strong><\/p>\n<\/div>\n<\/div><\/div><\/div><\/div><div id=\"pg-39872-9\"  class=\"panel-grid panel-no-style\" ><div id=\"pgc-39872-9-0\"  class=\"panel-grid-cell\" ><div id=\"panel-39872-9-0-0\" class=\"so-panel widget widget_sow-editor panel-first-child panel-last-child\" data-index=\"26\" ><div\n\t\t\t\n\t\t\tclass=\"so-widget-sow-editor so-widget-sow-editor-base\"\n\t\t\t\n\t\t>\n<div class=\"siteorigin-widget-tinymce textwidget\">\n\t<p>&nbsp;<\/p>\n<h2 style=\"text-align: center;\">THE NEXT EDITION<\/h2>\n<p>&nbsp;<\/p>\n<\/div>\n<\/div><\/div><\/div><\/div><div id=\"pg-39872-10\"  class=\"panel-grid panel-no-style\" ><div id=\"pgc-39872-10-0\"  class=\"panel-grid-cell\" ><div id=\"panel-39872-10-0-0\" class=\"so-panel widget widget_media_image panel-first-child panel-last-child\" data-index=\"27\" ><img loading=\"lazy\" decoding=\"async\" width=\"100\" height=\"100\" src=\"https:\/\/www.satt.fr\/wp-content\/uploads\/2023\/08\/Picto_4-1.png\" class=\"image wp-image-38266  attachment-full size-full\" alt=\"\" style=\"max-width: 100%; height: auto;\" \/><\/div><\/div><div id=\"pgc-39872-10-1\"  class=\"panel-grid-cell\" ><div id=\"panel-39872-10-1-0\" class=\"so-panel widget widget_sow-editor panel-first-child panel-last-child\" data-index=\"28\" ><div\n\t\t\t\n\t\t\tclass=\"so-widget-sow-editor so-widget-sow-editor-base\"\n\t\t\t\n\t\t>\n<div class=\"siteorigin-widget-tinymce textwidget\">\n\t<p style=\"margin: 0cm; margin-bottom: .0001pt;\"><strong><span style=\"color: #000000;\"><span style=\"font-size: 21.3333px;\">11.14.2023<\/span><\/span><\/strong><\/p>\n<p style=\"margin: 0cm; margin-bottom: .0001pt;\"><span style=\"color: #000000;\"><span style=\"font-size: 21.3333px;\">Carreau du Temple, Paris<\/span><\/span><\/p>\n<p style=\"margin: 0cm; margin-bottom: .0001pt;\"><span style=\"font-size: 16.0pt; color: #c90f4c;\"><a href=\"https:\/\/www.deeptechconnect.fr\/\">deeptechconnect.fr<\/a><\/span><\/p>\n<\/div>\n<\/div><\/div><\/div><\/div><div id=\"pg-39872-11\"  class=\"panel-grid panel-no-style\" ><div id=\"pgc-39872-11-0\"  class=\"panel-grid-cell\" ><div id=\"panel-39872-11-0-0\" class=\"so-panel widget widget_media_video panel-first-child panel-last-child\" data-index=\"29\" ><div style=\"width:100%;\" class=\"wp-video\"><video class=\"wp-video-shortcode\" id=\"video-39872-1\" preload=\"metadata\" controls=\"controls\"><source type=\"video\/youtube\" src=\"https:\/\/www.youtube.com\/watch?v=hymMloH_xn4&#038;t=6s&#038;_=1\" \/><a href=\"https:\/\/www.youtube.com\/watch?v=hymMloH_xn4&#038;t=6s\">https:\/\/www.youtube.com\/watch?v=hymMloH_xn4&#038;t=6s<\/a><\/video><\/div><\/div><\/div><\/div><div id=\"pg-39872-12\"  class=\"panel-grid panel-no-style\" ><div id=\"pgc-39872-12-0\"  class=\"panel-grid-cell\" ><div id=\"panel-39872-12-0-0\" class=\"so-panel widget widget_media_image panel-first-child panel-last-child\" data-index=\"30\" ><a href=\"https:\/\/www.deeptechconnect.fr\/\"><img loading=\"lazy\" decoding=\"async\" width=\"300\" height=\"81\" src=\"https:\/\/www.satt.fr\/wp-content\/uploads\/2023\/08\/DeepTech-Logo-Couleur-FondBlanc-300x81.png\" class=\"image wp-image-38216  attachment-medium size-medium\" alt=\"\" style=\"max-width: 100%; height: auto;\" srcset=\"https:\/\/www.satt.fr\/wp-content\/uploads\/2023\/08\/DeepTech-Logo-Couleur-FondBlanc-300x81.png 300w, https:\/\/www.satt.fr\/wp-content\/uploads\/2023\/08\/DeepTech-Logo-Couleur-FondBlanc-150x40.png 150w, https:\/\/www.satt.fr\/wp-content\/uploads\/2023\/08\/DeepTech-Logo-Couleur-FondBlanc-768x206.png 768w, https:\/\/www.satt.fr\/wp-content\/uploads\/2023\/08\/DeepTech-Logo-Couleur-FondBlanc-500x134.png 500w, https:\/\/www.satt.fr\/wp-content\/uploads\/2023\/08\/DeepTech-Logo-Couleur-FondBlanc-600x161.png 600w, https:\/\/www.satt.fr\/wp-content\/uploads\/2023\/08\/DeepTech-Logo-Couleur-FondBlanc-200x54.png 200w, https:\/\/www.satt.fr\/wp-content\/uploads\/2023\/08\/DeepTech-Logo-Couleur-FondBlanc.png 857w\" sizes=\"auto, (max-width: 300px) 100vw, 300px\" \/><\/a><\/div><\/div><\/div><\/div>","protected":false},"excerpt":{"rendered":"<p>Deeptech Connect is the first event to put investors and companies in touch with startups stemming from French academic research!<\/p>\n","protected":false},"author":2,"featured_media":38194,"parent":0,"menu_order":0,"comment_status":"closed","ping_status":"closed","template":"","meta":{"_acf_changed":false,"footnotes":""},"class_list":["post-39872","page","type-page","status-publish","has-post-thumbnail","hentry"],"acf":[],"yoast_head":"<!-- This site is optimized with the Yoast SEO plugin v27.2 - https:\/\/yoast.com\/product\/yoast-seo-wordpress\/ -->\n<title>Deeptech Connect - R\u00e9seau SATT<\/title>\n<meta name=\"robots\" content=\"index, follow, max-snippet:-1, max-image-preview:large, max-video-preview:-1\" \/>\n<link rel=\"canonical\" href=\"https:\/\/www.satt.fr\/en\/deeptech-connect\/\" \/>\n<meta name=\"twitter:label1\" content=\"Est. reading time\" \/>\n\t<meta name=\"twitter:data1\" content=\"4 minutes\" \/>\n<script type=\"application\/ld+json\" class=\"yoast-schema-graph\">{\"@context\":\"https:\/\/schema.org\",\"@graph\":[{\"@type\":\"WebPage\",\"@id\":\"https:\/\/www.satt.fr\/en\/deeptech-connect\/\",\"url\":\"https:\/\/www.satt.fr\/en\/deeptech-connect\/\",\"name\":\"Deeptech Connect - R\u00e9seau SATT\",\"isPartOf\":{\"@id\":\"https:\/\/www.satt.fr\/en\/#website\"},\"primaryImageOfPage\":{\"@id\":\"https:\/\/www.satt.fr\/en\/deeptech-connect\/#primaryimage\"},\"image\":{\"@id\":\"https:\/\/www.satt.fr\/en\/deeptech-connect\/#primaryimage\"},\"thumbnailUrl\":\"https:\/\/www.satt.fr\/wp-content\/uploads\/2023\/08\/DTC-2-scaled.jpg\",\"datePublished\":\"2024-01-17T12:30:37+00:00\",\"dateModified\":\"2024-01-17T12:51:36+00:00\",\"breadcrumb\":{\"@id\":\"https:\/\/www.satt.fr\/en\/deeptech-connect\/#breadcrumb\"},\"inLanguage\":\"en-US\",\"potentialAction\":[{\"@type\":\"ReadAction\",\"target\":[\"https:\/\/www.satt.fr\/en\/deeptech-connect\/\"]}]},{\"@type\":\"ImageObject\",\"inLanguage\":\"en-US\",\"@id\":\"https:\/\/www.satt.fr\/en\/deeptech-connect\/#primaryimage\",\"url\":\"https:\/\/www.satt.fr\/wp-content\/uploads\/2023\/08\/DTC-2-scaled.jpg\",\"contentUrl\":\"https:\/\/www.satt.fr\/wp-content\/uploads\/2023\/08\/DTC-2-scaled.jpg\",\"width\":2560,\"height\":773},{\"@type\":\"BreadcrumbList\",\"@id\":\"https:\/\/www.satt.fr\/en\/deeptech-connect\/#breadcrumb\",\"itemListElement\":[{\"@type\":\"ListItem\",\"position\":1,\"name\":\"Accueil\",\"item\":\"https:\/\/www.satt.fr\/en\/\"},{\"@type\":\"ListItem\",\"position\":2,\"name\":\"Deeptech Connect\"}]},{\"@type\":\"WebSite\",\"@id\":\"https:\/\/www.satt.fr\/en\/#website\",\"url\":\"https:\/\/www.satt.fr\/en\/\",\"name\":\"R\u00e9seau SATT\",\"description\":\"Les Soci\u00e9t\u00e9s d&#039;Acc\u00e9l\u00e9ration du Transfert de Technologies\",\"potentialAction\":[{\"@type\":\"SearchAction\",\"target\":{\"@type\":\"EntryPoint\",\"urlTemplate\":\"https:\/\/www.satt.fr\/en\/?s={search_term_string}\"},\"query-input\":{\"@type\":\"PropertyValueSpecification\",\"valueRequired\":true,\"valueName\":\"search_term_string\"}}],\"inLanguage\":\"en-US\"}]}<\/script>\n<!-- \/ Yoast SEO plugin. -->","yoast_head_json":{"title":"Deeptech Connect - R\u00e9seau SATT","robots":{"index":"index","follow":"follow","max-snippet":"max-snippet:-1","max-image-preview":"max-image-preview:large","max-video-preview":"max-video-preview:-1"},"canonical":"https:\/\/www.satt.fr\/en\/deeptech-connect\/","twitter_misc":{"Est. reading time":"4 minutes"},"schema":{"@context":"https:\/\/schema.org","@graph":[{"@type":"WebPage","@id":"https:\/\/www.satt.fr\/en\/deeptech-connect\/","url":"https:\/\/www.satt.fr\/en\/deeptech-connect\/","name":"Deeptech Connect - R\u00e9seau SATT","isPartOf":{"@id":"https:\/\/www.satt.fr\/en\/#website"},"primaryImageOfPage":{"@id":"https:\/\/www.satt.fr\/en\/deeptech-connect\/#primaryimage"},"image":{"@id":"https:\/\/www.satt.fr\/en\/deeptech-connect\/#primaryimage"},"thumbnailUrl":"https:\/\/www.satt.fr\/wp-content\/uploads\/2023\/08\/DTC-2-scaled.jpg","datePublished":"2024-01-17T12:30:37+00:00","dateModified":"2024-01-17T12:51:36+00:00","breadcrumb":{"@id":"https:\/\/www.satt.fr\/en\/deeptech-connect\/#breadcrumb"},"inLanguage":"en-US","potentialAction":[{"@type":"ReadAction","target":["https:\/\/www.satt.fr\/en\/deeptech-connect\/"]}]},{"@type":"ImageObject","inLanguage":"en-US","@id":"https:\/\/www.satt.fr\/en\/deeptech-connect\/#primaryimage","url":"https:\/\/www.satt.fr\/wp-content\/uploads\/2023\/08\/DTC-2-scaled.jpg","contentUrl":"https:\/\/www.satt.fr\/wp-content\/uploads\/2023\/08\/DTC-2-scaled.jpg","width":2560,"height":773},{"@type":"BreadcrumbList","@id":"https:\/\/www.satt.fr\/en\/deeptech-connect\/#breadcrumb","itemListElement":[{"@type":"ListItem","position":1,"name":"Accueil","item":"https:\/\/www.satt.fr\/en\/"},{"@type":"ListItem","position":2,"name":"Deeptech Connect"}]},{"@type":"WebSite","@id":"https:\/\/www.satt.fr\/en\/#website","url":"https:\/\/www.satt.fr\/en\/","name":"R\u00e9seau SATT","description":"Les Soci\u00e9t\u00e9s d&#039;Acc\u00e9l\u00e9ration du Transfert de Technologies","potentialAction":[{"@type":"SearchAction","target":{"@type":"EntryPoint","urlTemplate":"https:\/\/www.satt.fr\/en\/?s={search_term_string}"},"query-input":{"@type":"PropertyValueSpecification","valueRequired":true,"valueName":"search_term_string"}}],"inLanguage":"en-US"}]}},"_links":{"self":[{"href":"https:\/\/www.satt.fr\/en\/wp-json\/wp\/v2\/pages\/39872","targetHints":{"allow":["GET"]}}],"collection":[{"href":"https:\/\/www.satt.fr\/en\/wp-json\/wp\/v2\/pages"}],"about":[{"href":"https:\/\/www.satt.fr\/en\/wp-json\/wp\/v2\/types\/page"}],"author":[{"embeddable":true,"href":"https:\/\/www.satt.fr\/en\/wp-json\/wp\/v2\/users\/2"}],"replies":[{"embeddable":true,"href":"https:\/\/www.satt.fr\/en\/wp-json\/wp\/v2\/comments?post=39872"}],"version-history":[{"count":5,"href":"https:\/\/www.satt.fr\/en\/wp-json\/wp\/v2\/pages\/39872\/revisions"}],"predecessor-version":[{"id":39917,"href":"https:\/\/www.satt.fr\/en\/wp-json\/wp\/v2\/pages\/39872\/revisions\/39917"}],"wp:featuredmedia":[{"embeddable":true,"href":"https:\/\/www.satt.fr\/en\/wp-json\/wp\/v2\/media\/38194"}],"wp:attachment":[{"href":"https:\/\/www.satt.fr\/en\/wp-json\/wp\/v2\/media?parent=39872"}],"curies":[{"name":"wp","href":"https:\/\/api.w.org\/{rel}","templated":true}]}}