{"id":4495,"date":"2017-09-04T17:09:11","date_gmt":"2017-09-04T15:09:11","guid":{"rendered":"http:\/\/www.satt.fr\/?page_id=4495"},"modified":"2021-10-29T10:12:28","modified_gmt":"2021-10-29T08:12:28","slug":"contact-us","status":"publish","type":"page","link":"https:\/\/www.satt.fr\/en\/contact-us\/","title":{"rendered":"Contact us"},"content":{"rendered":"<div id=\"pl-4495\"  class=\"panel-layout\" ><div id=\"pg-4495-0\"  class=\"panel-grid panel-no-style\" ><div id=\"pgc-4495-0-0\"  class=\"panel-grid-cell\" ><div id=\"panel-4495-0-0-0\" class=\"so-panel widget widget_sow-editor panel-first-child panel-last-child\" data-index=\"0\" ><div\n\t\t\t\n\t\t\tclass=\"so-widget-sow-editor so-widget-sow-editor-base\"\n\t\t\t\n\t\t>\n<div class=\"siteorigin-widget-tinymce textwidget\">\n\t<p><strong>ADRESS<\/strong><\/p>\n<p>c\/o SATT Ouest Valorisation, 14C Rue du Patis Tatelin, 35700 Rennes<\/p>\n<p>&nbsp;<\/p>\n<p><strong>CONTACTS<\/strong><\/p>\n<ul>\n<li>Business : Laurent AURET \u2013\u00a0<strong><a href=\"mailto:laurent.auret@satt.fr\">laurent.auret@satt.fr<\/a><\/strong><\/li>\n<li>Communication : R\u00e9mi LEFEBVRE \u2013\u00a0<strong><a href=\"mailto:remi.lefebvre@satt.fr\">remi.lefebvre@satt.fr<\/a><\/strong><\/li>\n<\/ul>\n<\/div>\n<\/div><\/div><\/div><\/div><\/div>","protected":false},"excerpt":{"rendered":"<p>ADRESS c\/o SATT Ouest Valorisation, 14C Rue du Patis Tatelin, 35700 Rennes &nbsp; CONTACTS Business : Laurent AURET \u2013\u00a0laurent.auret@satt.fr Communication : R\u00e9mi LEFEBVRE \u2013\u00a0remi.lefebvre@satt.fr<\/p>\n","protected":false},"author":1,"featured_media":24685,"parent":0,"menu_order":0,"comment_status":"closed","ping_status":"closed","template":"template-contact.php","meta":{"_acf_changed":false,"footnotes":""},"class_list":["post-4495","page","type-page","status-publish","has-post-thumbnail","hentry"],"acf":[],"yoast_head":"<!-- This site is optimized with the Yoast SEO plugin v27.2 - https:\/\/yoast.com\/product\/yoast-seo-wordpress\/ -->\n<title>Contact us - R\u00e9seau SATT<\/title>\n<meta name=\"robots\" content=\"noindex, nofollow\" \/>\n<meta name=\"twitter:label1\" content=\"Est. reading time\" \/>\n\t<meta name=\"twitter:data1\" content=\"1 minute\" \/>\n<script type=\"application\/ld+json\" class=\"yoast-schema-graph\">{\"@context\":\"https:\/\/schema.org\",\"@graph\":[{\"@type\":\"WebPage\",\"@id\":\"https:\/\/www.satt.fr\/en\/contact-us\/\",\"url\":\"https:\/\/www.satt.fr\/en\/contact-us\/\",\"name\":\"Contact us - R\u00e9seau SATT\",\"isPartOf\":{\"@id\":\"https:\/\/www.satt.fr\/en\/#website\"},\"primaryImageOfPage\":{\"@id\":\"https:\/\/www.satt.fr\/en\/contact-us\/#primaryimage\"},\"image\":{\"@id\":\"https:\/\/www.satt.fr\/en\/contact-us\/#primaryimage\"},\"thumbnailUrl\":\"https:\/\/www.satt.fr\/wp-content\/uploads\/2021\/04\/Contact-2.jpg\",\"datePublished\":\"2017-09-04T15:09:11+00:00\",\"dateModified\":\"2021-10-29T08:12:28+00:00\",\"breadcrumb\":{\"@id\":\"https:\/\/www.satt.fr\/en\/contact-us\/#breadcrumb\"},\"inLanguage\":\"en-US\",\"potentialAction\":[{\"@type\":\"ReadAction\",\"target\":[\"https:\/\/www.satt.fr\/en\/contact-us\/\"]}]},{\"@type\":\"ImageObject\",\"inLanguage\":\"en-US\",\"@id\":\"https:\/\/www.satt.fr\/en\/contact-us\/#primaryimage\",\"url\":\"https:\/\/www.satt.fr\/wp-content\/uploads\/2021\/04\/Contact-2.jpg\",\"contentUrl\":\"https:\/\/www.satt.fr\/wp-content\/uploads\/2021\/04\/Contact-2.jpg\",\"width\":345,\"height\":327},{\"@type\":\"BreadcrumbList\",\"@id\":\"https:\/\/www.satt.fr\/en\/contact-us\/#breadcrumb\",\"itemListElement\":[{\"@type\":\"ListItem\",\"position\":1,\"name\":\"Accueil\",\"item\":\"https:\/\/www.satt.fr\/en\/\"},{\"@type\":\"ListItem\",\"position\":2,\"name\":\"Contact us\"}]},{\"@type\":\"WebSite\",\"@id\":\"https:\/\/www.satt.fr\/en\/#website\",\"url\":\"https:\/\/www.satt.fr\/en\/\",\"name\":\"R\u00e9seau SATT\",\"description\":\"Les Soci\u00e9t\u00e9s d&#039;Acc\u00e9l\u00e9ration du Transfert de Technologies\",\"potentialAction\":[{\"@type\":\"SearchAction\",\"target\":{\"@type\":\"EntryPoint\",\"urlTemplate\":\"https:\/\/www.satt.fr\/en\/?s={search_term_string}\"},\"query-input\":{\"@type\":\"PropertyValueSpecification\",\"valueRequired\":true,\"valueName\":\"search_term_string\"}}],\"inLanguage\":\"en-US\"}]}<\/script>\n<!-- \/ Yoast SEO plugin. -->","yoast_head_json":{"title":"Contact us - R\u00e9seau SATT","robots":{"index":"noindex","follow":"nofollow"},"twitter_misc":{"Est. reading time":"1 minute"},"schema":{"@context":"https:\/\/schema.org","@graph":[{"@type":"WebPage","@id":"https:\/\/www.satt.fr\/en\/contact-us\/","url":"https:\/\/www.satt.fr\/en\/contact-us\/","name":"Contact us - R\u00e9seau SATT","isPartOf":{"@id":"https:\/\/www.satt.fr\/en\/#website"},"primaryImageOfPage":{"@id":"https:\/\/www.satt.fr\/en\/contact-us\/#primaryimage"},"image":{"@id":"https:\/\/www.satt.fr\/en\/contact-us\/#primaryimage"},"thumbnailUrl":"https:\/\/www.satt.fr\/wp-content\/uploads\/2021\/04\/Contact-2.jpg","datePublished":"2017-09-04T15:09:11+00:00","dateModified":"2021-10-29T08:12:28+00:00","breadcrumb":{"@id":"https:\/\/www.satt.fr\/en\/contact-us\/#breadcrumb"},"inLanguage":"en-US","potentialAction":[{"@type":"ReadAction","target":["https:\/\/www.satt.fr\/en\/contact-us\/"]}]},{"@type":"ImageObject","inLanguage":"en-US","@id":"https:\/\/www.satt.fr\/en\/contact-us\/#primaryimage","url":"https:\/\/www.satt.fr\/wp-content\/uploads\/2021\/04\/Contact-2.jpg","contentUrl":"https:\/\/www.satt.fr\/wp-content\/uploads\/2021\/04\/Contact-2.jpg","width":345,"height":327},{"@type":"BreadcrumbList","@id":"https:\/\/www.satt.fr\/en\/contact-us\/#breadcrumb","itemListElement":[{"@type":"ListItem","position":1,"name":"Accueil","item":"https:\/\/www.satt.fr\/en\/"},{"@type":"ListItem","position":2,"name":"Contact us"}]},{"@type":"WebSite","@id":"https:\/\/www.satt.fr\/en\/#website","url":"https:\/\/www.satt.fr\/en\/","name":"R\u00e9seau SATT","description":"Les Soci\u00e9t\u00e9s d&#039;Acc\u00e9l\u00e9ration du Transfert de Technologies","potentialAction":[{"@type":"SearchAction","target":{"@type":"EntryPoint","urlTemplate":"https:\/\/www.satt.fr\/en\/?s={search_term_string}"},"query-input":{"@type":"PropertyValueSpecification","valueRequired":true,"valueName":"search_term_string"}}],"inLanguage":"en-US"}]}},"_links":{"self":[{"href":"https:\/\/www.satt.fr\/en\/wp-json\/wp\/v2\/pages\/4495","targetHints":{"allow":["GET"]}}],"collection":[{"href":"https:\/\/www.satt.fr\/en\/wp-json\/wp\/v2\/pages"}],"about":[{"href":"https:\/\/www.satt.fr\/en\/wp-json\/wp\/v2\/types\/page"}],"author":[{"embeddable":true,"href":"https:\/\/www.satt.fr\/en\/wp-json\/wp\/v2\/users\/1"}],"replies":[{"embeddable":true,"href":"https:\/\/www.satt.fr\/en\/wp-json\/wp\/v2\/comments?post=4495"}],"version-history":[{"count":5,"href":"https:\/\/www.satt.fr\/en\/wp-json\/wp\/v2\/pages\/4495\/revisions"}],"predecessor-version":[{"id":27853,"href":"https:\/\/www.satt.fr\/en\/wp-json\/wp\/v2\/pages\/4495\/revisions\/27853"}],"wp:featuredmedia":[{"embeddable":true,"href":"https:\/\/www.satt.fr\/en\/wp-json\/wp\/v2\/media\/24685"}],"wp:attachment":[{"href":"https:\/\/www.satt.fr\/en\/wp-json\/wp\/v2\/media?parent=4495"}],"curies":[{"name":"wp","href":"https:\/\/api.w.org\/{rel}","templated":true}]}}