{"id":5703,"date":"2017-09-28T10:19:49","date_gmt":"2017-09-28T08:19:49","guid":{"rendered":"http:\/\/www.satt.fr\/?page_id=5703"},"modified":"2024-01-17T10:37:38","modified_gmt":"2024-01-17T09:37:38","slug":"le-reseau-satt","status":"publish","type":"page","link":"https:\/\/www.satt.fr\/en\/le-reseau-satt\/","title":{"rendered":"The SATT Network"},"content":{"rendered":"<div id=\"pl-5703\"  class=\"panel-layout\" ><div id=\"pg-5703-0\"  class=\"panel-grid panel-has-style\" ><div class=\"panel-row-style panel-row-style-for-5703-0\" ><div id=\"pgc-5703-0-0\"  class=\"panel-grid-cell\" ><div id=\"panel-5703-0-0-0\" class=\"so-panel widget widget_sow-editor panel-first-child panel-last-child\" data-index=\"0\" ><div class=\"panel-widget-style panel-widget-style-for-5703-0-0-0\" ><div\n\t\t\t\n\t\t\tclass=\"so-widget-sow-editor so-widget-sow-editor-base\"\n\t\t\t\n\t\t>\n<div class=\"siteorigin-widget-tinymce textwidget\">\n\t<p>&nbsp;<\/p>\n<h3><\/h3>\n<p><strong>TEST The SATT Network federates 13 Technology Transfer Offices in France. Committed to economic dynamism thanks to scientific innovations stemming from public research, SATTs provide companies with high-potential, de-risked technological solutions to boost their competitiveness.<\/strong><\/p>\n<p>With over 800 startups created, SATTs are the leading local players in the French government's Deeptech Plan, operated by Bpifrance. They are in daily contact with over 150,000 researchers, and offer privileged access to innovations from public laboratories. With their nationwide network, they are strategic partners for companies seeking growth through innovation.<\/p>\n<\/div>\n<\/div><\/div><\/div><\/div><\/div><\/div><div id=\"pg-5703-1\"  class=\"panel-grid panel-no-style\" ><div id=\"pgc-5703-1-0\"  class=\"panel-grid-cell panel-grid-cell-empty\" ><\/div><\/div><div id=\"pg-5703-2\"  class=\"panel-grid panel-no-style\" ><div id=\"pgc-5703-2-0\"  class=\"panel-grid-cell\" ><div id=\"panel-5703-2-0-0\" class=\"so-panel widget widget_siteorigin-panels-builder panel-first-child panel-last-child\" data-index=\"1\" ><div id=\"pl-w62e80a0d08973\"  class=\"panel-layout\" ><div id=\"pg-w62e80a0d08973-0\"  class=\"panel-grid panel-no-style\" ><div id=\"pgc-w62e80a0d08973-0-0\"  class=\"panel-grid-cell\" ><div id=\"panel-w62e80a0d08973-0-0-0\" class=\"so-panel widget widget_sow-editor panel-first-child panel-last-child\" data-index=\"0\" ><div class=\"titre-reseau panel-widget-style panel-widget-style-for-w62e80a0d08973-0-0-0\" ><div\n\t\t\t\n\t\t\tclass=\"so-widget-sow-editor so-widget-sow-editor-base\"\n\t\t\t\n\t\t>\n<div class=\"siteorigin-widget-tinymce textwidget\">\n\t<p id=\"le-bureau\" style=\"text-align: center;\">L'\u00e9quipe<\/p>\n<\/div>\n<\/div><\/div><\/div><\/div><\/div><div id=\"pg-w62e80a0d08973-1\"  class=\"panel-grid panel-has-style\" ><div class=\"panel-row-style panel-row-style-for-w62e80a0d08973-1\" ><div id=\"pgc-w62e80a0d08973-1-0\"  class=\"panel-grid-cell\" ><div id=\"panel-w62e80a0d08973-1-0-0\" class=\"so-panel widget widget_media_image panel-first-child\" data-index=\"1\" ><img loading=\"lazy\" decoding=\"async\" width=\"200\" height=\"200\" src=\"https:\/\/www.satt.fr\/wp-content\/uploads\/2022\/08\/LB-1.png\" class=\"image wp-image-32532  attachment-200x200 size-200x200\" alt=\"\" style=\"max-width: 100%; height: auto;\" srcset=\"https:\/\/www.satt.fr\/wp-content\/uploads\/2022\/08\/LB-1.png 300w, https:\/\/www.satt.fr\/wp-content\/uploads\/2022\/08\/LB-1-150x150.png 150w, https:\/\/www.satt.fr\/wp-content\/uploads\/2022\/08\/LB-1-100x100.png 100w\" sizes=\"auto, (max-width: 200px) 100vw, 200px\" \/><\/div>        <div class=\"bloc-reseau\">\r\n            <div class=\"bloc-reseau-img\">\r\n                <div class=\"row no-gutters \">\r\n                    <div class=\"col-md-12\">\r\n\t\t\t\t\t\t                        <div class=\"single-reseau-content\">\r\n                            <p class=\"reseau-nom\">\r\n\t\t\t\t\t\t\t\tLaurent <br\/>\r\n                                <strong>BALY<\/strong>\r\n                            <\/p>\r\n                            <p class=\"reseau-fonction\">\r\n\t\t\t\t\t\t\t\tPr\u00e9sident<br\/>\r\n\t\t\t\t\t\t\t\tPr\u00e9sident SATT Sud-Est                            <\/p>\r\n                        <\/div>\r\n                    <\/div>\r\n                <\/div>\r\n            <\/div>\r\n        <\/div>\r\n\r\n\t\t<\/div><div id=\"pgc-w62e80a0d08973-1-1\"  class=\"panel-grid-cell\" ><div id=\"panel-w62e80a0d08973-1-1-0\" class=\"so-panel widget widget_media_image panel-first-child\" data-index=\"3\" ><img loading=\"lazy\" decoding=\"async\" width=\"200\" height=\"200\" src=\"https:\/\/www.satt.fr\/wp-content\/uploads\/2022\/08\/PC-1.png\" class=\"image wp-image-32534  attachment-200x200 size-200x200\" alt=\"\" style=\"max-width: 100%; height: auto;\" srcset=\"https:\/\/www.satt.fr\/wp-content\/uploads\/2022\/08\/PC-1.png 300w, https:\/\/www.satt.fr\/wp-content\/uploads\/2022\/08\/PC-1-150x150.png 150w, https:\/\/www.satt.fr\/wp-content\/uploads\/2022\/08\/PC-1-100x100.png 100w\" sizes=\"auto, (max-width: 200px) 100vw, 200px\" \/><\/div>        <div class=\"bloc-reseau\">\r\n            <div class=\"bloc-reseau-img\">\r\n                <div class=\"row no-gutters \">\r\n                    <div class=\"col-md-12\">\r\n\t\t\t\t\t\t                        <div class=\"single-reseau-content\">\r\n                            <p class=\"reseau-nom\">\r\n\t\t\t\t\t\t\t\tPatrick <br\/>\r\n                                <strong>CAZENEUVE<\/strong>\r\n                            <\/p>\r\n                            <p class=\"reseau-fonction\">\r\n\t\t\t\t\t\t\t\tSecr\u00e9taire<br\/>\r\n\t\t\t\t\t\t\t\tPr\u00e9sident TOULOUSE TECH TRANSFER                            <\/p>\r\n                        <\/div>\r\n                    <\/div>\r\n                <\/div>\r\n            <\/div>\r\n        <\/div>\r\n\r\n\t\t<\/div><div id=\"pgc-w62e80a0d08973-1-2\"  class=\"panel-grid-cell\" ><div id=\"panel-w62e80a0d08973-1-2-0\" class=\"so-panel widget widget_media_image panel-first-child\" data-index=\"5\" ><img loading=\"lazy\" decoding=\"async\" width=\"200\" height=\"200\" src=\"https:\/\/www.satt.fr\/wp-content\/uploads\/2022\/08\/VL-1.png\" class=\"image wp-image-32536  attachment-200x200 size-200x200\" alt=\"\" style=\"max-width: 100%; height: auto;\" srcset=\"https:\/\/www.satt.fr\/wp-content\/uploads\/2022\/08\/VL-1.png 300w, https:\/\/www.satt.fr\/wp-content\/uploads\/2022\/08\/VL-1-150x150.png 150w, https:\/\/www.satt.fr\/wp-content\/uploads\/2022\/08\/VL-1-100x100.png 100w\" sizes=\"auto, (max-width: 200px) 100vw, 200px\" \/><\/div>        <div class=\"bloc-reseau\">\r\n            <div class=\"bloc-reseau-img\">\r\n                <div class=\"row no-gutters \">\r\n                    <div class=\"col-md-12\">\r\n\t\t\t\t\t\t                        <div class=\"single-reseau-content\">\r\n                            <p class=\"reseau-nom\">\r\n\t\t\t\t\t\t\t\tVincent <br\/>\r\n                                <strong>LAMANDE<\/strong>\r\n                            <\/p>\r\n                            <p class=\"reseau-fonction\">\r\n\t\t\t\t\t\t\t\tTr\u00e9sorier<br\/>\r\n\t\t\t\t\t\t\t\tPr\u00e9sident OUEST VALORISATION                            <\/p>\r\n                        <\/div>\r\n                    <\/div>\r\n                <\/div>\r\n            <\/div>\r\n        <\/div>\r\n\r\n\t\t<\/div><\/div><\/div><div id=\"pg-w62e80a0d08973-2\"  class=\"panel-grid panel-no-style\" ><div id=\"pgc-w62e80a0d08973-2-0\"  class=\"panel-grid-cell panel-grid-cell-empty\" ><\/div><div id=\"pgc-w62e80a0d08973-2-1\"  class=\"panel-grid-cell panel-grid-cell-empty panel-grid-cell-mobile-last\" ><\/div><div id=\"pgc-w62e80a0d08973-2-2\"  class=\"panel-grid-cell panel-grid-cell-empty\" ><\/div><\/div><\/div><\/div><\/div><\/div><div id=\"pg-5703-3\"  class=\"panel-grid panel-no-style\" ><div id=\"pgc-5703-3-0\"  class=\"panel-grid-cell\" ><div id=\"panel-5703-3-0-0\" class=\"so-panel widget widget_siteorigin-panels-builder panel-first-child panel-last-child\" data-index=\"2\" ><div id=\"pl-w62e80a0d0a03b\"  class=\"panel-layout\" ><div id=\"pg-w62e80a0d0a03b-0\"  class=\"panel-grid panel-has-style\" ><div class=\"panel-row-style panel-row-style-for-w62e80a0d0a03b-0\" ><div id=\"pgc-w62e80a0d0a03b-0-0\"  class=\"panel-grid-cell\" ><div id=\"panel-w62e80a0d0a03b-0-0-0\" class=\"so-panel widget widget_media_image panel-first-child panel-last-child\" data-index=\"0\" ><img loading=\"lazy\" decoding=\"async\" width=\"200\" height=\"200\" src=\"https:\/\/www.satt.fr\/wp-content\/uploads\/2022\/08\/LA-300x300.png\" class=\"image wp-image-32618  attachment-200x200 size-200x200\" alt=\"\" style=\"max-width: 100%; height: auto;\" srcset=\"https:\/\/www.satt.fr\/wp-content\/uploads\/2022\/08\/LA-300x300.png 300w, https:\/\/www.satt.fr\/wp-content\/uploads\/2022\/08\/LA-150x150.png 150w, https:\/\/www.satt.fr\/wp-content\/uploads\/2022\/08\/LA-768x768.png 768w, https:\/\/www.satt.fr\/wp-content\/uploads\/2022\/08\/LA-500x500.png 500w, https:\/\/www.satt.fr\/wp-content\/uploads\/2022\/08\/LA-600x600.png 600w, https:\/\/www.satt.fr\/wp-content\/uploads\/2022\/08\/LA-100x100.png 100w, https:\/\/www.satt.fr\/wp-content\/uploads\/2022\/08\/LA.png 801w\" sizes=\"auto, (max-width: 200px) 100vw, 200px\" \/><\/div><\/div><div id=\"pgc-w62e80a0d0a03b-0-1\"  class=\"panel-grid-cell\" >        <div class=\"bloc-reseau\">\r\n            <div class=\"bloc-reseau-img\">\r\n                <div class=\"row no-gutters \">\r\n                    <div class=\"col-md-12\">\r\n\t\t\t\t\t\t                        <div class=\"single-reseau-content\">\r\n                            <p class=\"reseau-nom\">\r\n\t\t\t\t\t\t\t\tLaurent <br\/>\r\n                                <strong>Auret<\/strong>\r\n                            <\/p>\r\n                            <p class=\"reseau-fonction\">\r\n\t\t\t\t\t\t\t\tDirecteur des Partenariats Industriels<br\/>\r\n\t\t\t\t\t\t\t\t                            <\/p>\r\n                        <\/div>\r\n                    <\/div>\r\n                <\/div>\r\n            <\/div>\r\n        <\/div>\r\n\r\n\t\t<div id=\"panel-w62e80a0d0a03b-0-1-1\" class=\"so-panel widget widget_text panel-last-child\" data-index=\"2\" >\t\t\t<div class=\"textwidget\"><p><a href=\"mailto:laurent.auret@satt.fr\">contact<\/a><\/p>\n<\/div>\n\t\t<\/div><\/div><div id=\"pgc-w62e80a0d0a03b-0-2\"  class=\"panel-grid-cell\" ><div id=\"panel-w62e80a0d0a03b-0-2-0\" class=\"so-panel widget widget_media_image panel-first-child panel-last-child\" data-index=\"3\" ><img loading=\"lazy\" decoding=\"async\" width=\"200\" height=\"200\" src=\"https:\/\/www.satt.fr\/wp-content\/uploads\/2022\/08\/RL-300x300.png\" class=\"image wp-image-32620  attachment-200x200 size-200x200\" alt=\"\" style=\"max-width: 100%; height: auto;\" srcset=\"https:\/\/www.satt.fr\/wp-content\/uploads\/2022\/08\/RL-300x300.png 300w, https:\/\/www.satt.fr\/wp-content\/uploads\/2022\/08\/RL-1024x1024.png 1024w, https:\/\/www.satt.fr\/wp-content\/uploads\/2022\/08\/RL-150x150.png 150w, https:\/\/www.satt.fr\/wp-content\/uploads\/2022\/08\/RL-768x768.png 768w, https:\/\/www.satt.fr\/wp-content\/uploads\/2022\/08\/RL-1536x1536.png 1536w, https:\/\/www.satt.fr\/wp-content\/uploads\/2022\/08\/RL-500x500.png 500w, https:\/\/www.satt.fr\/wp-content\/uploads\/2022\/08\/RL-600x600.png 600w, https:\/\/www.satt.fr\/wp-content\/uploads\/2022\/08\/RL-100x100.png 100w, https:\/\/www.satt.fr\/wp-content\/uploads\/2022\/08\/RL.png 1997w\" sizes=\"auto, (max-width: 200px) 100vw, 200px\" \/><\/div><\/div><div id=\"pgc-w62e80a0d0a03b-0-3\"  class=\"panel-grid-cell\" >        <div class=\"bloc-reseau\">\r\n            <div class=\"bloc-reseau-img\">\r\n                <div class=\"row no-gutters \">\r\n                    <div class=\"col-md-12\">\r\n\t\t\t\t\t\t                        <div class=\"single-reseau-content\">\r\n                            <p class=\"reseau-nom\">\r\n\t\t\t\t\t\t\t\tR\u00e9mi <br\/>\r\n                                <strong>Lefebvre<\/strong>\r\n                            <\/p>\r\n                            <p class=\"reseau-fonction\">\r\n\t\t\t\t\t\t\t\tCharg\u00e9 de Communication<br\/>\r\n\t\t\t\t\t\t\t\t                            <\/p>\r\n                        <\/div>\r\n                    <\/div>\r\n                <\/div>\r\n            <\/div>\r\n        <\/div>\r\n\r\n\t\t<div id=\"panel-w62e80a0d0a03b-0-3-1\" class=\"so-panel widget widget_text panel-last-child\" data-index=\"5\" >\t\t\t<div class=\"textwidget\"><p><a href=\"mailto:remi.lefebvre@satt.fr\">contact<\/a><\/p>\n<\/div>\n\t\t<\/div><\/div><\/div><\/div><\/div><\/div><\/div><\/div><div id=\"pg-5703-4\"  class=\"panel-grid panel-no-style\" ><div id=\"pgc-5703-4-0\"  class=\"panel-grid-cell panel-grid-cell-empty\" ><\/div><\/div><div id=\"pg-5703-5\"  class=\"panel-grid panel-no-style\" ><div id=\"pgc-5703-5-0\"  class=\"panel-grid-cell panel-grid-cell-empty\" ><\/div><\/div><\/div>","protected":false},"excerpt":{"rendered":"<p>&nbsp; TEST The SATT Network federates 13 Technology Transfer Offices in France. Committed to economic dynamism thanks to scientific innovations stemming from public research, SATTs provide companies with high-potential, de-risked technological solutions to boost their competitiveness. With over 800 startups created, SATTs are the leading local players in the French government&#8217;s Deeptech Plan, operated by [&hellip;]<\/p>\n","protected":false},"author":1,"featured_media":24689,"parent":0,"menu_order":0,"comment_status":"closed","ping_status":"closed","template":"template-reseausatt.php","meta":{"_acf_changed":false,"footnotes":""},"class_list":["post-5703","page","type-page","status-publish","has-post-thumbnail","hentry"],"acf":[],"yoast_head":"<!-- This site is optimized with the Yoast SEO plugin v27.4 - https:\/\/yoast.com\/product\/yoast-seo-wordpress\/ -->\n<title>R\u00e9seau d&#039;Acc\u00e9l\u00e9ration du Transfert de Technologie - R\u00e9seau SATT<\/title>\n<meta name=\"description\" content=\"Depuis 2014 et au travers de ses 14 implantations en France, le R\u00e9seau SATT a pour vocation d&#039;acc\u00e9l\u00e9rer le transfert de technologie de la recherche universitaire fran\u00e7aise vers les entreprises ... Vous souhaitez en savoir plus, consultez les offres de technologie ou d\u00e9poser un brevet ? \u2705\" \/>\n<meta name=\"robots\" content=\"index, follow, max-snippet:-1, max-image-preview:large, max-video-preview:-1\" \/>\n<link rel=\"canonical\" href=\"https:\/\/www.satt.fr\/en\/le-reseau-satt\/\" \/>\n<meta name=\"twitter:label1\" content=\"Est. reading time\" \/>\n\t<meta name=\"twitter:data1\" content=\"2 minutes\" \/>\n<script type=\"application\/ld+json\" class=\"yoast-schema-graph\">{\"@context\":\"https:\\\/\\\/schema.org\",\"@graph\":[{\"@type\":\"WebPage\",\"@id\":\"https:\\\/\\\/www.satt.fr\\\/en\\\/le-reseau-satt\\\/\",\"url\":\"https:\\\/\\\/www.satt.fr\\\/en\\\/le-reseau-satt\\\/\",\"name\":\"R\u00e9seau d'Acc\u00e9l\u00e9ration du Transfert de Technologie - R\u00e9seau SATT\",\"isPartOf\":{\"@id\":\"https:\\\/\\\/www.satt.fr\\\/en\\\/#website\"},\"primaryImageOfPage\":{\"@id\":\"https:\\\/\\\/www.satt.fr\\\/en\\\/le-reseau-satt\\\/#primaryimage\"},\"image\":{\"@id\":\"https:\\\/\\\/www.satt.fr\\\/en\\\/le-reseau-satt\\\/#primaryimage\"},\"thumbnailUrl\":\"https:\\\/\\\/www.satt.fr\\\/wp-content\\\/uploads\\\/2021\\\/04\\\/Reseau-SATT-3.jpg\",\"datePublished\":\"2017-09-28T08:19:49+00:00\",\"dateModified\":\"2024-01-17T09:37:38+00:00\",\"description\":\"Depuis 2014 et au travers de ses 14 implantations en France, le R\u00e9seau SATT a pour vocation d'acc\u00e9l\u00e9rer le transfert de technologie de la recherche universitaire fran\u00e7aise vers les entreprises ... Vous souhaitez en savoir plus, consultez les offres de technologie ou d\u00e9poser un brevet ? \u2705\",\"breadcrumb\":{\"@id\":\"https:\\\/\\\/www.satt.fr\\\/en\\\/le-reseau-satt\\\/#breadcrumb\"},\"inLanguage\":\"en-US\",\"potentialAction\":[{\"@type\":\"ReadAction\",\"target\":[\"https:\\\/\\\/www.satt.fr\\\/en\\\/le-reseau-satt\\\/\"]}]},{\"@type\":\"ImageObject\",\"inLanguage\":\"en-US\",\"@id\":\"https:\\\/\\\/www.satt.fr\\\/en\\\/le-reseau-satt\\\/#primaryimage\",\"url\":\"https:\\\/\\\/www.satt.fr\\\/wp-content\\\/uploads\\\/2021\\\/04\\\/Reseau-SATT-3.jpg\",\"contentUrl\":\"https:\\\/\\\/www.satt.fr\\\/wp-content\\\/uploads\\\/2021\\\/04\\\/Reseau-SATT-3.jpg\",\"width\":1169,\"height\":353},{\"@type\":\"BreadcrumbList\",\"@id\":\"https:\\\/\\\/www.satt.fr\\\/en\\\/le-reseau-satt\\\/#breadcrumb\",\"itemListElement\":[{\"@type\":\"ListItem\",\"position\":1,\"name\":\"Accueil\",\"item\":\"https:\\\/\\\/www.satt.fr\\\/en\\\/\"},{\"@type\":\"ListItem\",\"position\":2,\"name\":\"The SATT Network\"}]},{\"@type\":\"WebSite\",\"@id\":\"https:\\\/\\\/www.satt.fr\\\/en\\\/#website\",\"url\":\"https:\\\/\\\/www.satt.fr\\\/en\\\/\",\"name\":\"R\u00e9seau SATT\",\"description\":\"Les Soci\u00e9t\u00e9s d&#039;Acc\u00e9l\u00e9ration du Transfert de Technologies\",\"potentialAction\":[{\"@type\":\"SearchAction\",\"target\":{\"@type\":\"EntryPoint\",\"urlTemplate\":\"https:\\\/\\\/www.satt.fr\\\/en\\\/?s={search_term_string}\"},\"query-input\":{\"@type\":\"PropertyValueSpecification\",\"valueRequired\":true,\"valueName\":\"search_term_string\"}}],\"inLanguage\":\"en-US\"}]}<\/script>\n<!-- \/ Yoast SEO plugin. -->","yoast_head_json":{"title":"R\u00e9seau d'Acc\u00e9l\u00e9ration du Transfert de Technologie - R\u00e9seau SATT","description":"Depuis 2014 et au travers de ses 14 implantations en France, le R\u00e9seau SATT a pour vocation d'acc\u00e9l\u00e9rer le transfert de technologie de la recherche universitaire fran\u00e7aise vers les entreprises ... Vous souhaitez en savoir plus, consultez les offres de technologie ou d\u00e9poser un brevet ? \u2705","robots":{"index":"index","follow":"follow","max-snippet":"max-snippet:-1","max-image-preview":"max-image-preview:large","max-video-preview":"max-video-preview:-1"},"canonical":"https:\/\/www.satt.fr\/en\/le-reseau-satt\/","twitter_misc":{"Est. reading time":"2 minutes"},"schema":{"@context":"https:\/\/schema.org","@graph":[{"@type":"WebPage","@id":"https:\/\/www.satt.fr\/en\/le-reseau-satt\/","url":"https:\/\/www.satt.fr\/en\/le-reseau-satt\/","name":"R\u00e9seau d'Acc\u00e9l\u00e9ration du Transfert de Technologie - R\u00e9seau SATT","isPartOf":{"@id":"https:\/\/www.satt.fr\/en\/#website"},"primaryImageOfPage":{"@id":"https:\/\/www.satt.fr\/en\/le-reseau-satt\/#primaryimage"},"image":{"@id":"https:\/\/www.satt.fr\/en\/le-reseau-satt\/#primaryimage"},"thumbnailUrl":"https:\/\/www.satt.fr\/wp-content\/uploads\/2021\/04\/Reseau-SATT-3.jpg","datePublished":"2017-09-28T08:19:49+00:00","dateModified":"2024-01-17T09:37:38+00:00","description":"Depuis 2014 et au travers de ses 14 implantations en France, le R\u00e9seau SATT a pour vocation d'acc\u00e9l\u00e9rer le transfert de technologie de la recherche universitaire fran\u00e7aise vers les entreprises ... Vous souhaitez en savoir plus, consultez les offres de technologie ou d\u00e9poser un brevet ? \u2705","breadcrumb":{"@id":"https:\/\/www.satt.fr\/en\/le-reseau-satt\/#breadcrumb"},"inLanguage":"en-US","potentialAction":[{"@type":"ReadAction","target":["https:\/\/www.satt.fr\/en\/le-reseau-satt\/"]}]},{"@type":"ImageObject","inLanguage":"en-US","@id":"https:\/\/www.satt.fr\/en\/le-reseau-satt\/#primaryimage","url":"https:\/\/www.satt.fr\/wp-content\/uploads\/2021\/04\/Reseau-SATT-3.jpg","contentUrl":"https:\/\/www.satt.fr\/wp-content\/uploads\/2021\/04\/Reseau-SATT-3.jpg","width":1169,"height":353},{"@type":"BreadcrumbList","@id":"https:\/\/www.satt.fr\/en\/le-reseau-satt\/#breadcrumb","itemListElement":[{"@type":"ListItem","position":1,"name":"Accueil","item":"https:\/\/www.satt.fr\/en\/"},{"@type":"ListItem","position":2,"name":"The SATT Network"}]},{"@type":"WebSite","@id":"https:\/\/www.satt.fr\/en\/#website","url":"https:\/\/www.satt.fr\/en\/","name":"R\u00e9seau SATT","description":"Les Soci\u00e9t\u00e9s d&#039;Acc\u00e9l\u00e9ration du Transfert de Technologies","potentialAction":[{"@type":"SearchAction","target":{"@type":"EntryPoint","urlTemplate":"https:\/\/www.satt.fr\/en\/?s={search_term_string}"},"query-input":{"@type":"PropertyValueSpecification","valueRequired":true,"valueName":"search_term_string"}}],"inLanguage":"en-US"}]}},"_links":{"self":[{"href":"https:\/\/www.satt.fr\/en\/wp-json\/wp\/v2\/pages\/5703","targetHints":{"allow":["GET"]}}],"collection":[{"href":"https:\/\/www.satt.fr\/en\/wp-json\/wp\/v2\/pages"}],"about":[{"href":"https:\/\/www.satt.fr\/en\/wp-json\/wp\/v2\/types\/page"}],"author":[{"embeddable":true,"href":"https:\/\/www.satt.fr\/en\/wp-json\/wp\/v2\/users\/1"}],"replies":[{"embeddable":true,"href":"https:\/\/www.satt.fr\/en\/wp-json\/wp\/v2\/comments?post=5703"}],"version-history":[{"count":5,"href":"https:\/\/www.satt.fr\/en\/wp-json\/wp\/v2\/pages\/5703\/revisions"}],"predecessor-version":[{"id":39827,"href":"https:\/\/www.satt.fr\/en\/wp-json\/wp\/v2\/pages\/5703\/revisions\/39827"}],"wp:featuredmedia":[{"embeddable":true,"href":"https:\/\/www.satt.fr\/en\/wp-json\/wp\/v2\/media\/24689"}],"wp:attachment":[{"href":"https:\/\/www.satt.fr\/en\/wp-json\/wp\/v2\/media?parent=5703"}],"curies":[{"name":"wp","href":"https:\/\/api.w.org\/{rel}","templated":true}]}}