{"id":5705,"date":"2017-09-06T13:14:03","date_gmt":"2017-09-06T11:14:03","guid":{"rendered":"http:\/\/www.satt.fr\/?page_id=5705"},"modified":"2017-12-26T16:15:01","modified_gmt":"2017-12-26T15:15:01","slug":"about-technology-transfer","status":"publish","type":"page","link":"https:\/\/www.satt.fr\/en\/about-technology-transfer\/","title":{"rendered":"About Technology Transfer"},"content":{"rendered":"<div id=\"pg-3943-0\" class=\"panel-grid panel-has-style\" data-style=\"{&quot;class&quot;:&quot;containe&quot;,&quot;background_display&quot;:&quot;tile&quot;,&quot;cell_alignment&quot;:&quot;flex-start&quot;}\">\n<div class=\"containe panel-row-style panel-row-style-for-3943-0\">\n<div id=\"pgc-3943-0-0\" class=\"panel-grid-cell\" data-weight=\"1\">\n<div id=\"panel-3943-0-0-0\" class=\"so-panel widget widget_sow-editor panel-first-child\" data-index=\"0\" data-style=\"{&quot;class&quot;:&quot;text-intro&quot;,&quot;background_display&quot;:&quot;tile&quot;}\">\n<div class=\"text-intro panel-widget-style panel-widget-style-for-3943-0-0-0\">\n<div class=\"so-widget-sow-editor so-widget-sow-editor-base\">\n<div class=\"siteorigin-widget-tinymce textwidget\">\n<p>&nbsp;<\/p>\n<p>In close contact with public research units, SATT are dedicated to technology transfer and the maturation of inventions from these research units. Technology transfer is a process of turning a research result into an technology offer (technology, product, know-how) that can be exploited by a company or any other type of player in socio-economic markets. This offer is valued in the form of an assignment or a license agreement. This complex and iterative process is composed of several steps :<\/p>\n<p>&nbsp;<\/p>\n<\/div>\n<\/div>\n<\/div>\n<\/div>\n<div id=\"panel-3943-0-0-1\" class=\"so-panel widget widget_sow-image panel-last-child\" data-index=\"1\" data-style=\"{&quot;background_display&quot;:&quot;tile&quot;}\">\n<div class=\"so-widget-sow-image so-widget-sow-image-default-eef982a7180b\">\n<div class=\"sow-image-container\"><img loading=\"lazy\" decoding=\"async\" class=\"wp-image-6637 size-full aligncenter\" src=\"https:\/\/www.satt.fr\/wp-content\/uploads\/2017\/09\/process-reseau-satt-france.jpg\" alt=\"\" width=\"940\" height=\"462\" srcset=\"https:\/\/www.satt.fr\/wp-content\/uploads\/2017\/09\/process-reseau-satt-france.jpg 940w, https:\/\/www.satt.fr\/wp-content\/uploads\/2017\/09\/process-reseau-satt-france-150x74.jpg 150w, https:\/\/www.satt.fr\/wp-content\/uploads\/2017\/09\/process-reseau-satt-france-300x147.jpg 300w, https:\/\/www.satt.fr\/wp-content\/uploads\/2017\/09\/process-reseau-satt-france-768x377.jpg 768w, https:\/\/www.satt.fr\/wp-content\/uploads\/2017\/09\/process-reseau-satt-france-500x246.jpg 500w, https:\/\/www.satt.fr\/wp-content\/uploads\/2017\/09\/process-reseau-satt-france-600x295.jpg 600w\" sizes=\"auto, (max-width: 940px) 100vw, 940px\" \/><\/div>\n<\/div>\n<\/div>\n<\/div>\n<\/div>\n<\/div>\n","protected":false},"excerpt":{"rendered":"<p>&nbsp; In close contact with public research units, SATT are dedicated to technology transfer and the maturation of inventions from these research units. Technology transfer is a process of turning a research result into an technology offer (technology, product, know-how) that can be exploited by a company or any other type of player in socio-economic [&hellip;]<\/p>\n","protected":false},"author":2,"featured_media":5768,"parent":0,"menu_order":0,"comment_status":"closed","ping_status":"closed","template":"","meta":{"_acf_changed":false,"footnotes":""},"class_list":["post-5705","page","type-page","status-publish","has-post-thumbnail","hentry"],"acf":[],"yoast_head":"<!-- This site is optimized with the Yoast SEO plugin v27.2 - https:\/\/yoast.com\/product\/yoast-seo-wordpress\/ -->\n<title>About Technology Transfer - R\u00e9seau SATT<\/title>\n<meta name=\"robots\" content=\"index, follow, max-snippet:-1, max-image-preview:large, max-video-preview:-1\" \/>\n<link rel=\"canonical\" href=\"https:\/\/www.satt.fr\/en\/about-technology-transfer\/\" \/>\n<script type=\"application\/ld+json\" class=\"yoast-schema-graph\">{\"@context\":\"https:\/\/schema.org\",\"@graph\":[{\"@type\":\"WebPage\",\"@id\":\"https:\/\/www.satt.fr\/en\/about-technology-transfer\/\",\"url\":\"https:\/\/www.satt.fr\/en\/about-technology-transfer\/\",\"name\":\"About Technology Transfer - R\u00e9seau SATT\",\"isPartOf\":{\"@id\":\"https:\/\/www.satt.fr\/en\/#website\"},\"primaryImageOfPage\":{\"@id\":\"https:\/\/www.satt.fr\/en\/about-technology-transfer\/#primaryimage\"},\"image\":{\"@id\":\"https:\/\/www.satt.fr\/en\/about-technology-transfer\/#primaryimage\"},\"thumbnailUrl\":\"https:\/\/www.satt.fr\/wp-content\/uploads\/2017\/09\/reussites-5.jpg\",\"datePublished\":\"2017-09-06T11:14:03+00:00\",\"dateModified\":\"2017-12-26T15:15:01+00:00\",\"breadcrumb\":{\"@id\":\"https:\/\/www.satt.fr\/en\/about-technology-transfer\/#breadcrumb\"},\"inLanguage\":\"en-US\",\"potentialAction\":[{\"@type\":\"ReadAction\",\"target\":[\"https:\/\/www.satt.fr\/en\/about-technology-transfer\/\"]}]},{\"@type\":\"ImageObject\",\"inLanguage\":\"en-US\",\"@id\":\"https:\/\/www.satt.fr\/en\/about-technology-transfer\/#primaryimage\",\"url\":\"https:\/\/www.satt.fr\/wp-content\/uploads\/2017\/09\/reussites-5.jpg\",\"contentUrl\":\"https:\/\/www.satt.fr\/wp-content\/uploads\/2017\/09\/reussites-5.jpg\",\"width\":2048,\"height\":936},{\"@type\":\"BreadcrumbList\",\"@id\":\"https:\/\/www.satt.fr\/en\/about-technology-transfer\/#breadcrumb\",\"itemListElement\":[{\"@type\":\"ListItem\",\"position\":1,\"name\":\"Accueil\",\"item\":\"https:\/\/www.satt.fr\/en\/\"},{\"@type\":\"ListItem\",\"position\":2,\"name\":\"About Technology Transfer\"}]},{\"@type\":\"WebSite\",\"@id\":\"https:\/\/www.satt.fr\/en\/#website\",\"url\":\"https:\/\/www.satt.fr\/en\/\",\"name\":\"R\u00e9seau SATT\",\"description\":\"Les Soci\u00e9t\u00e9s d&#039;Acc\u00e9l\u00e9ration du Transfert de Technologies\",\"potentialAction\":[{\"@type\":\"SearchAction\",\"target\":{\"@type\":\"EntryPoint\",\"urlTemplate\":\"https:\/\/www.satt.fr\/en\/?s={search_term_string}\"},\"query-input\":{\"@type\":\"PropertyValueSpecification\",\"valueRequired\":true,\"valueName\":\"search_term_string\"}}],\"inLanguage\":\"en-US\"}]}<\/script>\n<!-- \/ Yoast SEO plugin. -->","yoast_head_json":{"title":"About Technology Transfer - R\u00e9seau SATT","robots":{"index":"index","follow":"follow","max-snippet":"max-snippet:-1","max-image-preview":"max-image-preview:large","max-video-preview":"max-video-preview:-1"},"canonical":"https:\/\/www.satt.fr\/en\/about-technology-transfer\/","schema":{"@context":"https:\/\/schema.org","@graph":[{"@type":"WebPage","@id":"https:\/\/www.satt.fr\/en\/about-technology-transfer\/","url":"https:\/\/www.satt.fr\/en\/about-technology-transfer\/","name":"About Technology Transfer - R\u00e9seau SATT","isPartOf":{"@id":"https:\/\/www.satt.fr\/en\/#website"},"primaryImageOfPage":{"@id":"https:\/\/www.satt.fr\/en\/about-technology-transfer\/#primaryimage"},"image":{"@id":"https:\/\/www.satt.fr\/en\/about-technology-transfer\/#primaryimage"},"thumbnailUrl":"https:\/\/www.satt.fr\/wp-content\/uploads\/2017\/09\/reussites-5.jpg","datePublished":"2017-09-06T11:14:03+00:00","dateModified":"2017-12-26T15:15:01+00:00","breadcrumb":{"@id":"https:\/\/www.satt.fr\/en\/about-technology-transfer\/#breadcrumb"},"inLanguage":"en-US","potentialAction":[{"@type":"ReadAction","target":["https:\/\/www.satt.fr\/en\/about-technology-transfer\/"]}]},{"@type":"ImageObject","inLanguage":"en-US","@id":"https:\/\/www.satt.fr\/en\/about-technology-transfer\/#primaryimage","url":"https:\/\/www.satt.fr\/wp-content\/uploads\/2017\/09\/reussites-5.jpg","contentUrl":"https:\/\/www.satt.fr\/wp-content\/uploads\/2017\/09\/reussites-5.jpg","width":2048,"height":936},{"@type":"BreadcrumbList","@id":"https:\/\/www.satt.fr\/en\/about-technology-transfer\/#breadcrumb","itemListElement":[{"@type":"ListItem","position":1,"name":"Accueil","item":"https:\/\/www.satt.fr\/en\/"},{"@type":"ListItem","position":2,"name":"About Technology Transfer"}]},{"@type":"WebSite","@id":"https:\/\/www.satt.fr\/en\/#website","url":"https:\/\/www.satt.fr\/en\/","name":"R\u00e9seau SATT","description":"Les Soci\u00e9t\u00e9s d&#039;Acc\u00e9l\u00e9ration du Transfert de Technologies","potentialAction":[{"@type":"SearchAction","target":{"@type":"EntryPoint","urlTemplate":"https:\/\/www.satt.fr\/en\/?s={search_term_string}"},"query-input":{"@type":"PropertyValueSpecification","valueRequired":true,"valueName":"search_term_string"}}],"inLanguage":"en-US"}]}},"_links":{"self":[{"href":"https:\/\/www.satt.fr\/en\/wp-json\/wp\/v2\/pages\/5705","targetHints":{"allow":["GET"]}}],"collection":[{"href":"https:\/\/www.satt.fr\/en\/wp-json\/wp\/v2\/pages"}],"about":[{"href":"https:\/\/www.satt.fr\/en\/wp-json\/wp\/v2\/types\/page"}],"author":[{"embeddable":true,"href":"https:\/\/www.satt.fr\/en\/wp-json\/wp\/v2\/users\/2"}],"replies":[{"embeddable":true,"href":"https:\/\/www.satt.fr\/en\/wp-json\/wp\/v2\/comments?post=5705"}],"version-history":[{"count":5,"href":"https:\/\/www.satt.fr\/en\/wp-json\/wp\/v2\/pages\/5705\/revisions"}],"predecessor-version":[{"id":7376,"href":"https:\/\/www.satt.fr\/en\/wp-json\/wp\/v2\/pages\/5705\/revisions\/7376"}],"wp:featuredmedia":[{"embeddable":true,"href":"https:\/\/www.satt.fr\/en\/wp-json\/wp\/v2\/media\/5768"}],"wp:attachment":[{"href":"https:\/\/www.satt.fr\/en\/wp-json\/wp\/v2\/media?parent=5705"}],"curies":[{"name":"wp","href":"https:\/\/api.w.org\/{rel}","templated":true}]}}