{"id":5707,"date":"2017-09-04T16:57:35","date_gmt":"2017-09-04T14:57:35","guid":{"rendered":"http:\/\/www.satt.fr\/?page_id=5707"},"modified":"2017-11-09T16:59:39","modified_gmt":"2017-11-09T15:59:39","slug":"success-stories","status":"publish","type":"page","link":"https:\/\/www.satt.fr\/en\/success-stories\/","title":{"rendered":"SATT Success Stories"},"content":{"rendered":"","protected":false},"excerpt":{"rendered":"","protected":false},"author":2,"featured_media":0,"parent":0,"menu_order":0,"comment_status":"closed","ping_status":"closed","template":"template-timeline.php","meta":{"_acf_changed":false,"footnotes":""},"class_list":["post-5707","page","type-page","status-publish","hentry"],"acf":[],"yoast_head":"<!-- This site is optimized with the Yoast SEO plugin v27.2 - https:\/\/yoast.com\/product\/yoast-seo-wordpress\/ -->\n<title>SATT Success Stories - R\u00e9seau SATT<\/title>\n<meta name=\"robots\" content=\"index, follow, max-snippet:-1, max-image-preview:large, max-video-preview:-1\" \/>\n<link rel=\"canonical\" href=\"https:\/\/www.satt.fr\/en\/success-stories\/\" \/>\n<script type=\"application\/ld+json\" class=\"yoast-schema-graph\">{\"@context\":\"https:\/\/schema.org\",\"@graph\":[{\"@type\":\"WebPage\",\"@id\":\"https:\/\/www.satt.fr\/en\/success-stories\/\",\"url\":\"https:\/\/www.satt.fr\/en\/success-stories\/\",\"name\":\"SATT Success Stories - R\u00e9seau SATT\",\"isPartOf\":{\"@id\":\"https:\/\/www.satt.fr\/en\/#website\"},\"datePublished\":\"2017-09-04T14:57:35+00:00\",\"dateModified\":\"2017-11-09T15:59:39+00:00\",\"breadcrumb\":{\"@id\":\"https:\/\/www.satt.fr\/en\/success-stories\/#breadcrumb\"},\"inLanguage\":\"en-US\",\"potentialAction\":[{\"@type\":\"ReadAction\",\"target\":[\"https:\/\/www.satt.fr\/en\/success-stories\/\"]}]},{\"@type\":\"BreadcrumbList\",\"@id\":\"https:\/\/www.satt.fr\/en\/success-stories\/#breadcrumb\",\"itemListElement\":[{\"@type\":\"ListItem\",\"position\":1,\"name\":\"Accueil\",\"item\":\"https:\/\/www.satt.fr\/en\/\"},{\"@type\":\"ListItem\",\"position\":2,\"name\":\"SATT Success Stories\"}]},{\"@type\":\"WebSite\",\"@id\":\"https:\/\/www.satt.fr\/en\/#website\",\"url\":\"https:\/\/www.satt.fr\/en\/\",\"name\":\"R\u00e9seau SATT\",\"description\":\"Les Soci\u00e9t\u00e9s d&#039;Acc\u00e9l\u00e9ration du Transfert de Technologies\",\"potentialAction\":[{\"@type\":\"SearchAction\",\"target\":{\"@type\":\"EntryPoint\",\"urlTemplate\":\"https:\/\/www.satt.fr\/en\/?s={search_term_string}\"},\"query-input\":{\"@type\":\"PropertyValueSpecification\",\"valueRequired\":true,\"valueName\":\"search_term_string\"}}],\"inLanguage\":\"en-US\"}]}<\/script>\n<!-- \/ Yoast SEO plugin. -->","yoast_head_json":{"title":"SATT Success Stories - R\u00e9seau SATT","robots":{"index":"index","follow":"follow","max-snippet":"max-snippet:-1","max-image-preview":"max-image-preview:large","max-video-preview":"max-video-preview:-1"},"canonical":"https:\/\/www.satt.fr\/en\/success-stories\/","schema":{"@context":"https:\/\/schema.org","@graph":[{"@type":"WebPage","@id":"https:\/\/www.satt.fr\/en\/success-stories\/","url":"https:\/\/www.satt.fr\/en\/success-stories\/","name":"SATT Success Stories - R\u00e9seau SATT","isPartOf":{"@id":"https:\/\/www.satt.fr\/en\/#website"},"datePublished":"2017-09-04T14:57:35+00:00","dateModified":"2017-11-09T15:59:39+00:00","breadcrumb":{"@id":"https:\/\/www.satt.fr\/en\/success-stories\/#breadcrumb"},"inLanguage":"en-US","potentialAction":[{"@type":"ReadAction","target":["https:\/\/www.satt.fr\/en\/success-stories\/"]}]},{"@type":"BreadcrumbList","@id":"https:\/\/www.satt.fr\/en\/success-stories\/#breadcrumb","itemListElement":[{"@type":"ListItem","position":1,"name":"Accueil","item":"https:\/\/www.satt.fr\/en\/"},{"@type":"ListItem","position":2,"name":"SATT Success Stories"}]},{"@type":"WebSite","@id":"https:\/\/www.satt.fr\/en\/#website","url":"https:\/\/www.satt.fr\/en\/","name":"R\u00e9seau SATT","description":"Les Soci\u00e9t\u00e9s d&#039;Acc\u00e9l\u00e9ration du Transfert de Technologies","potentialAction":[{"@type":"SearchAction","target":{"@type":"EntryPoint","urlTemplate":"https:\/\/www.satt.fr\/en\/?s={search_term_string}"},"query-input":{"@type":"PropertyValueSpecification","valueRequired":true,"valueName":"search_term_string"}}],"inLanguage":"en-US"}]}},"_links":{"self":[{"href":"https:\/\/www.satt.fr\/en\/wp-json\/wp\/v2\/pages\/5707","targetHints":{"allow":["GET"]}}],"collection":[{"href":"https:\/\/www.satt.fr\/en\/wp-json\/wp\/v2\/pages"}],"about":[{"href":"https:\/\/www.satt.fr\/en\/wp-json\/wp\/v2\/types\/page"}],"author":[{"embeddable":true,"href":"https:\/\/www.satt.fr\/en\/wp-json\/wp\/v2\/users\/2"}],"replies":[{"embeddable":true,"href":"https:\/\/www.satt.fr\/en\/wp-json\/wp\/v2\/comments?post=5707"}],"version-history":[{"count":3,"href":"https:\/\/www.satt.fr\/en\/wp-json\/wp\/v2\/pages\/5707\/revisions"}],"predecessor-version":[{"id":5732,"href":"https:\/\/www.satt.fr\/en\/wp-json\/wp\/v2\/pages\/5707\/revisions\/5732"}],"wp:attachment":[{"href":"https:\/\/www.satt.fr\/en\/wp-json\/wp\/v2\/media?parent=5707"}],"curies":[{"name":"wp","href":"https:\/\/api.w.org\/{rel}","templated":true}]}}