{"id":5709,"date":"2017-08-21T16:43:02","date_gmt":"2017-08-21T14:43:02","guid":{"rendered":"http:\/\/www.satt.fr\/?page_id=5709"},"modified":"2022-08-02T09:47:29","modified_gmt":"2022-08-02T07:47:29","slug":"legal-notices","status":"publish","type":"page","link":"https:\/\/www.satt.fr\/en\/legal-notices\/","title":{"rendered":"LEGAL INFORMATION"},"content":{"rendered":"<p>\u00a9 2014 ASSOCIATION DES SATT. Tous droits r\u00e9serv\u00e9s. Ce site est sous la juridiction de la loi fran\u00e7aise, le copyright international et la protection de la propri\u00e9t\u00e9 intellectuelle. Toute reproduction, utilisation ou alt\u00e9ration de tout ou partie des contenus de ce site sont interdites. Malgr\u00e9 le soin apport\u00e9 au traitement des informations, l\u2019Association\u00a0des SATT d\u00e9cline toute responsabilit\u00e9 concernant les erreurs ou omissions portant sur les informations diffus\u00e9es le site. En particulier, les informations contenues sur le site ne sont communiqu\u00e9es qu\u2019\u00e0 titre purement informatif et ne sauraient \u00eatre consid\u00e9r\u00e9s comme une consultation, un d\u00e9marchage ou une offre de services. L\u2019Association\u00a0des SATT ne peut \u00eatre tenue responsable de l\u2019interpr\u00e9tation des informations contenues dans le site, ni des cons\u00e9quences de leur utilisation. Toute utilisation quelle qu\u2019elle soit des signes distinctifs de l\u2019Association est interdite sans l\u2019autorisation express de l\u2019Association des SATT.<\/p>\n<h2>Liens sortants<\/h2>\n<p>Le site SATT.FR contient des liens hypertextes permettant l\u2019acc\u00e8s \u00e0 des sites qui ne sont pas \u00e9dit\u00e9s par l\u2019association. En cons\u00e9quence, l\u2019association des SATT d\u00e9cline toute responsabilit\u00e9 quant au contenu des sites, de tout \u00e9l\u00e9ment ou services pr\u00e9sent\u00e9s sur ces sites et auxquels vous avez ainsi l\u2019acc\u00e8s.<\/p>\n<h2>Informations Soci\u00e9t\u00e9<\/h2>\n<p>D\u00e9nomination sociale : Association des SATT. Association \u00e0 but non lucratif r\u00e9gie par la Loi du 1er juillet 1901. Si\u00e8ge social : c\/o SATT Ouest Valorisation, 14C Rue du Patis Tatelin, 35700 Rennes Adresse postale : c\/o SATT Ouest Valorisation, 14C Rue du Patis Tatelin, 35700 Rennes SIRET : 804 369 304 000 14 Code APE : 9499Z<\/p>\n<h2>Cr\u00e9dits<\/h2>\n<p>Directeur de la publication : Laurent Baly ,Pr\u00e9sident. Production et direction \u00e9ditoriale : R\u00e9mi Lefebvre, Charg\u00e9 de Communication. Conception : <a href=\"https:\/\/www.akawam.com\">Akawam<\/a> Design : 3EME AILE.\u00a0H\u00e9bergement :\u00a0OVH SAS au capital de 10 000 000 \u20ac RCS Roubaix \u2013 Tourcoing 424 761 419 00045 Code APE 6202A N\u00b0 TVA : FR 22 424 761 419 Si\u00e8ge social : 2 rue Kellermann &#8211; 59100 Roubaix &#8211; France.\u00a0Photos :\u00a0Shutterstock<\/p>\n<h2>Google Analytics<\/h2>\n<p>L\u2019association\u00a0des SATT utilise le service Google Analytics pour analyser la fr\u00e9quentation du site www.satt.fr. Google, Inc. exige que nous affichions la note suivante \u00e0 l\u2019intention de tous les visiteurs du site. Ce site Internet utilise Google Analytics, un outil statistique fourni par Google, Inc. (\u00ab Google \u00bb). Google Analytics utilise des \u00ab cookies \u00bb, des fichiers texte plac\u00e9s sur votre ordinateur, pour aider \u00e0 analyser le trafic des visiteurs sur le site. Les informations g\u00e9n\u00e9r\u00e9es par les cookies \u00e0 propos de votre visite du site (incluant votre adresse IP) seront transmises \u00e0 Google et stock\u00e9es par Google sur ses serveurs aux Etats-Unis. Google utilisera cette information dans le but d\u2019\u00e9valuer votre usage du site, compiler des rapports d\u2019activit\u00e9 du site pour ses administrateurs et procurer d\u2019autres services quant \u00e0 l\u2019activit\u00e9 du site et l\u2019utilisation d\u2019Internet. Google peut \u00e9galement transf\u00e9rer cette information \u00e0 des tiers quand requis par la loi ou quand ces tiers traitent l\u2019information pour le compte de Google. Google n\u2019associera pas votre adresse IP avec aucune autre donn\u00e9e d\u00e9tenue par Google. Vous pouvez refuser l\u2019utilisation des cookies en s\u00e9lectionnant les param\u00e8tres appropri\u00e9s de votre navigateur ; cependant, notez que, ce faisant, vous puissiez ne plus \u00eatre capable d\u2019acc\u00e9der \u00e0 l\u2019int\u00e9gralit\u00e9 des fonctions du site. En visitant ce site, vous consentez au traitement de donn\u00e9es vous concernant par Google de la fa\u00e7on et dans les buts d\u00e9crits ci-dessus.<\/p>\n<h2>Questions<\/h2>\n<p>Si vous avez des questions \u00e0 propos des mentions l\u00e9gales de ce site, nous vous invitons \u00e0 nous contacter :\u00a0remi.lefebvre@satt.fr<\/p>\n<h2>Liens sortants<\/h2>\n<p>Le site SATT.FR contient des liens hypertextes permettant l\u2019acc\u00e8s \u00e0 des sites qui ne sont pas \u00e9dit\u00e9s par l\u2019association. En cons\u00e9quence, l\u2019association des SATT d\u00e9cline toute responsabilit\u00e9 quant au contenu des sites, de tout \u00e9l\u00e9ment ou services pr\u00e9sent\u00e9s sur ces sites et auxquels vous avez ainsi l\u2019acc\u00e8s. Informations Soci\u00e9t\u00e9 : D\u00e9nomination sociale : Association des SATT. Association \u00e0 but non lucratif r\u00e9gie par la Loi du 1er juillet 1901. Si\u00e8ge social : c\/o SATT Ouest Valorisation, 14C Rue du Patis Tatelin, 35700 Rennes Adresse postale : c\/o SATT Ouest Valorisation, 14C Rue du Patis Tatelin, 35700 Rennes SIRET : 804 369 304 000 14 Code APE : 9499Z<\/p>\n","protected":false},"excerpt":{"rendered":"<p>\u00a9 2014 ASSOCIATION DES SATT. Tous droits r\u00e9serv\u00e9s. Ce site est sous la juridiction de la loi fran\u00e7aise, le copyright international et la protection de la propri\u00e9t\u00e9 intellectuelle. Toute reproduction, utilisation ou alt\u00e9ration de tout ou partie des contenus de ce site sont interdites. Malgr\u00e9 le soin apport\u00e9 au traitement des informations, l\u2019Association\u00a0des SATT d\u00e9cline [&hellip;]<\/p>\n","protected":false},"author":2,"featured_media":0,"parent":0,"menu_order":0,"comment_status":"closed","ping_status":"closed","template":"","meta":{"_acf_changed":false,"footnotes":""},"class_list":["post-5709","page","type-page","status-publish","hentry"],"acf":[],"yoast_head":"<!-- This site is optimized with the Yoast SEO plugin v27.4 - https:\/\/yoast.com\/product\/yoast-seo-wordpress\/ -->\n<title>LEGAL INFORMATION - R\u00e9seau SATT<\/title>\n<meta name=\"robots\" content=\"noindex, nofollow\" \/>\n<meta name=\"twitter:label1\" content=\"Est. reading time\" \/>\n\t<meta name=\"twitter:data1\" content=\"4 minutes\" \/>\n<script type=\"application\/ld+json\" class=\"yoast-schema-graph\">{\"@context\":\"https:\\\/\\\/schema.org\",\"@graph\":[{\"@type\":\"WebPage\",\"@id\":\"https:\\\/\\\/www.satt.fr\\\/en\\\/legal-notices\\\/\",\"url\":\"https:\\\/\\\/www.satt.fr\\\/en\\\/legal-notices\\\/\",\"name\":\"LEGAL INFORMATION - R\u00e9seau SATT\",\"isPartOf\":{\"@id\":\"https:\\\/\\\/www.satt.fr\\\/en\\\/#website\"},\"datePublished\":\"2017-08-21T14:43:02+00:00\",\"dateModified\":\"2022-08-02T07:47:29+00:00\",\"breadcrumb\":{\"@id\":\"https:\\\/\\\/www.satt.fr\\\/en\\\/legal-notices\\\/#breadcrumb\"},\"inLanguage\":\"en-US\",\"potentialAction\":[{\"@type\":\"ReadAction\",\"target\":[\"https:\\\/\\\/www.satt.fr\\\/en\\\/legal-notices\\\/\"]}]},{\"@type\":\"BreadcrumbList\",\"@id\":\"https:\\\/\\\/www.satt.fr\\\/en\\\/legal-notices\\\/#breadcrumb\",\"itemListElement\":[{\"@type\":\"ListItem\",\"position\":1,\"name\":\"Accueil\",\"item\":\"https:\\\/\\\/www.satt.fr\\\/en\\\/\"},{\"@type\":\"ListItem\",\"position\":2,\"name\":\"LEGAL INFORMATION\"}]},{\"@type\":\"WebSite\",\"@id\":\"https:\\\/\\\/www.satt.fr\\\/en\\\/#website\",\"url\":\"https:\\\/\\\/www.satt.fr\\\/en\\\/\",\"name\":\"R\u00e9seau SATT\",\"description\":\"Les Soci\u00e9t\u00e9s d&#039;Acc\u00e9l\u00e9ration du Transfert de Technologies\",\"potentialAction\":[{\"@type\":\"SearchAction\",\"target\":{\"@type\":\"EntryPoint\",\"urlTemplate\":\"https:\\\/\\\/www.satt.fr\\\/en\\\/?s={search_term_string}\"},\"query-input\":{\"@type\":\"PropertyValueSpecification\",\"valueRequired\":true,\"valueName\":\"search_term_string\"}}],\"inLanguage\":\"en-US\"}]}<\/script>\n<!-- \/ Yoast SEO plugin. -->","yoast_head_json":{"title":"LEGAL INFORMATION - R\u00e9seau SATT","robots":{"index":"noindex","follow":"nofollow"},"twitter_misc":{"Est. reading time":"4 minutes"},"schema":{"@context":"https:\/\/schema.org","@graph":[{"@type":"WebPage","@id":"https:\/\/www.satt.fr\/en\/legal-notices\/","url":"https:\/\/www.satt.fr\/en\/legal-notices\/","name":"LEGAL INFORMATION - R\u00e9seau SATT","isPartOf":{"@id":"https:\/\/www.satt.fr\/en\/#website"},"datePublished":"2017-08-21T14:43:02+00:00","dateModified":"2022-08-02T07:47:29+00:00","breadcrumb":{"@id":"https:\/\/www.satt.fr\/en\/legal-notices\/#breadcrumb"},"inLanguage":"en-US","potentialAction":[{"@type":"ReadAction","target":["https:\/\/www.satt.fr\/en\/legal-notices\/"]}]},{"@type":"BreadcrumbList","@id":"https:\/\/www.satt.fr\/en\/legal-notices\/#breadcrumb","itemListElement":[{"@type":"ListItem","position":1,"name":"Accueil","item":"https:\/\/www.satt.fr\/en\/"},{"@type":"ListItem","position":2,"name":"LEGAL INFORMATION"}]},{"@type":"WebSite","@id":"https:\/\/www.satt.fr\/en\/#website","url":"https:\/\/www.satt.fr\/en\/","name":"R\u00e9seau SATT","description":"Les Soci\u00e9t\u00e9s d&#039;Acc\u00e9l\u00e9ration du Transfert de Technologies","potentialAction":[{"@type":"SearchAction","target":{"@type":"EntryPoint","urlTemplate":"https:\/\/www.satt.fr\/en\/?s={search_term_string}"},"query-input":{"@type":"PropertyValueSpecification","valueRequired":true,"valueName":"search_term_string"}}],"inLanguage":"en-US"}]}},"_links":{"self":[{"href":"https:\/\/www.satt.fr\/en\/wp-json\/wp\/v2\/pages\/5709","targetHints":{"allow":["GET"]}}],"collection":[{"href":"https:\/\/www.satt.fr\/en\/wp-json\/wp\/v2\/pages"}],"about":[{"href":"https:\/\/www.satt.fr\/en\/wp-json\/wp\/v2\/types\/page"}],"author":[{"embeddable":true,"href":"https:\/\/www.satt.fr\/en\/wp-json\/wp\/v2\/users\/2"}],"replies":[{"embeddable":true,"href":"https:\/\/www.satt.fr\/en\/wp-json\/wp\/v2\/comments?post=5709"}],"version-history":[{"count":5,"href":"https:\/\/www.satt.fr\/en\/wp-json\/wp\/v2\/pages\/5709\/revisions"}],"predecessor-version":[{"id":32628,"href":"https:\/\/www.satt.fr\/en\/wp-json\/wp\/v2\/pages\/5709\/revisions\/32628"}],"wp:attachment":[{"href":"https:\/\/www.satt.fr\/en\/wp-json\/wp\/v2\/media?parent=5709"}],"curies":[{"name":"wp","href":"https:\/\/api.w.org\/{rel}","templated":true}]}}